{"id":1725,"date":"2024-01-16T14:29:56","date_gmt":"2024-01-16T13:29:56","guid":{"rendered":"https:\/\/nstgruppen.no\/?page_id=1725"},"modified":"2024-01-16T15:23:39","modified_gmt":"2024-01-16T14:23:39","slug":"jubilanter","status":"publish","type":"page","link":"https:\/\/nstgruppen.no\/lt\/jubilanter\/","title":{"rendered":"JUBILIATAI"},"content":{"rendered":"<section class=\"l-section wpb_row us_custom_dd83e7c2 height_auto\"><div class=\"l-section-h i-cf\"><div class=\"g-cols vc_row via_grid cols_2 laptops-cols_inherit tablets-cols_inherit mobiles-cols_1 valign_middle type_default stacking_default\" style=\"--columns-gap:0px;\"><div class=\"wpb_column vc_column_container\"><div class=\"vc_column-inner\">[vc_custom_heading source=&#8221;post_title&#8221; font_container=&#8221;tag:h3|text_align:left&#8221; use_theme_fonts=&#8221;yes&#8221;]<\/div><\/div><div class=\"wpb_column vc_column_container\"><div class=\"vc_column-inner\"><div class=\"w-hwrapper us_custom_66a436fb valign_stretch default_align_left laptops_align_left tablets_align_left mobiles_align_right\"><nav class=\"g-breadcrumbs us_custom_481f6ca8 inliner separator_icon align_none\" itemscope itemtype=\"http:\/\/schema.org\/BreadcrumbList\"><div class=\"g-breadcrumbs-item\" itemscope itemprop=\"itemListElement\" itemtype=\"http:\/\/schema.org\/ListItem\"><a itemprop=\"item\" href=\"https:\/\/nstgruppen.no\/lt\/\"><span itemprop=\"name\">Prad\u017eia<\/span><\/a><meta itemprop=\"position\" content=\"1\"\/><\/div><div class=\"g-breadcrumbs-separator\"><i class=\"far fa-angle-right\"><\/i><\/div><div class=\"g-breadcrumbs-item\">Puslapiai<\/div><\/nav><\/div><\/div><\/div><\/div><\/div><\/section><section class=\"l-section wpb_row height_medium\"><div class=\"l-section-h i-cf\"><div class=\"g-cols vc_row via_grid cols_1-2-1 laptops-cols_inherit tablets-cols_inherit mobiles-cols_1 valign_top type_default stacking_default\"><div class=\"wpb_column vc_column_container\"><div class=\"vc_column-inner\"><div class=\"w-image align_none\"><div class=\"w-image-h\"><img decoding=\"async\" width=\"300\" height=\"300\" src=\"https:\/\/nstgruppen.no\/wp-content\/uploads\/2024\/01\/Jolita-Maknickiene3-300x300-1.jpg\" class=\"attachment-full size-full\" alt=\"\" loading=\"lazy\" srcset=\"https:\/\/nstgruppen.no\/wp-content\/uploads\/2024\/01\/Jolita-Maknickiene3-300x300-1.jpg 300w, https:\/\/nstgruppen.no\/wp-content\/uploads\/2024\/01\/Jolita-Maknickiene3-300x300-1-150x150.jpg 150w\" sizes=\"auto, (max-width: 300px) 100vw, 300px\" \/><\/div><\/div><\/div><\/div><div class=\"wpb_column vc_column_container\"><div class=\"vc_column-inner\"><div class=\"wpb_text_column\"><div class=\"wpb_wrapper\"><p><strong>Jolita Maknickien\u0117: 10 met\u0173 NST grup\u0117je (2023 m.)<\/strong><br \/>\nJolita \u201eNST Baltija\u201c pradeda de\u0161imtus metus. Ji dirba nuo 2009 m., ta\u010diau i\u0161 viso tur\u0117jo 4 metus n\u0117\u0161tumo ir gimdymo atostog\u0173, tod\u0117l 10 met\u0173 NST grup\u0117je nebaig\u0117 iki 2023 m.<\/p>\n<\/div><\/div><\/div><\/div><div class=\"wpb_column vc_column_container\"><div class=\"vc_column-inner\"><\/div><\/div><\/div><\/div><\/section><section class=\"l-section wpb_row height_medium\"><div class=\"l-section-h i-cf\"><div class=\"g-cols vc_row via_grid cols_1-2-1 laptops-cols_inherit tablets-cols_inherit mobiles-cols_1 valign_top type_default stacking_default\"><div class=\"wpb_column vc_column_container\"><div class=\"vc_column-inner\"><div class=\"w-image align_none\"><div class=\"w-image-h\"><img decoding=\"async\" width=\"300\" height=\"286\" src=\"https:\/\/nstgruppen.no\/wp-content\/uploads\/2024\/01\/FOTO-Raimondas-Gecas-300x286-1.jpg\" class=\"attachment-full size-full\" alt=\"\" loading=\"lazy\" \/><\/div><\/div><\/div><\/div><div class=\"wpb_column vc_column_container\"><div class=\"vc_column-inner\"><div class=\"wpb_text_column\"><div class=\"wpb_wrapper\"><p><strong>Raimondas Ge\u010das: 5 metai NST Gruppen (2023 m.)<\/strong><br \/>\nRaimondas NST Byggservice tapytoju dirba jau 5 metus, 2023 m.<\/p>\n<\/div><\/div><\/div><\/div><div class=\"wpb_column vc_column_container\"><div class=\"vc_column-inner\"><\/div><\/div><\/div><\/div><\/section><section class=\"l-section wpb_row height_medium\"><div class=\"l-section-h i-cf\"><div class=\"g-cols vc_row via_grid cols_1-2-1 laptops-cols_inherit tablets-cols_inherit mobiles-cols_1 valign_top type_default stacking_default\"><div class=\"wpb_column vc_column_container\"><div class=\"vc_column-inner\"><div class=\"w-image align_none\"><div class=\"w-image-h\"><img decoding=\"async\" width=\"300\" height=\"300\" src=\"https:\/\/nstgruppen.no\/wp-content\/uploads\/2024\/01\/Bilde-Renaldas-300x300-1.jpg\" class=\"attachment-full size-full\" alt=\"\" loading=\"lazy\" srcset=\"https:\/\/nstgruppen.no\/wp-content\/uploads\/2024\/01\/Bilde-Renaldas-300x300-1.jpg 300w, https:\/\/nstgruppen.no\/wp-content\/uploads\/2024\/01\/Bilde-Renaldas-300x300-1-150x150.jpg 150w\" sizes=\"auto, (max-width: 300px) 100vw, 300px\" \/><\/div><\/div><\/div><\/div><div class=\"wpb_column vc_column_container\"><div class=\"vc_column-inner\"><div class=\"wpb_text_column\"><div class=\"wpb_wrapper\"><p><strong>Renaldas Sajenko: 10 met\u0173 \u012fmon\u0117je <em>NST Group<br \/>\n<\/em><\/strong>Da\u017eytojas Renaldas Sajenko yra vienas i\u0161 t\u0173, kurie jau de\u0161imtmet\u012f\u00a0 darbuojasi \u012fmon\u0117je\u00a0 <em>NST Group.\u00a0\u00a0<\/em>Jis sako, kad<em>\u00a0<\/em>pozityvioje\u00a0darbo aplinkoje de\u0161imt met\u0173 prab\u0117go kaip viena diena.\u00a0 Renaldas\u00a0d\u017eiaugiasi, kad per \u0161\u012f laikotarp\u012f teko \u012fgyvendinti daug \u012fdomi\u0173 projekt\u0173 ir giria savo kolegas, su kuriais visuomet smagu bendradarbiauti\u00a0 ir siekti ger\u0173 rezultat\u0173.<\/p>\n<\/div><\/div><\/div><\/div><div class=\"wpb_column vc_column_container\"><div class=\"vc_column-inner\"><\/div><\/div><\/div><\/div><\/section><section class=\"l-section wpb_row height_medium\"><div class=\"l-section-h i-cf\"><div class=\"g-cols vc_row via_grid cols_1-2-1 laptops-cols_inherit tablets-cols_inherit mobiles-cols_1 valign_top type_default stacking_default\"><div class=\"wpb_column vc_column_container\"><div class=\"vc_column-inner\"><div class=\"w-image align_none\"><div class=\"w-image-h\"><img decoding=\"async\" width=\"300\" height=\"300\" src=\"https:\/\/nstgruppen.no\/wp-content\/uploads\/2024\/01\/Jovita-300x300-1.png\" class=\"attachment-full size-full\" alt=\"\" loading=\"lazy\" srcset=\"https:\/\/nstgruppen.no\/wp-content\/uploads\/2024\/01\/Jovita-300x300-1.png 300w, https:\/\/nstgruppen.no\/wp-content\/uploads\/2024\/01\/Jovita-300x300-1-150x150.png 150w\" sizes=\"auto, (max-width: 300px) 100vw, 300px\" \/><\/div><\/div><\/div><\/div><div class=\"wpb_column vc_column_container\"><div class=\"vc_column-inner\"><div class=\"wpb_text_column\"><div class=\"wpb_wrapper\"><p><strong>Jovita Damulyt\u0117-Gedvil\u0117: 10 met\u0173 \u201eNST Gruppen\u201c (2023 m.)<\/strong><br \/>\nJovita, m\u016bs\u0173 NST Renhold administracijos vadov\u0117 ir operacij\u0173 vadov\u0117, NST grup\u0117je dirba 10 met\u0173.<\/p>\n<\/div><\/div><\/div><\/div><div class=\"wpb_column vc_column_container\"><div class=\"vc_column-inner\"><\/div><\/div><\/div><\/div><\/section><section class=\"l-section wpb_row height_medium\"><div class=\"l-section-h i-cf\"><div class=\"g-cols vc_row via_grid cols_1-2-1 laptops-cols_inherit tablets-cols_inherit mobiles-cols_1 valign_top type_default stacking_default\"><div class=\"wpb_column vc_column_container\"><div class=\"vc_column-inner\"><div class=\"w-image align_none\"><div class=\"w-image-h\"><img decoding=\"async\" width=\"300\" height=\"300\" src=\"https:\/\/nstgruppen.no\/wp-content\/uploads\/2024\/01\/Irina_Fotor-300x300-1.jpg\" class=\"attachment-full size-full\" alt=\"\" loading=\"lazy\" srcset=\"https:\/\/nstgruppen.no\/wp-content\/uploads\/2024\/01\/Irina_Fotor-300x300-1.jpg 300w, https:\/\/nstgruppen.no\/wp-content\/uploads\/2024\/01\/Irina_Fotor-300x300-1-150x150.jpg 150w\" sizes=\"auto, (max-width: 300px) 100vw, 300px\" \/><\/div><\/div><\/div><\/div><div class=\"wpb_column vc_column_container\"><div class=\"vc_column-inner\"><div class=\"wpb_text_column\"><div class=\"wpb_wrapper\"><p><strong>Irina Solheim: 10 met\u0173 \u012fmon\u0117je <em>NST Group<\/em> (2017)\u00a0<\/strong><br \/>\n2017 m. baland\u017eio 2 d. sukako 10 met\u0173, kai projekt\u0173 vadov\u0117 Irina Solheim dirba \u012fmon\u0117je <em>NST Group<\/em>. \u0160is jubiliejus buvo at\u0161v\u0119stas su tortu ir balionais biure ir prat\u0119stas restorane <em>Lothes Mat &amp; Vinhus<\/em>, Haugesundo centre.<\/p>\n<\/div><\/div><\/div><\/div><div class=\"wpb_column vc_column_container\"><div class=\"vc_column-inner\"><\/div><\/div><\/div><\/div><\/section><section class=\"l-section wpb_row height_medium\"><div class=\"l-section-h i-cf\"><div class=\"g-cols vc_row via_grid cols_1-2-1 laptops-cols_inherit tablets-cols_inherit mobiles-cols_1 valign_top type_default stacking_default\"><div class=\"wpb_column vc_column_container\"><div class=\"vc_column-inner\"><div class=\"w-image align_none\"><div class=\"w-image-h\"><img decoding=\"async\" width=\"300\" height=\"225\" src=\"https:\/\/nstgruppen.no\/wp-content\/uploads\/2024\/01\/Sandra-5-ar-300x225-1.jpg\" class=\"attachment-full size-full\" alt=\"\" loading=\"lazy\" \/><\/div><\/div><\/div><\/div><div class=\"wpb_column vc_column_container\"><div class=\"vc_column-inner\"><div class=\"wpb_text_column\"><div class=\"wpb_wrapper\"><p><strong>Sandra Kurilait\u0117: 5 metai \u012fmon\u0117je <em>NST Group<br \/>\n<\/em><\/strong>Sandra Kurilait\u0117 jau penkerius metus i\u0161dirbo \u012fmon\u0117je <em>NST Group<\/em>. \u201dMan patinka \u010dia dirbti, nes turiu gerus vadovus ir \u0161aunius kolegas. Duodu <em>NST Group<\/em> 10 bal\u0173!\u201c \u2013 sako Sandra..<\/p>\n<\/div><\/div><\/div><\/div><div class=\"wpb_column vc_column_container\"><div class=\"vc_column-inner\"><\/div><\/div><\/div><\/div><\/section><section class=\"l-section wpb_row height_medium\"><div class=\"l-section-h i-cf\"><div class=\"g-cols vc_row via_grid cols_1-2-1 laptops-cols_inherit tablets-cols_inherit mobiles-cols_1 valign_top type_default stacking_default\"><div class=\"wpb_column vc_column_container\"><div class=\"vc_column-inner\"><div class=\"w-image align_none\"><div class=\"w-image-h\"><img decoding=\"async\" width=\"300\" height=\"300\" src=\"https:\/\/nstgruppen.no\/wp-content\/uploads\/2024\/01\/Dalia-12_Fotor-300x300-1.jpg\" class=\"attachment-full size-full\" alt=\"\" loading=\"lazy\" srcset=\"https:\/\/nstgruppen.no\/wp-content\/uploads\/2024\/01\/Dalia-12_Fotor-300x300-1.jpg 300w, https:\/\/nstgruppen.no\/wp-content\/uploads\/2024\/01\/Dalia-12_Fotor-300x300-1-150x150.jpg 150w\" sizes=\"auto, (max-width: 300px) 100vw, 300px\" \/><\/div><\/div><\/div><\/div><div class=\"wpb_column vc_column_container\"><div class=\"vc_column-inner\"><div class=\"wpb_text_column\"><div class=\"wpb_wrapper\"><p><strong>Dalia Mickuniene: 10 met\u0173 \u012fmon\u0117je <em>NST Group<\/em> ( 2016)<br \/>\n<\/strong><em>NST Baltija<\/em> direktor\u0117 Dalia Mick\u016bnien\u0117 jau pradeda skai\u010diuoti vienuoliktuosius savo darbo metus \u012fmon\u0117je <em>NST Group<\/em>. \u201d\u0160ioje \u012fmon\u0117je a\u0161 turiu visas profesinio augimo ir tobul\u0117jimo galimybes ir s\u0105lygas imtis nauj\u0173 u\u017eduo\u010di\u0173 tokiose srityse kaip personalo ir projekt\u0173 valdymas, pardavimai ir kt. \u00a0Ypa\u010d motyvuoja tai, kad ne tik galiu \u012fgyvendinti savo siekius ir id\u0117jas, bet ir sulaukiu palaikymo, padr\u0105sinimo ir visokiariopos vadov\u0173 pagalbos. \u012emon\u0117je <em>NST<\/em> Group a\u0161 jau\u010diuosi saugi, reikalinga ir \u012fvertinta\u201c, \u2013 sako Dalia.<\/p>\n<\/div><\/div><\/div><\/div><div class=\"wpb_column vc_column_container\"><div class=\"vc_column-inner\"><\/div><\/div><\/div><\/div><\/section><section class=\"l-section wpb_row height_medium\"><div class=\"l-section-h i-cf\"><div class=\"g-cols vc_row via_grid cols_1-2-1 laptops-cols_inherit tablets-cols_inherit mobiles-cols_1 valign_top type_default stacking_default\"><div class=\"wpb_column vc_column_container\"><div class=\"vc_column-inner\"><div class=\"w-image align_none\"><div class=\"w-image-h\"><img decoding=\"async\" width=\"300\" height=\"300\" src=\"https:\/\/nstgruppen.no\/wp-content\/uploads\/2024\/01\/Irena1_Fotor-300x300-1.jpg\" class=\"attachment-full size-full\" alt=\"\" loading=\"lazy\" srcset=\"https:\/\/nstgruppen.no\/wp-content\/uploads\/2024\/01\/Irena1_Fotor-300x300-1.jpg 300w, https:\/\/nstgruppen.no\/wp-content\/uploads\/2024\/01\/Irena1_Fotor-300x300-1-150x150.jpg 150w\" sizes=\"auto, (max-width: 300px) 100vw, 300px\" \/><\/div><\/div><\/div><\/div><div class=\"wpb_column vc_column_container\"><div class=\"vc_column-inner\"><div class=\"wpb_text_column\"><div class=\"wpb_wrapper\"><p><strong>Irena Dara\u0161kevi\u010d: 10 met\u0173 NST grup\u0117je (2021 m.)<\/strong><br \/>\nIrena 2021 met\u0173 rugs\u0117j\u012f 10 met\u0173 dirbo buhaltere NST Accounting.<\/p>\n<\/div><\/div><\/div><\/div><div class=\"wpb_column vc_column_container\"><div class=\"vc_column-inner\"><\/div><\/div><\/div><\/div><\/section><section class=\"l-section wpb_row height_medium\"><div class=\"l-section-h i-cf\"><div class=\"g-cols vc_row via_grid cols_1-2-1 laptops-cols_inherit tablets-cols_inherit mobiles-cols_1 valign_top type_default stacking_default\"><div class=\"wpb_column vc_column_container\"><div class=\"vc_column-inner\"><div class=\"w-image align_none\"><div class=\"w-image-h\"><img decoding=\"async\" width=\"300\" height=\"300\" src=\"https:\/\/nstgruppen.no\/wp-content\/uploads\/2024\/01\/Ija-new_Fotor-300x300-1.jpg\" class=\"attachment-full size-full\" alt=\"\" loading=\"lazy\" srcset=\"https:\/\/nstgruppen.no\/wp-content\/uploads\/2024\/01\/Ija-new_Fotor-300x300-1.jpg 300w, https:\/\/nstgruppen.no\/wp-content\/uploads\/2024\/01\/Ija-new_Fotor-300x300-1-150x150.jpg 150w\" sizes=\"auto, (max-width: 300px) 100vw, 300px\" \/><\/div><\/div><\/div><\/div><div class=\"wpb_column vc_column_container\"><div class=\"vc_column-inner\"><div class=\"wpb_text_column\"><div class=\"wpb_wrapper\"><p><strong>Ija Sobieska: 10 \u00e5r i NST Gruppen (i 2020)<\/strong><br \/>\nIja g\u00e5r inn i sitt tiende \u00e5r i NST Baltija. Hun jobber p\u00e5 kontoret v\u00e5rt i Litauen som salgssjef.<br \/>\nIja har v\u00e6rt ansatt siden 2008, men har hatt to \u00e5r svangerskapspermisjon og det ble derfor ikke 10 \u00e5r i NST Gruppen f\u00f8r i 2020.<\/p>\n<\/div><\/div><\/div><\/div><div class=\"wpb_column vc_column_container\"><div class=\"vc_column-inner\"><\/div><\/div><\/div><\/div><\/section><section class=\"l-section wpb_row height_medium\"><div class=\"l-section-h i-cf\"><div class=\"g-cols vc_row via_grid cols_1-2-1 laptops-cols_inherit tablets-cols_inherit mobiles-cols_1 valign_top type_default stacking_default\"><div class=\"wpb_column vc_column_container\"><div class=\"vc_column-inner\"><div class=\"w-image align_none\"><div class=\"w-image-h\"><img decoding=\"async\" width=\"300\" height=\"300\" src=\"https:\/\/nstgruppen.no\/wp-content\/uploads\/2024\/01\/LIna-300x300-1.jpg\" class=\"attachment-full size-full\" alt=\"\" loading=\"lazy\" srcset=\"https:\/\/nstgruppen.no\/wp-content\/uploads\/2024\/01\/LIna-300x300-1.jpg 300w, https:\/\/nstgruppen.no\/wp-content\/uploads\/2024\/01\/LIna-300x300-1-150x150.jpg 150w\" sizes=\"auto, (max-width: 300px) 100vw, 300px\" \/><\/div><\/div><\/div><\/div><div class=\"wpb_column vc_column_container\"><div class=\"vc_column-inner\"><div class=\"wpb_text_column\"><div class=\"wpb_wrapper\"><p><strong>Lina Bileleckien\u0117: 5 metai NST grup\u0117je (2020 m.)<\/strong><br \/>\nLina NST Renhold dirbo 5 metus, 2020 m.<\/p>\n<\/div><\/div><\/div><\/div><div class=\"wpb_column vc_column_container\"><div class=\"vc_column-inner\"><\/div><\/div><\/div><\/div><\/section><section class=\"l-section wpb_row height_medium\"><div class=\"l-section-h i-cf\"><div class=\"g-cols vc_row via_grid cols_1-2-1 laptops-cols_inherit tablets-cols_inherit mobiles-cols_1 valign_top type_default stacking_default\"><div class=\"wpb_column vc_column_container\"><div class=\"vc_column-inner\"><div class=\"w-image align_none\"><div class=\"w-image-h\"><img decoding=\"async\" width=\"300\" height=\"300\" src=\"https:\/\/nstgruppen.no\/wp-content\/uploads\/2024\/01\/Andrius-300x300-1.jpg\" class=\"attachment-full size-full\" alt=\"\" loading=\"lazy\" srcset=\"https:\/\/nstgruppen.no\/wp-content\/uploads\/2024\/01\/Andrius-300x300-1.jpg 300w, https:\/\/nstgruppen.no\/wp-content\/uploads\/2024\/01\/Andrius-300x300-1-150x150.jpg 150w\" sizes=\"auto, (max-width: 300px) 100vw, 300px\" \/><\/div><\/div><\/div><\/div><div class=\"wpb_column vc_column_container\"><div class=\"vc_column-inner\"><div class=\"wpb_text_column\"><div class=\"wpb_wrapper\"><p><strong>Andrius Ramanauskas: 10 met\u0173 \u201eNST Gruppen\u201c (2020 m.)<\/strong><br \/>\n2020 metais Andrius \u012f\u017eengia \u012f de\u0161imt\u0105 kurs\u0105 NST Byggservice.<\/p>\n<\/div><\/div><\/div><\/div><div class=\"wpb_column vc_column_container\"><div class=\"vc_column-inner\"><\/div><\/div><\/div><\/div><\/section><section class=\"l-section wpb_row height_medium\"><div class=\"l-section-h i-cf\"><div class=\"g-cols vc_row via_grid cols_1-2-1 laptops-cols_inherit tablets-cols_inherit mobiles-cols_1 valign_top type_default stacking_default\"><div class=\"wpb_column vc_column_container\"><div class=\"vc_column-inner\"><div class=\"w-image align_none\"><div class=\"w-image-h\"><img decoding=\"async\" width=\"300\" height=\"292\" src=\"https:\/\/nstgruppen.no\/wp-content\/uploads\/2024\/01\/Bilde-300x292-1.jpg\" class=\"attachment-full size-full\" alt=\"\" loading=\"lazy\" \/><\/div><\/div><\/div><\/div><div class=\"wpb_column vc_column_container\"><div class=\"vc_column-inner\"><div class=\"wpb_text_column\"><div class=\"wpb_wrapper\"><p><strong>\u017dilvinas \u0160vedas: 5 metai \u201eNST Gruppen\u201c (2019 m.)<\/strong><br \/>\nZilvinas Svedas pradeda penktus tapytojo metus NST Byggservice.<\/p>\n<\/div><\/div><\/div><\/div><div class=\"wpb_column vc_column_container\"><div class=\"vc_column-inner\"><\/div><\/div><\/div><\/div><\/section><section class=\"l-section wpb_row height_medium\"><div class=\"l-section-h i-cf\"><div class=\"g-cols vc_row via_grid cols_1-2-1 laptops-cols_inherit tablets-cols_inherit mobiles-cols_1 valign_top type_default stacking_default\"><div class=\"wpb_column vc_column_container\"><div class=\"vc_column-inner\"><div class=\"w-image align_none\"><div class=\"w-image-h\"><img decoding=\"async\" width=\"300\" height=\"300\" src=\"https:\/\/nstgruppen.no\/wp-content\/uploads\/2024\/01\/Vanessa-bilde-2021-002-300x300-1.jpg\" class=\"attachment-full size-full\" alt=\"\" loading=\"lazy\" srcset=\"https:\/\/nstgruppen.no\/wp-content\/uploads\/2024\/01\/Vanessa-bilde-2021-002-300x300-1.jpg 300w, https:\/\/nstgruppen.no\/wp-content\/uploads\/2024\/01\/Vanessa-bilde-2021-002-300x300-1-150x150.jpg 150w\" sizes=\"auto, (max-width: 300px) 100vw, 300px\" \/><\/div><\/div><\/div><\/div><div class=\"wpb_column vc_column_container\"><div class=\"vc_column-inner\"><div class=\"wpb_text_column\"><div class=\"wpb_wrapper\"><p><strong>Vanessa Thorstensen: 10 met\u0173 NST grup\u0117je (2019 m.)<\/strong><br \/>\n2019-aisiais Vanessa \u012fmon\u0117je dirbo de\u0161imtus metus ir vis\u0105 darbo dien\u0105 dirba skai\u010diuotoja.<\/p>\n<\/div><\/div><\/div><\/div><div class=\"wpb_column vc_column_container\"><div class=\"vc_column-inner\"><\/div><\/div><\/div><\/div><\/section><section class=\"l-section wpb_row height_medium\"><div class=\"l-section-h i-cf\"><div class=\"g-cols vc_row via_grid cols_1-2-1 laptops-cols_inherit tablets-cols_inherit mobiles-cols_1 valign_top type_default stacking_default\"><div class=\"wpb_column vc_column_container\"><div class=\"vc_column-inner\"><div class=\"w-image align_none\"><div class=\"w-image-h\"><img decoding=\"async\" width=\"300\" height=\"300\" src=\"https:\/\/nstgruppen.no\/wp-content\/uploads\/2024\/01\/Nathalie-2-300x300-1.png\" class=\"attachment-full size-full\" alt=\"\" loading=\"lazy\" srcset=\"https:\/\/nstgruppen.no\/wp-content\/uploads\/2024\/01\/Nathalie-2-300x300-1.png 300w, https:\/\/nstgruppen.no\/wp-content\/uploads\/2024\/01\/Nathalie-2-300x300-1-150x150.png 150w\" sizes=\"auto, (max-width: 300px) 100vw, 300px\" \/><\/div><\/div><\/div><\/div><div class=\"wpb_column vc_column_container\"><div class=\"vc_column-inner\"><div class=\"wpb_text_column\"><div class=\"wpb_wrapper\"><p><strong>Nathalie Thorstensen: 10 met\u0173 NST grup\u0117je (2018 m.)<\/strong><br \/>\nNathalie prad\u0117jo dirbti asistente \u201eNST Gruppen\u201c 2009 m., o 2018 m. su\u0117jo de\u0161imtieji darbo metai \u0161ioje \u012fmon\u0117je. Tuo pa\u010diu metu ji \u012fgijo ekonomikos magistro laipsn\u012f, o dabar paliko NST ir prad\u0117jo dirbti auditore \u201eDeloitte\u201c Osle.<\/p>\n<\/div><\/div><\/div><\/div><div class=\"wpb_column vc_column_container\"><div class=\"vc_column-inner\"><\/div><\/div><\/div><\/div><\/section>\n","protected":false},"excerpt":{"rendered":"[vc_custom_heading source=\"post_title\" font_container=\"tag:h3|text_align:left\" use_theme_fonts=\"yes\"]Prad\u017eiaPuslapiaiJolita Maknickien\u0117: 10 met\u0173 NST grup\u0117je (2023 m.) Jolita \u201eNST Baltija\u201c pradeda de\u0161imtus metus. Ji dirba nuo 2009 m., ta\u010diau i\u0161 viso tur\u0117jo 4 metus n\u0117\u0161tumo ir gimdymo atostog\u0173, tod\u0117l 10 met\u0173 NST grup\u0117je nebaig\u0117 iki 2023 m. Raimondas Ge\u010das: 5 metai NST Gruppen (2023 m.) Raimondas NST Byggservice tapytoju dirba jau...","protected":false},"author":1,"featured_media":0,"parent":0,"menu_order":0,"comment_status":"closed","ping_status":"closed","template":"","meta":{"footnotes":""},"class_list":["post-1725","page","type-page","status-publish","hentry"],"_links":{"self":[{"href":"https:\/\/nstgruppen.no\/lt\/wp-json\/wp\/v2\/pages\/1725","targetHints":{"allow":["GET"]}}],"collection":[{"href":"https:\/\/nstgruppen.no\/lt\/wp-json\/wp\/v2\/pages"}],"about":[{"href":"https:\/\/nstgruppen.no\/lt\/wp-json\/wp\/v2\/types\/page"}],"author":[{"embeddable":true,"href":"https:\/\/nstgruppen.no\/lt\/wp-json\/wp\/v2\/users\/1"}],"replies":[{"embeddable":true,"href":"https:\/\/nstgruppen.no\/lt\/wp-json\/wp\/v2\/comments?post=1725"}],"version-history":[{"count":3,"href":"https:\/\/nstgruppen.no\/lt\/wp-json\/wp\/v2\/pages\/1725\/revisions"}],"predecessor-version":[{"id":1728,"href":"https:\/\/nstgruppen.no\/lt\/wp-json\/wp\/v2\/pages\/1725\/revisions\/1728"}],"wp:attachment":[{"href":"https:\/\/nstgruppen.no\/lt\/wp-json\/wp\/v2\/media?parent=1725"}],"curies":[{"name":"wp","href":"https:\/\/api.w.org\/{rel}","templated":true}]}}