{"id":1719,"date":"2024-01-16T14:19:57","date_gmt":"2024-01-16T13:19:57","guid":{"rendered":"https:\/\/nstgruppen.no\/bursdager\/"},"modified":"2024-01-16T15:17:07","modified_gmt":"2024-01-16T14:17:07","slug":"bursdager","status":"publish","type":"page","link":"https:\/\/nstgruppen.no\/lt\/bursdager\/","title":{"rendered":"GIMTADIENIAI"},"content":{"rendered":"<section class=\"l-section wpb_row us_custom_dd83e7c2 height_auto\"><div class=\"l-section-h i-cf\"><div class=\"g-cols vc_row via_grid cols_2 laptops-cols_inherit tablets-cols_inherit mobiles-cols_1 valign_middle type_default stacking_default\" style=\"--columns-gap:0px;\"><div class=\"wpb_column vc_column_container\"><div class=\"vc_column-inner\">[vc_custom_heading source=&#8221;post_title&#8221; font_container=&#8221;tag:h3|text_align:left&#8221; use_theme_fonts=&#8221;yes&#8221;]<\/div><\/div><div class=\"wpb_column vc_column_container\"><div class=\"vc_column-inner\"><div class=\"w-hwrapper us_custom_66a436fb valign_stretch default_align_left laptops_align_left tablets_align_left mobiles_align_right\"><nav class=\"g-breadcrumbs us_custom_481f6ca8 inliner separator_icon align_none\" itemscope itemtype=\"http:\/\/schema.org\/BreadcrumbList\"><div class=\"g-breadcrumbs-item\" itemscope itemprop=\"itemListElement\" itemtype=\"http:\/\/schema.org\/ListItem\"><a itemprop=\"item\" href=\"https:\/\/nstgruppen.no\/lt\/\"><span itemprop=\"name\">Prad\u017eia<\/span><\/a><meta itemprop=\"position\" content=\"1\"\/><\/div><div class=\"g-breadcrumbs-separator\"><i class=\"far fa-angle-right\"><\/i><\/div><div class=\"g-breadcrumbs-item\">Puslapiai<\/div><\/nav><\/div><\/div><\/div><\/div><\/div><\/section><section class=\"l-section wpb_row height_custom\"><div class=\"l-section-h i-cf\"><div class=\"g-cols vc_row via_grid cols_1 laptops-cols_inherit tablets-cols_inherit mobiles-cols_1 valign_top type_default stacking_default\"><div class=\"wpb_column vc_column_container\"><div class=\"vc_column-inner\"><div class=\"wpb_text_column\"><div class=\"wpb_wrapper\"><section class=\"av_textblock_section\">\n<div class=\"avia_textblock \">\n<p><strong>GINTARE 30 MET\u0172!<\/strong><\/p>\n<p>M\u016bs\u0173 valytojai Gintarei Stonkutei kovo 7 dien\u0105 sukako 30 met\u0173 ir ji buvo pagerbta su tortu.<\/p>\n<\/div>\n<\/section>\n<\/div><\/div><div class=\"ult-spacer spacer-69e0fa5338876\" data-id=\"69e0fa5338876\" data-height=\"20\" data-height-mobile=\"20\" data-height-tab=\"20\" data-height-tab-portrait=\"\" data-height-mobile-landscape=\"\" style=\"clear:both;display:block;\"><\/div><div class=\"w-image align_none\"><div class=\"w-image-h\"><img decoding=\"async\" width=\"495\" height=\"400\" src=\"https:\/\/nstgruppen.no\/wp-content\/uploads\/2024\/01\/Bursdag2-495x400-1.jpg\" class=\"attachment-full size-full\" alt=\"\" loading=\"lazy\" srcset=\"https:\/\/nstgruppen.no\/wp-content\/uploads\/2024\/01\/Bursdag2-495x400-1.jpg 495w, https:\/\/nstgruppen.no\/wp-content\/uploads\/2024\/01\/Bursdag2-495x400-1-300x242.jpg 300w\" sizes=\"auto, (max-width: 495px) 100vw, 495px\" \/><\/div><\/div><\/div><\/div><\/div><\/div><\/section><section class=\"l-section wpb_row height_custom\"><div class=\"l-section-h i-cf\"><div class=\"g-cols vc_row via_grid cols_1 laptops-cols_inherit tablets-cols_inherit mobiles-cols_1 valign_top type_default stacking_default\"><div class=\"wpb_column vc_column_container\"><div class=\"vc_column-inner\"><div class=\"wpb_text_column\"><div class=\"wpb_wrapper\"><section class=\"av_textblock_section\">\n<div class=\"avia_textblock \">\n<section class=\"av_textblock_section\">\n<div class=\"avia_textblock \">\n<p><strong>JAN 60 MET\u0172!<\/strong><\/p>\n<p>2020 met\u0173 rugpj\u016bt\u012f pa\u010diam bosui sukako 60 met\u0173! Biure Jan\u0105 at\u0161vent\u0117 su tortu ir balionais, o i\u0161 vis\u0173 darbuotoj\u0173 gavo dovan\u0173. Jam buvo parodytas filmas, kuriame tiek buvusi, tiek esama \u012fvairi\u0173 \u012fmoni\u0173 vadovyb\u0117 apib\u016bdino savo vir\u0161inink\u0105, o darbuotojai po darbo valand\u0173 b\u016briavosi \u012f biur\u0105 su dovan\u0173 kortel\u0117mis ir nupie\u0161tu portretu (su tam tikra humoro atspalviu. )<\/p>\n<\/div>\n<\/section>\n<\/div>\n<\/section>\n<\/div><\/div><div class=\"ult-spacer spacer-69e0fa5339448\" data-id=\"69e0fa5339448\" data-height=\"20\" data-height-mobile=\"20\" data-height-tab=\"20\" data-height-tab-portrait=\"\" data-height-mobile-landscape=\"\" style=\"clear:both;display:block;\"><\/div><div class=\"g-cols wpb_row via_grid cols_2 laptops-cols_inherit tablets-cols_inherit mobiles-cols_1 valign_top type_default stacking_default\" style=\"--columns-gap:3rem;\"><div class=\"wpb_column vc_column_container\"><div class=\"vc_column-inner\"><div class=\"w-image align_none\"><div class=\"w-image-h\"><img decoding=\"async\" width=\"495\" height=\"400\" src=\"https:\/\/nstgruppen.no\/wp-content\/uploads\/2024\/01\/Jan60ar-495x400-1.jpg\" class=\"attachment-full size-full\" alt=\"\" loading=\"lazy\" srcset=\"https:\/\/nstgruppen.no\/wp-content\/uploads\/2024\/01\/Jan60ar-495x400-1.jpg 495w, https:\/\/nstgruppen.no\/wp-content\/uploads\/2024\/01\/Jan60ar-495x400-1-300x242.jpg 300w\" sizes=\"auto, (max-width: 495px) 100vw, 495px\" \/><\/div><\/div><\/div><\/div><div class=\"wpb_column vc_column_container\"><div class=\"vc_column-inner\"><div class=\"w-image align_none\"><div class=\"w-image-h\"><img decoding=\"async\" width=\"495\" height=\"400\" src=\"https:\/\/nstgruppen.no\/wp-content\/uploads\/2024\/01\/Jan60-495x400-1.jpg\" class=\"attachment-full size-full\" alt=\"\" loading=\"lazy\" srcset=\"https:\/\/nstgruppen.no\/wp-content\/uploads\/2024\/01\/Jan60-495x400-1.jpg 495w, https:\/\/nstgruppen.no\/wp-content\/uploads\/2024\/01\/Jan60-495x400-1-300x242.jpg 300w\" sizes=\"auto, (max-width: 495px) 100vw, 495px\" \/><\/div><\/div><\/div><\/div><\/div><\/div><\/div><\/div><\/div><\/section><section class=\"l-section wpb_row height_custom\"><div class=\"l-section-h i-cf\"><div class=\"g-cols vc_row via_grid cols_1 laptops-cols_inherit tablets-cols_inherit mobiles-cols_1 valign_top type_default stacking_default\"><div class=\"wpb_column vc_column_container\"><div class=\"vc_column-inner\"><div class=\"wpb_text_column\"><div class=\"wpb_wrapper\"><section class=\"av_textblock_section\">\n<div class=\"avia_textblock \">\n<section class=\"av_textblock_section\">\n<div class=\"avia_textblock \">\n<section class=\"av_textblock_section\">\n<div class=\"avia_textblock \">\n<p><strong>JARLE 40 MET\u0172!<\/strong><\/p>\n<p>2020 m. gegu\u017e\u0119 m\u016bs\u0173 naujajam kolegai Jarle sukako 40 met\u0173. Jis dirba NST Gruppen skai\u010diuotuvu.<\/p>\n<\/div>\n<\/section>\n<\/div>\n<\/section>\n<\/div>\n<\/section>\n<\/div><\/div><div class=\"ult-spacer spacer-69e0fa533ac16\" data-id=\"69e0fa533ac16\" data-height=\"20\" data-height-mobile=\"20\" data-height-tab=\"20\" data-height-tab-portrait=\"\" data-height-mobile-landscape=\"\" style=\"clear:both;display:block;\"><\/div><div class=\"g-cols wpb_row via_grid cols_2 laptops-cols_inherit tablets-cols_inherit mobiles-cols_1 valign_top type_default stacking_default\" style=\"--columns-gap:3rem;\"><div class=\"wpb_column vc_column_container\"><div class=\"vc_column-inner\"><div class=\"w-image align_none\"><div class=\"w-image-h\"><img decoding=\"async\" width=\"495\" height=\"400\" src=\"https:\/\/nstgruppen.no\/wp-content\/uploads\/2024\/01\/Jarle40-495x400-1.jpg\" class=\"attachment-full size-full\" alt=\"\" loading=\"lazy\" srcset=\"https:\/\/nstgruppen.no\/wp-content\/uploads\/2024\/01\/Jarle40-495x400-1.jpg 495w, https:\/\/nstgruppen.no\/wp-content\/uploads\/2024\/01\/Jarle40-495x400-1-300x242.jpg 300w\" sizes=\"auto, (max-width: 495px) 100vw, 495px\" \/><\/div><\/div><\/div><\/div><div class=\"wpb_column vc_column_container\"><div class=\"vc_column-inner\"><div class=\"w-image align_none\"><div class=\"w-image-h\"><img decoding=\"async\" width=\"495\" height=\"400\" src=\"https:\/\/nstgruppen.no\/wp-content\/uploads\/2024\/01\/Jarle-40ar-495x400-1.jpg\" class=\"attachment-full size-full\" alt=\"\" loading=\"lazy\" srcset=\"https:\/\/nstgruppen.no\/wp-content\/uploads\/2024\/01\/Jarle-40ar-495x400-1.jpg 495w, https:\/\/nstgruppen.no\/wp-content\/uploads\/2024\/01\/Jarle-40ar-495x400-1-300x242.jpg 300w\" sizes=\"auto, (max-width: 495px) 100vw, 495px\" \/><\/div><\/div><\/div><\/div><\/div><\/div><\/div><\/div><\/div><\/section><section class=\"l-section wpb_row height_custom\"><div class=\"l-section-h i-cf\"><div class=\"g-cols vc_row via_grid cols_1 laptops-cols_inherit tablets-cols_inherit mobiles-cols_1 valign_top type_default stacking_default\"><div class=\"wpb_column vc_column_container\"><div class=\"vc_column-inner\"><div class=\"wpb_text_column\"><div class=\"wpb_wrapper\"><section class=\"av_textblock_section\">\n<div class=\"avia_textblock \">\n<section class=\"av_textblock_section\">\n<div class=\"avia_textblock \">\n<section class=\"av_textblock_section\">\n<div class=\"avia_textblock \">\n<section class=\"av_textblock_section\">\n<div class=\"avia_textblock \">\n<p><strong>IRINA\u00a050 MET\u0172!<\/strong><\/p>\n<p>2019 met\u0173 vasar\u012f m\u016bs\u0173 kolegei Irinai sukako 50 met\u0173! Ji buvo \u0161ven\u010diama biure su puikiu tortu.<\/p>\n<\/div>\n<\/section>\n<\/div>\n<\/section>\n<\/div>\n<\/section>\n<\/div>\n<\/section>\n<\/div><\/div><div class=\"ult-spacer spacer-69e0fa533c326\" data-id=\"69e0fa533c326\" data-height=\"20\" data-height-mobile=\"20\" data-height-tab=\"20\" data-height-tab-portrait=\"\" data-height-mobile-landscape=\"\" style=\"clear:both;display:block;\"><\/div><div class=\"g-cols wpb_row via_grid cols_2 laptops-cols_inherit tablets-cols_inherit mobiles-cols_1 valign_top type_default stacking_default\" style=\"--columns-gap:3rem;\"><div class=\"wpb_column vc_column_container\"><div class=\"vc_column-inner\"><div class=\"w-image align_none\"><div class=\"w-image-h\"><img decoding=\"async\" width=\"705\" height=\"705\" src=\"https:\/\/nstgruppen.no\/wp-content\/uploads\/2024\/01\/20190215_123605-2-705x705-1.jpg\" class=\"attachment-full size-full\" alt=\"\" loading=\"lazy\" srcset=\"https:\/\/nstgruppen.no\/wp-content\/uploads\/2024\/01\/20190215_123605-2-705x705-1.jpg 705w, https:\/\/nstgruppen.no\/wp-content\/uploads\/2024\/01\/20190215_123605-2-705x705-1-300x300.jpg 300w, https:\/\/nstgruppen.no\/wp-content\/uploads\/2024\/01\/20190215_123605-2-705x705-1-150x150.jpg 150w\" sizes=\"auto, (max-width: 705px) 100vw, 705px\" \/><\/div><\/div><\/div><\/div><div class=\"wpb_column vc_column_container\"><div class=\"vc_column-inner\"><div class=\"w-image align_none\"><div class=\"w-image-h\"><img decoding=\"async\" width=\"705\" height=\"705\" src=\"https:\/\/nstgruppen.no\/wp-content\/uploads\/2024\/01\/20190215_1235181-705x705-1.jpg\" class=\"attachment-full size-full\" alt=\"\" loading=\"lazy\" srcset=\"https:\/\/nstgruppen.no\/wp-content\/uploads\/2024\/01\/20190215_1235181-705x705-1.jpg 705w, https:\/\/nstgruppen.no\/wp-content\/uploads\/2024\/01\/20190215_1235181-705x705-1-300x300.jpg 300w, https:\/\/nstgruppen.no\/wp-content\/uploads\/2024\/01\/20190215_1235181-705x705-1-150x150.jpg 150w\" sizes=\"auto, (max-width: 705px) 100vw, 705px\" \/><\/div><\/div><\/div><\/div><\/div><\/div><\/div><\/div><\/div><\/section><section class=\"l-section wpb_row height_custom\"><div class=\"l-section-h i-cf\"><div class=\"g-cols vc_row via_grid cols_1 laptops-cols_inherit tablets-cols_inherit mobiles-cols_1 valign_top type_default stacking_default\"><div class=\"wpb_column vc_column_container\"><div class=\"vc_column-inner\"><div class=\"wpb_text_column\"><div class=\"wpb_wrapper\"><section class=\"av_textblock_section\">\n<div class=\"avia_textblock \">\n<section class=\"av_textblock_section\">\n<div class=\"avia_textblock \">\n<section class=\"av_textblock_section\">\n<div class=\"avia_textblock \">\n<section class=\"av_textblock_section\">\n<div class=\"avia_textblock \">\n<section class=\"av_textblock_section\">\n<div class=\"avia_textblock \">\n<p><strong>IVAN 67 METAI!<\/strong><\/p>\n<p>M\u016bs\u0173 kolegai Ivan Blank \u0161iandien, 2018 m. lapkri\u010dio 19 d., sukanka 67 metai, ta\u010diau dar kur\u012f laik\u0105 dirbs NST grup\u0117je.<\/p>\n<\/div>\n<\/section>\n<\/div>\n<\/section>\n<\/div>\n<\/section>\n<\/div>\n<\/section>\n<\/div>\n<\/section>\n<\/div><\/div><div class=\"ult-spacer spacer-69e0fa533de20\" data-id=\"69e0fa533de20\" data-height=\"20\" data-height-mobile=\"20\" data-height-tab=\"20\" data-height-tab-portrait=\"\" data-height-mobile-landscape=\"\" style=\"clear:both;display:block;\"><\/div><div class=\"g-cols wpb_row via_grid cols_2 laptops-cols_inherit tablets-cols_inherit mobiles-cols_1 valign_top type_default stacking_default\" style=\"--columns-gap:3rem;\"><div class=\"wpb_column vc_column_container\"><div class=\"vc_column-inner\"><div class=\"w-image align_none\"><div class=\"w-image-h\"><img decoding=\"async\" width=\"705\" height=\"705\" src=\"https:\/\/nstgruppen.no\/wp-content\/uploads\/2024\/01\/Liggende3-705x705-1.jpg\" class=\"attachment-full size-full\" alt=\"\" loading=\"lazy\" srcset=\"https:\/\/nstgruppen.no\/wp-content\/uploads\/2024\/01\/Liggende3-705x705-1.jpg 705w, https:\/\/nstgruppen.no\/wp-content\/uploads\/2024\/01\/Liggende3-705x705-1-300x300.jpg 300w, https:\/\/nstgruppen.no\/wp-content\/uploads\/2024\/01\/Liggende3-705x705-1-150x150.jpg 150w\" sizes=\"auto, (max-width: 705px) 100vw, 705px\" \/><\/div><\/div><\/div><\/div><div class=\"wpb_column vc_column_container\"><div class=\"vc_column-inner\"><div class=\"w-image align_none\"><div class=\"w-image-h\"><img decoding=\"async\" width=\"705\" height=\"705\" src=\"https:\/\/nstgruppen.no\/wp-content\/uploads\/2024\/01\/liggende-kake3-705x705-1.jpg\" class=\"attachment-full size-full\" alt=\"\" loading=\"lazy\" srcset=\"https:\/\/nstgruppen.no\/wp-content\/uploads\/2024\/01\/liggende-kake3-705x705-1.jpg 705w, https:\/\/nstgruppen.no\/wp-content\/uploads\/2024\/01\/liggende-kake3-705x705-1-300x300.jpg 300w, https:\/\/nstgruppen.no\/wp-content\/uploads\/2024\/01\/liggende-kake3-705x705-1-150x150.jpg 150w\" sizes=\"auto, (max-width: 705px) 100vw, 705px\" \/><\/div><\/div><\/div><\/div><\/div><\/div><\/div><\/div><\/div><\/section><section class=\"l-section wpb_row height_custom\"><div class=\"l-section-h i-cf\"><div class=\"g-cols vc_row via_grid cols_1 laptops-cols_inherit tablets-cols_inherit mobiles-cols_1 valign_top type_default stacking_default\"><div class=\"wpb_column vc_column_container\"><div class=\"vc_column-inner\"><div class=\"wpb_text_column\"><div class=\"wpb_wrapper\"><p><strong>UWE\u00a050 MET\u0172!<\/strong><\/p>\n<p>2018 met\u0173 gegu\u017e\u0119 m\u016bs\u0173 kolegai Uwe sukako 50 met\u0173! Ji buvo \u0161ven\u010diama biure su puikiu tortu.<\/p>\n<\/div><\/div><div class=\"ult-spacer spacer-69e0fa533f8cd\" data-id=\"69e0fa533f8cd\" data-height=\"20\" data-height-mobile=\"20\" data-height-tab=\"20\" data-height-tab-portrait=\"\" data-height-mobile-landscape=\"\" style=\"clear:both;display:block;\"><\/div><div class=\"g-cols wpb_row via_grid cols_2 laptops-cols_inherit tablets-cols_inherit mobiles-cols_1 valign_top type_default stacking_default\" style=\"--columns-gap:3rem;\"><div class=\"wpb_column vc_column_container\"><div class=\"vc_column-inner\"><div class=\"w-image align_none\"><div class=\"w-image-h\"><img decoding=\"async\" width=\"529\" height=\"705\" src=\"https:\/\/nstgruppen.no\/wp-content\/uploads\/2024\/01\/Uwe-2-529x705-1.jpg\" class=\"attachment-full size-full\" alt=\"\" loading=\"lazy\" srcset=\"https:\/\/nstgruppen.no\/wp-content\/uploads\/2024\/01\/Uwe-2-529x705-1.jpg 529w, https:\/\/nstgruppen.no\/wp-content\/uploads\/2024\/01\/Uwe-2-529x705-1-225x300.jpg 225w\" sizes=\"auto, (max-width: 529px) 100vw, 529px\" \/><\/div><\/div><\/div><\/div><div class=\"wpb_column vc_column_container\"><div class=\"vc_column-inner\"><div class=\"w-image align_none\"><div class=\"w-image-h\"><img decoding=\"async\" width=\"529\" height=\"705\" src=\"https:\/\/nstgruppen.no\/wp-content\/uploads\/2024\/01\/Kake-2-529x705-1.jpg\" class=\"attachment-full size-full\" alt=\"\" loading=\"lazy\" srcset=\"https:\/\/nstgruppen.no\/wp-content\/uploads\/2024\/01\/Kake-2-529x705-1.jpg 529w, https:\/\/nstgruppen.no\/wp-content\/uploads\/2024\/01\/Kake-2-529x705-1-225x300.jpg 225w\" sizes=\"auto, (max-width: 529px) 100vw, 529px\" \/><\/div><\/div><\/div><\/div><\/div><\/div><\/div><\/div><\/div><\/section><section class=\"l-section wpb_row height_custom\"><div class=\"l-section-h i-cf\"><div class=\"g-cols vc_row via_grid cols_1 laptops-cols_inherit tablets-cols_inherit mobiles-cols_1 valign_top type_default stacking_default\"><div class=\"wpb_column vc_column_container\"><div class=\"vc_column-inner\"><div class=\"wpb_text_column\"><div class=\"wpb_wrapper\"><section class=\"av_textblock_section\">\n<div class=\"avia_textblock \">\n<section class=\"av_textblock_section\">\n<div class=\"avia_textblock \">\n<section class=\"av_textblock_section\">\n<div class=\"avia_textblock \">\n<section class=\"av_textblock_section\">\n<div class=\"avia_textblock \">\n<section class=\"av_textblock_section\">\n<div class=\"avia_textblock \">\n<section class=\"av_textblock_section\">\n<div class=\"avia_textblock \">\n<section class=\"av_textblock_section\">\n<div class=\"avia_textblock \">\n<section class=\"av_textblock_section\">\n<div class=\"avia_textblock \">\n<p><strong>JOVITAI 30 MET\u0172!<\/strong><\/p>\n<\/div>\n<\/section>\n<section class=\"av_textblock_section\">\n<div class=\"avia_textblock \">\n<p>2017 m. kovo m\u0117n. m\u016bs\u0173 kolegei Jovitai sukako 30 met\u0173. Jos gimtadien\u012f at\u0161vent\u0117me biure, skanaudami \u0161\u012f puik\u0173 tort\u0105.<\/p>\n<\/div>\n<\/section>\n<\/div>\n<\/section>\n<\/div>\n<\/section>\n<\/div>\n<\/section>\n<\/div>\n<\/section>\n<\/div>\n<\/section>\n<\/div>\n<\/section>\n<\/div>\n<\/section>\n<\/div><\/div><div class=\"ult-spacer spacer-69e0fa53420b0\" data-id=\"69e0fa53420b0\" data-height=\"20\" data-height-mobile=\"20\" data-height-tab=\"20\" data-height-tab-portrait=\"\" data-height-mobile-landscape=\"\" style=\"clear:both;display:block;\"><\/div><div class=\"g-cols wpb_row via_grid cols_2 laptops-cols_inherit tablets-cols_inherit mobiles-cols_1 valign_top type_default stacking_default\" style=\"--columns-gap:3rem;\"><div class=\"wpb_column vc_column_container\"><div class=\"vc_column-inner\"><div class=\"w-image align_none\"><div class=\"w-image-h\"><img decoding=\"async\" width=\"495\" height=\"400\" src=\"https:\/\/nstgruppen.no\/wp-content\/uploads\/2024\/01\/Jovita-bursdag-495x400-1.jpg\" class=\"attachment-full size-full\" alt=\"\" loading=\"lazy\" srcset=\"https:\/\/nstgruppen.no\/wp-content\/uploads\/2024\/01\/Jovita-bursdag-495x400-1.jpg 495w, https:\/\/nstgruppen.no\/wp-content\/uploads\/2024\/01\/Jovita-bursdag-495x400-1-300x242.jpg 300w\" sizes=\"auto, (max-width: 495px) 100vw, 495px\" \/><\/div><\/div><\/div><\/div><div class=\"wpb_column vc_column_container\"><div class=\"vc_column-inner\"><div class=\"w-image align_none\"><div class=\"w-image-h\"><img decoding=\"async\" width=\"495\" height=\"400\" src=\"https:\/\/nstgruppen.no\/wp-content\/uploads\/2024\/01\/Jovita-bursdag2-495x400-1.jpg\" class=\"attachment-full size-full\" alt=\"\" loading=\"lazy\" srcset=\"https:\/\/nstgruppen.no\/wp-content\/uploads\/2024\/01\/Jovita-bursdag2-495x400-1.jpg 495w, https:\/\/nstgruppen.no\/wp-content\/uploads\/2024\/01\/Jovita-bursdag2-495x400-1-300x242.jpg 300w\" sizes=\"auto, (max-width: 495px) 100vw, 495px\" \/><\/div><\/div><\/div><\/div><\/div><\/div><\/div><\/div><\/div><\/section><section class=\"l-section wpb_row height_custom\"><div class=\"l-section-h i-cf\"><div class=\"g-cols vc_row via_grid cols_1 laptops-cols_inherit tablets-cols_inherit mobiles-cols_1 valign_top type_default stacking_default\"><div class=\"wpb_column vc_column_container\"><div class=\"vc_column-inner\"><div class=\"wpb_text_column\"><div class=\"wpb_wrapper\"><section class=\"av_textblock_section\">\n<div class=\"avia_textblock \">\n<section class=\"av_textblock_section\">\n<div class=\"avia_textblock \">\n<section class=\"av_textblock_section\">\n<div class=\"avia_textblock \">\n<section class=\"av_textblock_section\">\n<div class=\"avia_textblock \">\n<section class=\"av_textblock_section\">\n<div class=\"avia_textblock \">\n<section class=\"av_textblock_section\">\n<div class=\"avia_textblock \">\n<section class=\"av_textblock_section\">\n<div class=\"avia_textblock \">\n<section class=\"av_textblock_section\">\n<div class=\"avia_textblock \">\n<section class=\"av_textblock_section\">\n<div class=\"avia_textblock \">\n<p><strong>OLAVUI 50 MET\u0172!<\/strong><\/p>\n<\/div>\n<\/section>\n<section class=\"av_textblock_section\">\n<div class=\"avia_textblock \">\n<p>2015 m. lapkri\u010dio m\u0117n. Olavui sukako 50 met\u0173. \u0160io jubiliejaus proga nuo\u0161ird\u016bs sveikinimai, daug balion\u0173 ir nuostabus tortas.<\/p>\n<\/div>\n<\/section>\n<\/div>\n<\/section>\n<\/div>\n<\/section>\n<\/div>\n<\/section>\n<\/div>\n<\/section>\n<\/div>\n<\/section>\n<\/div>\n<\/section>\n<\/div>\n<\/section>\n<\/div>\n<\/section>\n<\/div><\/div><div class=\"ult-spacer spacer-69e0fa5343c79\" data-id=\"69e0fa5343c79\" data-height=\"20\" data-height-mobile=\"20\" data-height-tab=\"20\" data-height-tab-portrait=\"\" data-height-mobile-landscape=\"\" style=\"clear:both;display:block;\"><\/div><div class=\"g-cols wpb_row via_grid cols_3 laptops-cols_inherit tablets-cols_inherit mobiles-cols_1 valign_top type_default stacking_default\" style=\"--columns-gap:3rem;\"><div class=\"wpb_column vc_column_container\"><div class=\"vc_column-inner\"><div class=\"w-image align_none\"><div class=\"w-image-h\"><img decoding=\"async\" width=\"495\" height=\"400\" src=\"https:\/\/nstgruppen.no\/wp-content\/uploads\/2024\/01\/Olav-bursdag2-495x400-1.jpg\" class=\"attachment-full size-full\" alt=\"\" loading=\"lazy\" srcset=\"https:\/\/nstgruppen.no\/wp-content\/uploads\/2024\/01\/Olav-bursdag2-495x400-1.jpg 495w, https:\/\/nstgruppen.no\/wp-content\/uploads\/2024\/01\/Olav-bursdag2-495x400-1-300x242.jpg 300w\" sizes=\"auto, (max-width: 495px) 100vw, 495px\" \/><\/div><\/div><\/div><\/div><div class=\"wpb_column vc_column_container\"><div class=\"vc_column-inner\"><div class=\"w-image align_none\"><div class=\"w-image-h\"><img decoding=\"async\" width=\"495\" height=\"400\" src=\"https:\/\/nstgruppen.no\/wp-content\/uploads\/2024\/01\/Olav-bursdag-495x400-1.jpg\" class=\"attachment-full size-full\" alt=\"\" loading=\"lazy\" srcset=\"https:\/\/nstgruppen.no\/wp-content\/uploads\/2024\/01\/Olav-bursdag-495x400-1.jpg 495w, https:\/\/nstgruppen.no\/wp-content\/uploads\/2024\/01\/Olav-bursdag-495x400-1-300x242.jpg 300w\" sizes=\"auto, (max-width: 495px) 100vw, 495px\" \/><\/div><\/div><\/div><\/div><div class=\"wpb_column vc_column_container\"><div class=\"vc_column-inner\"><div class=\"w-image align_none\"><div class=\"w-image-h\"><img decoding=\"async\" width=\"495\" height=\"400\" src=\"https:\/\/nstgruppen.no\/wp-content\/uploads\/2024\/01\/Olav-50-ar-495x400-1.jpg\" class=\"attachment-full size-full\" alt=\"\" loading=\"lazy\" srcset=\"https:\/\/nstgruppen.no\/wp-content\/uploads\/2024\/01\/Olav-50-ar-495x400-1.jpg 495w, https:\/\/nstgruppen.no\/wp-content\/uploads\/2024\/01\/Olav-50-ar-495x400-1-300x242.jpg 300w\" sizes=\"auto, (max-width: 495px) 100vw, 495px\" \/><\/div><\/div><\/div><\/div><\/div><\/div><\/div><\/div><\/div><\/section>\n","protected":false},"excerpt":{"rendered":"[vc_custom_heading source=\"post_title\" font_container=\"tag:h3|text_align:left\" use_theme_fonts=\"yes\"]Prad\u017eiaPuslapiai GINTARE 30 MET\u0172! M\u016bs\u0173 valytojai Gintarei Stonkutei kovo 7 dien\u0105 sukako 30 met\u0173 ir ji buvo pagerbta su tortu. JAN 60 MET\u0172! 2020 met\u0173 rugpj\u016bt\u012f pa\u010diam bosui sukako 60 met\u0173! Biure Jan\u0105 at\u0161vent\u0117 su tortu ir balionais, o i\u0161 vis\u0173 darbuotoj\u0173 gavo dovan\u0173. Jam buvo parodytas filmas, kuriame tiek buvusi, tiek...","protected":false},"author":1,"featured_media":0,"parent":0,"menu_order":0,"comment_status":"closed","ping_status":"closed","template":"","meta":{"footnotes":""},"class_list":["post-1719","page","type-page","status-publish","hentry"],"_links":{"self":[{"href":"https:\/\/nstgruppen.no\/lt\/wp-json\/wp\/v2\/pages\/1719","targetHints":{"allow":["GET"]}}],"collection":[{"href":"https:\/\/nstgruppen.no\/lt\/wp-json\/wp\/v2\/pages"}],"about":[{"href":"https:\/\/nstgruppen.no\/lt\/wp-json\/wp\/v2\/types\/page"}],"author":[{"embeddable":true,"href":"https:\/\/nstgruppen.no\/lt\/wp-json\/wp\/v2\/users\/1"}],"replies":[{"embeddable":true,"href":"https:\/\/nstgruppen.no\/lt\/wp-json\/wp\/v2\/comments?post=1719"}],"version-history":[{"count":2,"href":"https:\/\/nstgruppen.no\/lt\/wp-json\/wp\/v2\/pages\/1719\/revisions"}],"predecessor-version":[{"id":1723,"href":"https:\/\/nstgruppen.no\/lt\/wp-json\/wp\/v2\/pages\/1719\/revisions\/1723"}],"wp:attachment":[{"href":"https:\/\/nstgruppen.no\/lt\/wp-json\/wp\/v2\/media?parent=1719"}],"curies":[{"name":"wp","href":"https:\/\/api.w.org\/{rel}","templated":true}]}}