{"id":1526,"date":"2024-01-11T08:47:01","date_gmt":"2024-01-11T07:47:01","guid":{"rendered":"http:\/\/1230523-www.web.tornado-node.net\/sykefravar\/"},"modified":"2025-07-10T09:30:54","modified_gmt":"2025-07-10T07:30:54","slug":"nedarbingumas","status":"publish","type":"page","link":"https:\/\/nstgruppen.no\/lt\/nedarbingumas\/","title":{"rendered":"NEDARBINGUMAS"},"content":{"rendered":"<section class=\"l-section wpb_row us_custom_dd83e7c2 height_auto\"><div class=\"l-section-h i-cf\"><div class=\"g-cols vc_row via_grid cols_2 laptops-cols_inherit tablets-cols_inherit mobiles-cols_1 valign_middle type_default stacking_default\" style=\"--columns-gap:0px;\"><div class=\"wpb_column vc_column_container\"><div class=\"vc_column-inner\">[vc_custom_heading source=&#8221;post_title&#8221; font_container=&#8221;tag:h3|text_align:left&#8221; use_theme_fonts=&#8221;yes&#8221;]<\/div><\/div><div class=\"wpb_column vc_column_container\"><div class=\"vc_column-inner\"><div class=\"w-hwrapper us_custom_66a436fb valign_stretch default_align_left laptops_align_left tablets_align_left mobiles_align_right\"><nav class=\"g-breadcrumbs us_custom_481f6ca8 inliner separator_icon align_none\" itemscope itemtype=\"http:\/\/schema.org\/BreadcrumbList\"><div class=\"g-breadcrumbs-item\" itemscope itemprop=\"itemListElement\" itemtype=\"http:\/\/schema.org\/ListItem\"><a itemprop=\"item\" href=\"https:\/\/nstgruppen.no\/lt\/\"><span itemprop=\"name\">Prad\u017eia<\/span><\/a><meta itemprop=\"position\" content=\"1\"\/><\/div><div class=\"g-breadcrumbs-separator\"><i class=\"far fa-angle-right\"><\/i><\/div><div class=\"g-breadcrumbs-item\">Puslapiai<\/div><\/nav><\/div><\/div><\/div><\/div><\/div><\/section><section class=\"l-section wpb_row height_custom\"><div class=\"l-section-h i-cf\"><div class=\"g-cols vc_row via_grid cols_1 laptops-cols_inherit tablets-cols_inherit mobiles-cols_1 valign_top type_default stacking_default\"><div class=\"wpb_column vc_column_container\"><div class=\"vc_column-inner\"><div class=\"wpb_text_column\"><div class=\"wpb_wrapper\"><div class=\"flex_column av_one_full flex_column_div av-zero-column-padding first avia-builder-el-0 el_before_av_one_full avia-builder-el-first \">\n<section class=\"av_textblock_section\">\n<div class=\"avia_textblock \">\n<p><strong>NEDARBINGUMAS D\u0116L LIGOS:<br \/>\n<\/strong><em>Procentais nuo metin\u0117s atlyginimo sumos.\u00a0<\/em><\/p>\n<\/div>\n<\/section>\n<\/div>\n<\/div><\/div><div class=\"wpb_text_column\"><div class=\"wpb_wrapper\"><table class=\"avia-table avia-data-table avia-table-1 avia-builder-el-4 avia-builder-el-no-sibling \">\n<tbody>\n<tr class=\"\">\n<td class=\"\"><\/td>\n<td class=\"\">2015<\/td>\n<td class=\"\">2016<\/td>\n<td class=\"\">2017<\/td>\n<td class=\"\">2018<\/td>\n<td class=\"\">2019<\/td>\n<td class=\"\">2020<\/td>\n<td class=\"\">2021<\/td>\n<td class=\"\">2022<\/td>\n<td class=\"\">2023<\/td>\n<td class=\"\">2024<\/td>\n<\/tr>\n<tr class=\"\">\n<td class=\"\">NST Group<\/td>\n<td class=\"\">0,86%<\/td>\n<td class=\"\">0,68%<\/td>\n<td class=\"\">0,37%<\/td>\n<td class=\"\">1,09%<\/td>\n<td class=\"\">0,64%<\/td>\n<td class=\"\">0,38%<\/td>\n<td class=\"\">0,91%<\/td>\n<td class=\"\">1,30%<\/td>\n<td class=\"\">3,05%<\/td>\n<td class=\"\">4,06%<\/td>\n<\/tr>\n<tr class=\"\">\n<td class=\"\">NST Contracting as<\/td>\n<td class=\"\">0,84%<\/td>\n<td class=\"\">2,16%<\/td>\n<td class=\"\">1,39%<\/td>\n<td class=\"\">1,62%<\/td>\n<td class=\"\">0,72%<\/td>\n<td class=\"\">0,58%<\/td>\n<td class=\"\">2,25%<\/td>\n<td class=\"\">2,56%<\/td>\n<td class=\"\">9,68%<\/td>\n<td class=\"\">16,74%<\/td>\n<\/tr>\n<tr class=\"\">\n<td class=\"\">NST Byggservice as<\/td>\n<td class=\"\">1,52%<\/td>\n<td class=\"\">1,52%<\/td>\n<td class=\"\">2,10%<\/td>\n<td class=\"\">1,83%<\/td>\n<td class=\"\">1,98%<\/td>\n<td class=\"\">0,7%<\/td>\n<td class=\"\">1,62%<\/td>\n<td class=\"\">2,89%<\/td>\n<td class=\"\">2,29%<\/td>\n<td class=\"\">2,96%<\/td>\n<\/tr>\n<tr class=\"\">\n<td class=\"\">NST Renhold as<\/td>\n<td class=\"\">0,92%<\/td>\n<td class=\"\">2.07%<\/td>\n<td class=\"\">0,11%<\/td>\n<td class=\"\">1,33%<\/td>\n<td class=\"\">0%<\/td>\n<td class=\"\">0,17%<\/td>\n<td class=\"\">0,40%<\/td>\n<td class=\"\">0,53%<\/td>\n<td class=\"\">0,40%<\/td>\n<td class=\"\">0,27%<\/td>\n<\/tr>\n<tr class=\"\">\n<td class=\"\">UAB NST Baltija<\/td>\n<td class=\"\">0,15%<\/td>\n<td class=\"\">0,26%<\/td>\n<td class=\"\">0,33%<\/td>\n<td class=\"\">0,29%<\/td>\n<td class=\"\">0,13%<\/td>\n<td class=\"\">0,37%<\/td>\n<td class=\"\">0,29%<\/td>\n<td class=\"\">0,28%<\/td>\n<td class=\"\">0,22%<\/td>\n<td class=\"\">0,16%<\/td>\n<\/tr>\n<tr class=\"\">\n<td class=\"\">UAB NST Accounting<\/td>\n<td class=\"\">0%<\/td>\n<td class=\"\">0%<\/td>\n<td class=\"\">0%<\/td>\n<td class=\"\">0,38%<\/td>\n<td class=\"\">0,38%<\/td>\n<td class=\"\">0,10%<\/td>\n<td class=\"\">0%<\/td>\n<td class=\"\">0,38%<\/td>\n<td class=\"\">2,69%<\/td>\n<td class=\"\">0,18%<\/td>\n<\/tr>\n<\/tbody>\n<\/table>\n<\/div><\/div><\/div><\/div><\/div><\/div><\/section>\n","protected":false},"excerpt":{"rendered":"[vc_custom_heading source=\"post_title\" font_container=\"tag:h3|text_align:left\" use_theme_fonts=\"yes\"]Prad\u017eiaPuslapiai NEDARBINGUMAS D\u0116L LIGOS: Procentais nuo metin\u0117s atlyginimo sumos.\u00a0 2015 2016 2017 2018 2019 2020 2021 2022 2023 2024 NST Group 0,86% 0,68% 0,37% 1,09% 0,64% 0,38% 0,91% 1,30% 3,05% 4,06% NST Contracting as 0,84% 2,16% 1,39% 1,62% 0,72% 0,58% 2,25% 2,56% 9,68% 16,74% NST Byggservice as 1,52% 1,52% 2,10% 1,83% 1,98%...","protected":false},"author":1,"featured_media":0,"parent":0,"menu_order":0,"comment_status":"closed","ping_status":"closed","template":"","meta":{"footnotes":""},"class_list":["post-1526","page","type-page","status-publish","hentry"],"_links":{"self":[{"href":"https:\/\/nstgruppen.no\/lt\/wp-json\/wp\/v2\/pages\/1526","targetHints":{"allow":["GET"]}}],"collection":[{"href":"https:\/\/nstgruppen.no\/lt\/wp-json\/wp\/v2\/pages"}],"about":[{"href":"https:\/\/nstgruppen.no\/lt\/wp-json\/wp\/v2\/types\/page"}],"author":[{"embeddable":true,"href":"https:\/\/nstgruppen.no\/lt\/wp-json\/wp\/v2\/users\/1"}],"replies":[{"embeddable":true,"href":"https:\/\/nstgruppen.no\/lt\/wp-json\/wp\/v2\/comments?post=1526"}],"version-history":[{"count":5,"href":"https:\/\/nstgruppen.no\/lt\/wp-json\/wp\/v2\/pages\/1526\/revisions"}],"predecessor-version":[{"id":1929,"href":"https:\/\/nstgruppen.no\/lt\/wp-json\/wp\/v2\/pages\/1526\/revisions\/1929"}],"wp:attachment":[{"href":"https:\/\/nstgruppen.no\/lt\/wp-json\/wp\/v2\/media?parent=1526"}],"curies":[{"name":"wp","href":"https:\/\/api.w.org\/{rel}","templated":true}]}}