{"id":1523,"date":"2024-01-11T08:31:52","date_gmt":"2024-01-11T07:31:52","guid":{"rendered":"http:\/\/1230523-www.web.tornado-node.net\/sponsing\/"},"modified":"2024-01-12T14:01:41","modified_gmt":"2024-01-12T13:01:41","slug":"sponsing","status":"publish","type":"page","link":"https:\/\/nstgruppen.no\/lt\/sponsing\/","title":{"rendered":"R\u0116MIMAS"},"content":{"rendered":"<section class=\"l-section wpb_row us_custom_dd83e7c2 height_auto\"><div class=\"l-section-h i-cf\"><div class=\"g-cols vc_row via_grid cols_2 laptops-cols_inherit tablets-cols_inherit mobiles-cols_1 valign_middle type_default stacking_default\" style=\"--columns-gap:0px;\"><div class=\"wpb_column vc_column_container\"><div class=\"vc_column-inner\">[vc_custom_heading source=&#8221;post_title&#8221; font_container=&#8221;tag:h3|text_align:left&#8221; use_theme_fonts=&#8221;yes&#8221;]<\/div><\/div><div class=\"wpb_column vc_column_container\"><div class=\"vc_column-inner\"><div class=\"w-hwrapper us_custom_66a436fb valign_stretch default_align_left laptops_align_left tablets_align_left mobiles_align_right\"><nav class=\"g-breadcrumbs us_custom_481f6ca8 inliner separator_icon align_none\" itemscope itemtype=\"http:\/\/schema.org\/BreadcrumbList\"><div class=\"g-breadcrumbs-item\" itemscope itemprop=\"itemListElement\" itemtype=\"http:\/\/schema.org\/ListItem\"><a itemprop=\"item\" href=\"https:\/\/nstgruppen.no\/lt\/\"><span itemprop=\"name\">Prad\u017eia<\/span><\/a><meta itemprop=\"position\" content=\"1\"\/><\/div><div class=\"g-breadcrumbs-separator\"><i class=\"far fa-angle-right\"><\/i><\/div><div class=\"g-breadcrumbs-item\">Puslapiai<\/div><\/nav><\/div><\/div><\/div><\/div><\/div><\/section><section class=\"l-section wpb_row height_custom\"><div class=\"l-section-h i-cf\"><div class=\"g-cols vc_row via_grid cols_1 laptops-cols_inherit tablets-cols_inherit mobiles-cols_1 valign_top type_default stacking_default\"><div class=\"wpb_column vc_column_container\"><div class=\"vc_column-inner\"><div class=\"g-cols wpb_row via_grid cols_2-1 laptops-cols_inherit tablets-cols_inherit mobiles-cols_1 valign_top type_default stacking_default\" style=\"--columns-gap:3rem;\"><div class=\"wpb_column vc_column_container\"><div class=\"vc_column-inner\"><div class=\"wpb_text_column\"><div class=\"wpb_wrapper\"><div class=\"flex_column av_one_full flex_column_div av-zero-column-padding first avia-builder-el-0 el_before_av_one_full avia-builder-el-first \">\n<section class=\"av_textblock_section\">\n<div class=\"avia_textblock \">\n<section class=\"av_textblock_section\">\n<div class=\"avia_textblock \">\n<section class=\"av_textblock_section\">\n<div class=\"avia_textblock \">\n<section class=\"av_textblock_section\">\n<div class=\"avia_textblock \">\n<section class=\"av_textblock_section\">\n<div class=\"avia_textblock \">\n<section class=\"av_textblock_section\">\n<div class=\"avia_textblock \">\n<p><strong>R\u0116MIMO PROGRAMOS:<\/strong><\/p>\n<p>&nbsp;<\/p>\n<\/div>\n<\/section>\n<section class=\"av_textblock_section\">\n<div class=\"avia_textblock \">\n<p>NST Group nusprend\u0117, kad turi galimyb\u0119 prisid\u0117ti remiant bendruomen\u0119 aplinkoje, kurioje \u012fmon\u0117 veikia. Daugiausia l\u0117\u0161\u0173 \u012fmon\u0117 skiria vaikams, kurie aktyviai prisideda prie savo aplinkos gerinimo u\u017esiimdami naudinga veikla, taip pagyvenusiems ar speciali\u0173 poreiki\u0173 turintiems \u017emon\u0117ms, bei \u012fvairiems bendruomen\u0117s renginiams.<\/p>\n<\/div>\n<\/section>\n<\/div>\n<\/section>\n<\/div>\n<\/section>\n<\/div>\n<\/section>\n<\/div>\n<\/section>\n<\/div>\n<\/section>\n<\/div>\n<\/div><\/div><\/div><\/div><div class=\"wpb_column vc_column_container\"><div class=\"vc_column-inner\"><\/div><\/div><\/div><div class=\"ult-spacer spacer-69d4f37baefd9\" data-id=\"69d4f37baefd9\" data-height=\"50\" data-height-mobile=\"50\" data-height-tab=\"50\" data-height-tab-portrait=\"\" data-height-mobile-landscape=\"\" style=\"clear:both;display:block;\"><\/div><div class=\"g-cols wpb_row via_grid cols_3 laptops-cols_inherit tablets-cols_inherit mobiles-cols_1 valign_top type_default stacking_default\" style=\"--columns-gap:3rem;\"><div class=\"wpb_column vc_column_container\"><div class=\"vc_column-inner\"><div class=\"w-image align_none\"><div class=\"w-image-h\"><img decoding=\"async\" width=\"448\" height=\"277\" src=\"https:\/\/nstgruppen.no\/wp-content\/uploads\/2024\/01\/Sildabord_Fotor.jpg\" class=\"attachment-large size-large\" alt=\"\" loading=\"lazy\" srcset=\"https:\/\/nstgruppen.no\/wp-content\/uploads\/2024\/01\/Sildabord_Fotor.jpg 448w, https:\/\/nstgruppen.no\/wp-content\/uploads\/2024\/01\/Sildabord_Fotor-300x185.jpg 300w\" sizes=\"auto, (max-width: 448px) 100vw, 448px\" \/><\/div><\/div><\/div><\/div><div class=\"wpb_column vc_column_container\"><div class=\"vc_column-inner\"><div class=\"wpb_text_column\"><div class=\"wpb_wrapper\"><div class=\"flex_column av_one_full flex_column_div av-zero-column-padding first avia-builder-el-0 el_before_av_one_full avia-builder-el-first \">\n<section class=\"av_textblock_section\">\n<div class=\"avia_textblock \">\n<section class=\"av_textblock_section\">\n<div class=\"avia_textblock \">\n<section class=\"av_textblock_section\">\n<div class=\"avia_textblock \">\n<section class=\"av_textblock_section\">\n<div class=\"avia_textblock \">\n<p>Nuo 1997 m. mes remiame \u201cIlgiausio pasaulyje silki\u0173 stalo\u201d rengin\u012f, kur\u012f vykdo Vir\u0117j\u0173 asociacija. 2007 m., jubiliejinio renginio metu, buvome pagerbti u\u017e \u0161i prisid\u0117jim\u0105 asociacijos autorine Kareno Vikse keramikine statul\u0117le.<\/p>\n<\/div>\n<\/section>\n<\/div>\n<\/section>\n<\/div>\n<\/section>\n<\/div>\n<\/section>\n<\/div>\n<\/div><\/div><\/div><\/div><div class=\"wpb_column vc_column_container\"><div class=\"vc_column-inner\"><\/div><\/div><\/div><div class=\"ult-spacer spacer-69d4f37bafd14\" data-id=\"69d4f37bafd14\" data-height=\"50\" data-height-mobile=\"50\" data-height-tab=\"50\" data-height-tab-portrait=\"\" data-height-mobile-landscape=\"\" style=\"clear:both;display:block;\"><\/div><div class=\"g-cols wpb_row via_grid cols_3 laptops-cols_inherit tablets-cols_inherit mobiles-cols_1 valign_top type_default stacking_default\" style=\"--columns-gap:3rem;\"><div class=\"wpb_column vc_column_container\"><div class=\"vc_column-inner\"><div class=\"w-image align_none\"><div class=\"w-image-h\"><img decoding=\"async\" width=\"724\" height=\"1024\" src=\"https:\/\/nstgruppen.no\/wp-content\/uploads\/2024\/01\/Haugar-magasinet-724x1024.jpg\" class=\"attachment-large size-large\" alt=\"\" loading=\"lazy\" srcset=\"https:\/\/nstgruppen.no\/wp-content\/uploads\/2024\/01\/Haugar-magasinet-724x1024.jpg 724w, https:\/\/nstgruppen.no\/wp-content\/uploads\/2024\/01\/Haugar-magasinet-212x300.jpg 212w, https:\/\/nstgruppen.no\/wp-content\/uploads\/2024\/01\/Haugar-magasinet.jpg 1240w\" sizes=\"auto, (max-width: 724px) 100vw, 724px\" \/><\/div><\/div><\/div><\/div><div class=\"wpb_column vc_column_container\"><div class=\"vc_column-inner\"><div class=\"wpb_text_column\"><div class=\"wpb_wrapper\"><div class=\"flex_column av_one_full flex_column_div av-zero-column-padding first avia-builder-el-0 el_before_av_one_full avia-builder-el-first \">\n<section class=\"av_textblock_section\">\n<div class=\"avia_textblock \">\n<section class=\"av_textblock_section\">\n<div class=\"avia_textblock \">\n<section class=\"av_textblock_section\">\n<div class=\"avia_textblock \">\n<section class=\"av_textblock_section\">\n<div class=\"avia_textblock \">\n<p>2015 m. gruod\u017eio m\u0117n. \u201eNST Gruppen\u201c r\u0117m\u0117 futbolo klub\u0105 \u201eHaugar\u201c, paskelbdama reklam\u0105 \u201eHaugarmagasinet\u201c.<\/p>\n<\/div>\n<\/section>\n<\/div>\n<\/section>\n<\/div>\n<\/section>\n<\/div>\n<\/section>\n<\/div>\n<\/div><\/div><\/div><\/div><div class=\"wpb_column vc_column_container\"><div class=\"vc_column-inner\"><\/div><\/div><\/div><div class=\"ult-spacer spacer-69d4f37bb0a88\" data-id=\"69d4f37bb0a88\" data-height=\"50\" data-height-mobile=\"50\" data-height-tab=\"50\" data-height-tab-portrait=\"\" data-height-mobile-landscape=\"\" style=\"clear:both;display:block;\"><\/div><div class=\"g-cols wpb_row via_grid cols_3 laptops-cols_inherit tablets-cols_inherit mobiles-cols_1 valign_top type_default stacking_default\" style=\"--columns-gap:3rem;\"><div class=\"wpb_column vc_column_container\"><div class=\"vc_column-inner\"><div class=\"w-image align_none\"><div class=\"w-image-h\"><img decoding=\"async\" width=\"300\" height=\"225\" src=\"https:\/\/nstgruppen.no\/wp-content\/uploads\/2024\/01\/100ar-300x225-1.jpg\" class=\"attachment-large size-large\" alt=\"\" loading=\"lazy\" \/><\/div><\/div><\/div><\/div><div class=\"wpb_column vc_column_container\"><div class=\"vc_column-inner\"><div class=\"wpb_text_column\"><div class=\"wpb_wrapper\"><div class=\"flex_column av_one_full flex_column_div av-zero-column-padding first avia-builder-el-0 el_before_av_one_full avia-builder-el-first \">\n<section class=\"av_textblock_section\">\n<div class=\"avia_textblock \">\n<section class=\"av_textblock_section\">\n<div class=\"avia_textblock \">\n<section class=\"av_textblock_section\">\n<div class=\"avia_textblock \">\n<section class=\"av_textblock_section\">\n<div class=\"avia_textblock \">\n<p>2011 m. spal\u012f Vilniaus Lazdyn\u0173 rajonas, kuriame \u012fsik\u016brusi \u201eNST Baltija\u201c, sureng\u0117 rengin\u012f jubiliatams, kurie tais metais gal\u0117jo \u0161v\u0119sti 100 met\u0173 jubiliej\u0173.<\/p>\n<p>Mes gerbiame tok\u012f nema\u017e\u0105 am\u017ei\u0173 ir \u201eNST Baltija\u201c palaik\u0117 susitarim\u0105.<\/p>\n<\/div>\n<\/section>\n<\/div>\n<\/section>\n<\/div>\n<\/section>\n<\/div>\n<\/section>\n<\/div>\n<\/div><\/div><\/div><\/div><div class=\"wpb_column vc_column_container\"><div class=\"vc_column-inner\"><\/div><\/div><\/div><div class=\"ult-spacer spacer-69d4f37bb1ac7\" data-id=\"69d4f37bb1ac7\" data-height=\"50\" data-height-mobile=\"50\" data-height-tab=\"50\" data-height-tab-portrait=\"\" data-height-mobile-landscape=\"\" style=\"clear:both;display:block;\"><\/div><div class=\"g-cols wpb_row via_grid cols_3 laptops-cols_inherit tablets-cols_inherit mobiles-cols_1 valign_top type_default stacking_default\" style=\"--columns-gap:3rem;\"><div class=\"wpb_column vc_column_container\"><div class=\"vc_column-inner\"><div class=\"w-image align_none\"><div class=\"w-image-h\"><img decoding=\"async\" width=\"336\" height=\"207\" src=\"https:\/\/nstgruppen.no\/wp-content\/uploads\/2024\/01\/Fisketur-Skjold-skole_Fotor.jpg\" class=\"attachment-large size-large\" alt=\"\" loading=\"lazy\" srcset=\"https:\/\/nstgruppen.no\/wp-content\/uploads\/2024\/01\/Fisketur-Skjold-skole_Fotor.jpg 336w, https:\/\/nstgruppen.no\/wp-content\/uploads\/2024\/01\/Fisketur-Skjold-skole_Fotor-300x185.jpg 300w\" sizes=\"auto, (max-width: 336px) 100vw, 336px\" \/><\/div><\/div><\/div><\/div><div class=\"wpb_column vc_column_container\"><div class=\"vc_column-inner\"><div class=\"wpb_text_column\"><div class=\"wpb_wrapper\"><div class=\"flex_column av_one_full flex_column_div av-zero-column-padding first avia-builder-el-0 el_before_av_one_full avia-builder-el-first \">\n<section class=\"av_textblock_section\">\n<div class=\"avia_textblock \">\n<section class=\"av_textblock_section\">\n<div class=\"avia_textblock \">\n<section class=\"av_textblock_section\">\n<div class=\"avia_textblock \">\n<section class=\"av_textblock_section\">\n<div class=\"avia_textblock \">\n<p>2010 m. NST grup\u0117 r\u0117m\u0117 NJFF Rogaland (Norvegijos med\u017eiotoj\u0173, \u017evej\u0173 ir laukin\u0117s gamtos asociacijos) projekt\u0105, skirt\u0105 i\u0161vesti moksleivius \u012f gamt\u0105, kad su\u017einot\u0173 apie j\u0105. D\u0117l to daug dien\u0173 buvo praleista Rogalando apygardos pradini\u0173 mokykl\u0173 mokini\u0173 \u017evejybos stovykloje.<\/p>\n<p>M\u016bs\u0173 parama buvo skirta Vindafjordo Skjold mokyklos 6 klasei, kuri sureng\u0117 \u017evejybos dien\u0105, kurioje su\u017einojo apie \u017euv\u012f ir \u017evejyb\u0105, gal\u0117jo valgyti ir m\u0117gautis visa sugauta \u017euvimi.<\/p>\n<\/div>\n<\/section>\n<\/div>\n<\/section>\n<\/div>\n<\/section>\n<\/div>\n<\/section>\n<\/div>\n<\/div><\/div><\/div><\/div><div class=\"wpb_column vc_column_container\"><div class=\"vc_column-inner\"><\/div><\/div><\/div><div class=\"ult-spacer spacer-69d4f37bb2ac7\" data-id=\"69d4f37bb2ac7\" data-height=\"50\" data-height-mobile=\"50\" data-height-tab=\"50\" data-height-tab-portrait=\"\" data-height-mobile-landscape=\"\" style=\"clear:both;display:block;\"><\/div><div class=\"g-cols wpb_row via_grid cols_3 laptops-cols_inherit tablets-cols_inherit mobiles-cols_1 valign_top type_default stacking_default\" style=\"--columns-gap:3rem;\"><div class=\"wpb_column vc_column_container\"><div class=\"vc_column-inner\"><div class=\"w-image align_none\"><div class=\"w-image-h\"><img decoding=\"async\" width=\"372\" height=\"230\" src=\"https:\/\/nstgruppen.no\/wp-content\/uploads\/2024\/01\/HHK_Fotor.jpg\" class=\"attachment-large size-large\" alt=\"\" loading=\"lazy\" srcset=\"https:\/\/nstgruppen.no\/wp-content\/uploads\/2024\/01\/HHK_Fotor.jpg 372w, https:\/\/nstgruppen.no\/wp-content\/uploads\/2024\/01\/HHK_Fotor-300x185.jpg 300w\" sizes=\"auto, (max-width: 372px) 100vw, 372px\" \/><\/div><\/div><\/div><\/div><div class=\"wpb_column vc_column_container\"><div class=\"vc_column-inner\"><div class=\"wpb_text_column\"><div class=\"wpb_wrapper\"><div class=\"flex_column av_one_full flex_column_div av-zero-column-padding first avia-builder-el-0 el_before_av_one_full avia-builder-el-first \">\n<section class=\"av_textblock_section\">\n<div class=\"avia_textblock \">\n<section class=\"av_textblock_section\">\n<div class=\"avia_textblock \">\n<section class=\"av_textblock_section\">\n<div class=\"avia_textblock \">\n<section class=\"av_textblock_section\">\n<div class=\"avia_textblock \">\n<p>2010 m. NST grup\u0117 taip pat r\u0117m\u0117 Haugaland H\u00e5ndballklubb, kad i\u0161vengt\u0173 bankroto.<\/p>\n<p>Taip pat suteik\u0117me ilgalaik\u0119 param\u0105 Haugesund Ridesenter (Stable) Haugesund mieste.<\/p>\n<\/div>\n<\/section>\n<\/div>\n<\/section>\n<\/div>\n<\/section>\n<\/div>\n<\/section>\n<\/div>\n<\/div><\/div><\/div><\/div><div class=\"wpb_column vc_column_container\"><div class=\"vc_column-inner\"><\/div><\/div><\/div><div class=\"ult-spacer spacer-69d4f37bb37df\" data-id=\"69d4f37bb37df\" data-height=\"50\" data-height-mobile=\"50\" data-height-tab=\"50\" data-height-tab-portrait=\"\" data-height-mobile-landscape=\"\" style=\"clear:both;display:block;\"><\/div><div class=\"g-cols wpb_row via_grid cols_3 laptops-cols_inherit tablets-cols_inherit mobiles-cols_1 valign_top type_default stacking_default\" style=\"--columns-gap:3rem;\"><div class=\"wpb_column vc_column_container\"><div class=\"vc_column-inner\"><div class=\"w-image align_none\"><div class=\"w-image-h\"><img decoding=\"async\" width=\"448\" height=\"277\" src=\"https:\/\/nstgruppen.no\/wp-content\/uploads\/2024\/01\/Polen_Fotor.jpg\" class=\"attachment-large size-large\" alt=\"\" loading=\"lazy\" srcset=\"https:\/\/nstgruppen.no\/wp-content\/uploads\/2024\/01\/Polen_Fotor.jpg 448w, https:\/\/nstgruppen.no\/wp-content\/uploads\/2024\/01\/Polen_Fotor-300x185.jpg 300w\" sizes=\"auto, (max-width: 448px) 100vw, 448px\" \/><\/div><\/div><\/div><\/div><div class=\"wpb_column vc_column_container\"><div class=\"vc_column-inner\"><div class=\"wpb_text_column\"><div class=\"wpb_wrapper\"><div class=\"flex_column av_one_full flex_column_div av-zero-column-padding first avia-builder-el-0 el_before_av_one_full avia-builder-el-first \">\n<section class=\"av_textblock_section\">\n<div class=\"avia_textblock \">\n<section class=\"av_textblock_section\">\n<div class=\"avia_textblock \">\n<section class=\"av_textblock_section\">\n<div class=\"avia_textblock \">\n<section class=\"av_textblock_section\">\n<div class=\"avia_textblock \">\n<p>2009 m. NST grup\u0117 r\u0117m\u0117 10E klas\u0119 Vormedal vidurin\u0117je mokykloje per savo pirm\u0105j\u0105 kelion\u0119 \u012f Lenkij\u0105, kur jie, be kit\u0173 viet\u0173, aplank\u0117 Antrojo pasaulinio karo laik\u0173 Au\u0161vi\u010d koncentracijos stovykl\u0105.<br \/>\nKair\u0117je yra 10A ir 10E klas\u0117s paveiksl\u0117lis kartu su mokytojais ir sek\u0117jais.<\/p>\n<p>Taip pat \u0161iais metais t\u0119s\u0117me param\u0105 \u201eNord Sportsclub\u201c mergin\u0173, gimusi\u0173 -94 m., rankinio komandai.<\/p>\n<\/div>\n<\/section>\n<\/div>\n<\/section>\n<\/div>\n<\/section>\n<\/div>\n<\/section>\n<\/div>\n<\/div><\/div><\/div><\/div><div class=\"wpb_column vc_column_container\"><div class=\"vc_column-inner\"><\/div><\/div><\/div><div class=\"ult-spacer spacer-69d4f37bb4452\" data-id=\"69d4f37bb4452\" data-height=\"50\" data-height-mobile=\"50\" data-height-tab=\"50\" data-height-tab-portrait=\"\" data-height-mobile-landscape=\"\" style=\"clear:both;display:block;\"><\/div><div class=\"g-cols wpb_row via_grid cols_3 laptops-cols_inherit tablets-cols_inherit mobiles-cols_1 valign_top type_default stacking_default\" style=\"--columns-gap:3rem;\"><div class=\"wpb_column vc_column_container\"><div class=\"vc_column-inner\"><div class=\"w-image align_none\"><div class=\"w-image-h\"><img decoding=\"async\" width=\"448\" height=\"277\" src=\"https:\/\/nstgruppen.no\/wp-content\/uploads\/2024\/01\/Lillesund_Fotor.jpg\" class=\"attachment-large size-large\" alt=\"\" loading=\"lazy\" srcset=\"https:\/\/nstgruppen.no\/wp-content\/uploads\/2024\/01\/Lillesund_Fotor.jpg 448w, https:\/\/nstgruppen.no\/wp-content\/uploads\/2024\/01\/Lillesund_Fotor-300x185.jpg 300w\" sizes=\"auto, (max-width: 448px) 100vw, 448px\" \/><\/div><\/div><\/div><\/div><div class=\"wpb_column vc_column_container\"><div class=\"vc_column-inner\"><div class=\"wpb_text_column\"><div class=\"wpb_wrapper\"><div class=\"flex_column av_one_full flex_column_div av-zero-column-padding first avia-builder-el-0 el_before_av_one_full avia-builder-el-first \">\n<section class=\"av_textblock_section\">\n<div class=\"avia_textblock \">\n<section class=\"av_textblock_section\">\n<div class=\"avia_textblock \">\n<section class=\"av_textblock_section\">\n<div class=\"avia_textblock \">\n<section class=\"av_textblock_section\">\n<div class=\"avia_textblock \">\n<p align=\"left\">2008 m. mes finansavome Lillesundo mokyklos 7b klas\u0117s mokini\u0173 kelion\u0119 \u012f Vakar\u0173 Burton miest\u0105 \u0161iaur\u0117s Jork\u0161yre, Jungtin\u0117je Karalyst\u0117je. Vaikai taip pat \u017eenkliai prisid\u0117jos rinkdami l\u0117\u0161as \u0161iai kelionei.<\/p>\n<p>\u0160ie mokinai dalyvavo \u201cComenius\u201d programoje, skatinan\u010dioje Europos mokykl\u0173 bendradarbiavim\u0105.<\/p>\n<p>Mes tai pat r\u0117m\u0117me\u00a0mergai\u010di\u0173 rankinio komandos \u201cNord\u201d kelion\u0119 \u012f turnir\u0105 Kristiansand mieste.<\/p>\n<\/div>\n<\/section>\n<\/div>\n<\/section>\n<\/div>\n<\/section>\n<\/div>\n<\/section>\n<\/div>\n<\/div><\/div><\/div><\/div><div class=\"wpb_column vc_column_container\"><div class=\"vc_column-inner\"><\/div><\/div><\/div><div class=\"ult-spacer spacer-69d4f37bb5b6a\" data-id=\"69d4f37bb5b6a\" data-height=\"50\" data-height-mobile=\"50\" data-height-tab=\"50\" data-height-tab-portrait=\"\" data-height-mobile-landscape=\"\" style=\"clear:both;display:block;\"><\/div><div class=\"g-cols wpb_row via_grid cols_3 laptops-cols_inherit tablets-cols_inherit mobiles-cols_1 valign_top type_default stacking_default\" style=\"--columns-gap:3rem;\"><div class=\"wpb_column vc_column_container\"><div class=\"vc_column-inner\"><div class=\"w-image align_none\"><div class=\"w-image-h\"><img decoding=\"async\" width=\"448\" height=\"336\" src=\"https:\/\/nstgruppen.no\/wp-content\/uploads\/2024\/01\/Jenter94.jpg\" class=\"attachment-large size-large\" alt=\"\" loading=\"lazy\" srcset=\"https:\/\/nstgruppen.no\/wp-content\/uploads\/2024\/01\/Jenter94.jpg 448w, https:\/\/nstgruppen.no\/wp-content\/uploads\/2024\/01\/Jenter94-300x225.jpg 300w\" sizes=\"auto, (max-width: 448px) 100vw, 448px\" \/><\/div><\/div><\/div><\/div><div class=\"wpb_column vc_column_container\"><div class=\"vc_column-inner\"><div class=\"wpb_text_column\"><div class=\"wpb_wrapper\"><div class=\"flex_column av_one_full flex_column_div av-zero-column-padding first avia-builder-el-0 el_before_av_one_full avia-builder-el-first \">\n<section class=\"av_textblock_section\">\n<div class=\"avia_textblock \">\n<section class=\"av_textblock_section\">\n<div class=\"avia_textblock \">\n<section class=\"av_textblock_section\">\n<div class=\"avia_textblock \">\n<section class=\"av_textblock_section\">\n<div class=\"avia_textblock \">\n<p>2007 m. mes par\u0117m\u0117me sporto klubo \u201cNord\u201d mergai\u010di\u0173 rankinio komand\u0105 naujomis sporto aprangomis.<\/p>\n<p>\u0160iais metais mes surinkome vaiki\u0161k\u0173 drabu\u017ei\u0173 bei \u017eaisl\u0173 vieni\u0161ai sunkiai besiver\u010dian\u010diai ir daug vaik\u0173 auginan\u010diai mamai Lietuvoje.<\/p>\n<\/div>\n<\/section>\n<\/div>\n<\/section>\n<\/div>\n<\/section>\n<\/div>\n<\/section>\n<\/div>\n<\/div><\/div><\/div><\/div><div class=\"wpb_column vc_column_container\"><div class=\"vc_column-inner\"><\/div><\/div><\/div><div class=\"ult-spacer spacer-69d4f37bb6eb6\" data-id=\"69d4f37bb6eb6\" data-height=\"50\" data-height-mobile=\"50\" data-height-tab=\"50\" data-height-tab-portrait=\"\" data-height-mobile-landscape=\"\" style=\"clear:both;display:block;\"><\/div><\/div><\/div><\/div><\/div><\/section>\n","protected":false},"excerpt":{"rendered":"[vc_custom_heading source=\"post_title\" font_container=\"tag:h3|text_align:left\" use_theme_fonts=\"yes\"]Prad\u017eiaPuslapiai R\u0116MIMO PROGRAMOS: &nbsp; NST Group nusprend\u0117, kad turi galimyb\u0119 prisid\u0117ti remiant bendruomen\u0119 aplinkoje, kurioje \u012fmon\u0117 veikia. Daugiausia l\u0117\u0161\u0173 \u012fmon\u0117 skiria vaikams, kurie aktyviai prisideda prie savo aplinkos gerinimo u\u017esiimdami naudinga veikla, taip pagyvenusiems ar speciali\u0173 poreiki\u0173 turintiems \u017emon\u0117ms, bei \u012fvairiems bendruomen\u0117s renginiams. Nuo 1997 m. mes remiame \u201cIlgiausio pasaulyje silki\u0173 stalo\u201d...","protected":false},"author":1,"featured_media":0,"parent":0,"menu_order":0,"comment_status":"closed","ping_status":"closed","template":"","meta":{"footnotes":""},"class_list":["post-1523","page","type-page","status-publish","hentry"],"_links":{"self":[{"href":"https:\/\/nstgruppen.no\/lt\/wp-json\/wp\/v2\/pages\/1523","targetHints":{"allow":["GET"]}}],"collection":[{"href":"https:\/\/nstgruppen.no\/lt\/wp-json\/wp\/v2\/pages"}],"about":[{"href":"https:\/\/nstgruppen.no\/lt\/wp-json\/wp\/v2\/types\/page"}],"author":[{"embeddable":true,"href":"https:\/\/nstgruppen.no\/lt\/wp-json\/wp\/v2\/users\/1"}],"replies":[{"embeddable":true,"href":"https:\/\/nstgruppen.no\/lt\/wp-json\/wp\/v2\/comments?post=1523"}],"version-history":[{"count":2,"href":"https:\/\/nstgruppen.no\/lt\/wp-json\/wp\/v2\/pages\/1523\/revisions"}],"predecessor-version":[{"id":1525,"href":"https:\/\/nstgruppen.no\/lt\/wp-json\/wp\/v2\/pages\/1523\/revisions\/1525"}],"wp:attachment":[{"href":"https:\/\/nstgruppen.no\/lt\/wp-json\/wp\/v2\/media?parent=1523"}],"curies":[{"name":"wp","href":"https:\/\/api.w.org\/{rel}","templated":true}]}}