{"id":1521,"date":"2024-01-11T08:26:28","date_gmt":"2024-01-11T07:26:28","guid":{"rendered":"http:\/\/1230523-www.web.tornado-node.net\/medlemsskap\/"},"modified":"2024-01-12T13:56:04","modified_gmt":"2024-01-12T12:56:04","slug":"medlemsskap","status":"publish","type":"page","link":"https:\/\/nstgruppen.no\/lt\/medlemsskap\/","title":{"rendered":"NARYST\u0116"},"content":{"rendered":"<section class=\"l-section wpb_row us_custom_dd83e7c2 height_auto\"><div class=\"l-section-h i-cf\"><div class=\"g-cols vc_row via_grid cols_2 laptops-cols_inherit tablets-cols_inherit mobiles-cols_1 valign_middle type_default stacking_default\" style=\"--columns-gap:0px;\"><div class=\"wpb_column vc_column_container\"><div class=\"vc_column-inner\">[vc_custom_heading source=&#8221;post_title&#8221; font_container=&#8221;tag:h3|text_align:left&#8221; use_theme_fonts=&#8221;yes&#8221;]<\/div><\/div><div class=\"wpb_column vc_column_container\"><div class=\"vc_column-inner\"><div class=\"w-hwrapper us_custom_66a436fb valign_stretch default_align_left laptops_align_left tablets_align_left mobiles_align_right\"><nav class=\"g-breadcrumbs us_custom_481f6ca8 inliner separator_icon align_none\" itemscope itemtype=\"http:\/\/schema.org\/BreadcrumbList\"><div class=\"g-breadcrumbs-item\" itemscope itemprop=\"itemListElement\" itemtype=\"http:\/\/schema.org\/ListItem\"><a itemprop=\"item\" href=\"https:\/\/nstgruppen.no\/lt\/\"><span itemprop=\"name\">Prad\u017eia<\/span><\/a><meta itemprop=\"position\" content=\"1\"\/><\/div><div class=\"g-breadcrumbs-separator\"><i class=\"far fa-angle-right\"><\/i><\/div><div class=\"g-breadcrumbs-item\">Puslapiai<\/div><\/nav><\/div><\/div><\/div><\/div><\/div><\/section><section class=\"l-section wpb_row height_custom\"><div class=\"l-section-h i-cf\"><div class=\"g-cols vc_row via_grid cols_2-1 laptops-cols_inherit tablets-cols_inherit mobiles-cols_1 valign_top type_default stacking_default\"><div class=\"wpb_column vc_column_container\"><div class=\"vc_column-inner\"><div class=\"wpb_text_column\"><div class=\"wpb_wrapper\"><div class=\"flex_column av_one_full flex_column_div av-zero-column-padding first avia-builder-el-0 el_before_av_one_full avia-builder-el-first \">\n<section class=\"av_textblock_section\">\n<div class=\"avia_textblock \">\n<section class=\"av_textblock_section\">\n<div class=\"avia_textblock \">\n<section class=\"av_textblock_section\">\n<div class=\"avia_textblock \">\n<section class=\"av_textblock_section\">\n<div class=\"avia_textblock \">\n<section class=\"av_textblock_section\">\n<div class=\"avia_textblock \">\n<p><strong>NST GROUP NARYST\u0116:<\/strong><\/p>\n<\/div>\n<\/section>\n<section class=\"av_textblock_section\">\n<div class=\"avia_textblock \">\n<p><strong>NORVEGIJOJE:<\/strong><\/p>\n<p><strong>Oppl\u00e6ringskontoret for teknologifag<\/strong><em>\u00a0(Technologij\u0173 mokym\u0173 asociacija):<\/em><br \/>\nTai technologij\u0173 mokym\u0173 asociacija Haugalandet regione. \u0160ios asociacijos organizuotuose apmokymose nuolat dalyvauja apie 100 asmen\u0173.<\/p>\n<p><em>NST Group<\/em> generalinis direktorius Jan Thorstensen buvo \u0161ios asociacijos valdybos narys nuo pat jos \u012fk\u016brimo prad\u017eios 2004 m. iki 2014 m. \u00a0Be to jis buvo apmokym\u0173 komiteto narys pramoniniams da\u017eytojams Rogaland regione 2002-2014 m., o tai pat dalyvavo \u0160vietimo direktorato \u012fkurtoje kokyb\u0117s kontrol\u0117s grup\u0117je.<\/p>\n<p><strong>Maritimt Forum for Haugalandet og Sunnhordland: <\/strong><em>(J\u016breivyst\u0117s organizacija):<\/em><em><br \/>\n<\/em>\u0160i organizacija vienija 139 \u012fmones nares. Pagrindin\u0117s jos veiklos sritys yra verslo politika, mokym\u0173 ir kompetencijos klausimai, o taip pat tinklo tarp \u012fmoni\u0173 nari\u0173 k\u016brimas.<\/p>\n<p><strong>\u00a0<\/strong><\/p>\n<p><strong>LIETUVOJE:<\/strong><\/p>\n<p><strong>Lietuvos laikinojo \u012fdarbinimo \u012fmoni\u0173 asociacija:<\/strong><br \/>\n\u012ek\u016br\u0119 \u012fmon\u0119 Lietuvoje siek\u0117me, kad \u00a0personalo nuomos veikla tapt\u0173 skaidresn\u0117 ir atitikt\u0173 Lietuvos \u012fstatymus. \u0160iuo tikslu <em>NST Baltija<\/em> kartu su \u0161e\u0161iomis kitomis \u012fmon\u0117mis 2007 m. inicijavo Lietuvos laikinojo \u012fdarbinimo \u012fmoni\u0173 asociacijos \u012fk\u016brim\u0105. \u0160iuo metu asiciacijai priklauso 14 \u012fmoni\u0173.<\/p>\n<p>Asociacijos tikslas \u2013 dalyvauti kuriant darbo nuomos \u012fstatymin\u0119 baz\u0119 Lietuvoje, siekti personalo nuomos rinkos pl\u0117tojimo ir visi\u0161ko veiklos skaidrumo, \u00a0skatinti rinkos dalyvius naudotis laikino \u012fdarbinimo paslaugomis ir taip prisid\u0117ti prie nelegalaus darbo ma\u017einimo.<\/p>\n<p>Asociacija buvo \u012fkurta \u012fmon\u0117s <em>NST Baltija<\/em> patalpose. \u0160ios \u012fmon\u0117s direktor\u0117 Rita Sokolovien\u0117 tapo pirm\u0105ja asociacijos vadove. \u0160iuo metu asociacijai vadovauja dabartin\u0117 <em>NST Baltija <\/em>direktor\u0117 Dalia Mick\u016bnien\u0117. Ji taip pat yra ir asociacijos valdybos nar\u0117.<\/p>\n<\/div>\n<\/section>\n<\/div>\n<\/section>\n<\/div>\n<\/section>\n<\/div>\n<\/section>\n<\/div>\n<\/section>\n<\/div>\n<\/div><\/div><\/div><\/div><div class=\"wpb_column vc_column_container\"><div class=\"vc_column-inner\"><\/div><\/div><\/div><\/div><\/section>\n","protected":false},"excerpt":{"rendered":"[vc_custom_heading source=\"post_title\" font_container=\"tag:h3|text_align:left\" use_theme_fonts=\"yes\"]Prad\u017eiaPuslapiai NST GROUP NARYST\u0116: NORVEGIJOJE: Oppl\u00e6ringskontoret for teknologifag\u00a0(Technologij\u0173 mokym\u0173 asociacija): Tai technologij\u0173 mokym\u0173 asociacija Haugalandet regione. \u0160ios asociacijos organizuotuose apmokymose nuolat dalyvauja apie 100 asmen\u0173. NST Group generalinis direktorius Jan Thorstensen buvo \u0161ios asociacijos valdybos narys nuo pat jos \u012fk\u016brimo prad\u017eios 2004 m. iki 2014 m. \u00a0Be to jis buvo apmokym\u0173 komiteto...","protected":false},"author":1,"featured_media":0,"parent":0,"menu_order":0,"comment_status":"closed","ping_status":"closed","template":"","meta":{"footnotes":""},"class_list":["post-1521","page","type-page","status-publish","hentry"],"_links":{"self":[{"href":"https:\/\/nstgruppen.no\/lt\/wp-json\/wp\/v2\/pages\/1521","targetHints":{"allow":["GET"]}}],"collection":[{"href":"https:\/\/nstgruppen.no\/lt\/wp-json\/wp\/v2\/pages"}],"about":[{"href":"https:\/\/nstgruppen.no\/lt\/wp-json\/wp\/v2\/types\/page"}],"author":[{"embeddable":true,"href":"https:\/\/nstgruppen.no\/lt\/wp-json\/wp\/v2\/users\/1"}],"replies":[{"embeddable":true,"href":"https:\/\/nstgruppen.no\/lt\/wp-json\/wp\/v2\/comments?post=1521"}],"version-history":[{"count":1,"href":"https:\/\/nstgruppen.no\/lt\/wp-json\/wp\/v2\/pages\/1521\/revisions"}],"predecessor-version":[{"id":1522,"href":"https:\/\/nstgruppen.no\/lt\/wp-json\/wp\/v2\/pages\/1521\/revisions\/1522"}],"wp:attachment":[{"href":"https:\/\/nstgruppen.no\/lt\/wp-json\/wp\/v2\/media?parent=1521"}],"curies":[{"name":"wp","href":"https:\/\/api.w.org\/{rel}","templated":true}]}}