{"id":1518,"date":"2024-01-11T08:19:26","date_gmt":"2024-01-11T07:19:26","guid":{"rendered":"http:\/\/1230523-www.web.tornado-node.net\/historie\/"},"modified":"2024-01-12T13:48:27","modified_gmt":"2024-01-12T12:48:27","slug":"historie","status":"publish","type":"page","link":"https:\/\/nstgruppen.no\/lt\/historie\/","title":{"rendered":"ISTORIJA"},"content":{"rendered":"<section class=\"l-section wpb_row us_custom_dd83e7c2 height_auto\"><div class=\"l-section-h i-cf\"><div class=\"g-cols vc_row via_grid cols_2 laptops-cols_inherit tablets-cols_inherit mobiles-cols_1 valign_middle type_default stacking_default\" style=\"--columns-gap:0px;\"><div class=\"wpb_column vc_column_container\"><div class=\"vc_column-inner\">[vc_custom_heading source=&#8221;post_title&#8221; font_container=&#8221;tag:h3|text_align:left&#8221; use_theme_fonts=&#8221;yes&#8221;]<\/div><\/div><div class=\"wpb_column vc_column_container\"><div class=\"vc_column-inner\"><div class=\"w-hwrapper us_custom_66a436fb valign_stretch default_align_left laptops_align_left tablets_align_left mobiles_align_right\"><nav class=\"g-breadcrumbs us_custom_481f6ca8 inliner separator_icon align_none\" itemscope itemtype=\"http:\/\/schema.org\/BreadcrumbList\"><div class=\"g-breadcrumbs-item\" itemscope itemprop=\"itemListElement\" itemtype=\"http:\/\/schema.org\/ListItem\"><a itemprop=\"item\" href=\"https:\/\/nstgruppen.no\/lt\/\"><span itemprop=\"name\">Prad\u017eia<\/span><\/a><meta itemprop=\"position\" content=\"1\"\/><\/div><div class=\"g-breadcrumbs-separator\"><i class=\"far fa-angle-right\"><\/i><\/div><div class=\"g-breadcrumbs-item\">Puslapiai<\/div><\/nav><\/div><\/div><\/div><\/div><\/div><\/section><section class=\"l-section wpb_row height_custom\"><div class=\"l-section-h i-cf\"><div class=\"g-cols vc_row via_grid cols_2-1 laptops-cols_inherit tablets-cols_inherit mobiles-cols_1 valign_top type_default stacking_default\"><div class=\"wpb_column vc_column_container\"><div class=\"vc_column-inner\"><div class=\"wpb_text_column\"><div class=\"wpb_wrapper\"><div class=\"flex_column av_one_full flex_column_div av-zero-column-padding first avia-builder-el-0 el_before_av_one_full avia-builder-el-first \">\n<section class=\"av_textblock_section\">\n<div class=\"avia_textblock \">\n<section class=\"av_textblock_section\">\n<div class=\"avia_textblock \">\n<section class=\"av_textblock_section\">\n<div class=\"avia_textblock \">\n<section class=\"av_textblock_section\">\n<div class=\"avia_textblock \">\n<section class=\"av_textblock_section\">\n<div class=\"avia_textblock \">\n<p><strong>ISTORIJA<\/strong><\/p>\n<\/div>\n<\/section>\n<section class=\"av_textblock_section\">\n<div class=\"avia_textblock \">\n<p><strong>1995<\/strong><br \/>\nPirmoji <em>NST Group<\/em> \u012fmoni\u0173 grupei priklausanti \u012fmon\u0117 <em>NST Contracting<\/em> \u012fkurta 1995 metais.Tik \u012fsik\u016brus pirmajai \u012fmonei, pagrindin\u0117s veiklos sritys buvo pastoli\u0173 montavimas bei pramoninis laiv\u0173 da\u017eymas laiv\u0173 statyklose vakarin\u0117je Norvegijos pakrant\u0117je. Per kelerius metus \u012fmon\u0117s teikiamos paslaugos spar\u010diai i\u0161sipl\u0117tojo \u2013 prad\u0117ti vykdyti auk\u0161tuminiai darbai, pramoninis valymas, da\u017eymas ir kiti su \u0161iomis paslaugomis susij\u0119 darbai. <em>NST Contracting<\/em> klientais tapo ne tik laiv\u0173 statyklos, bet ir metalo liejyklos, sunkiosios pramon\u0117s \u012fmon\u0117s, laiv\u0173 savininkai, naftos platformos bei kiti.<\/p>\n<p><strong>1997<\/strong><br \/>\nBankrutavus vienai \u00c5lesundo \u012fmonei, kuri vykd\u0117 plovimo darbus ultra auk\u0161to sl\u0117gio vandens srove, <em>NST Contracting<\/em>\u012fsigijo jos turt\u0105 ir \u012fk\u016br\u0117 dukterin\u0119 \u012fmon\u0119 <em>NST M\u00f8re<\/em>.<\/p>\n<p>Neilgai trukus\u00a0 mes nusprend\u0117me perkelti \u012fmon\u0117s veikl\u0105 i\u0161 \u00c5lesundo \u012f Haugesundo miest\u0105, kuriame buvo pagrindin\u0117 b\u016bstin\u0117, ir pakeisti \u012fmon\u0117s pavadinim\u0105 \u012f <em>NST<\/em> <em>Ultra High Pressure Axis<\/em>.<\/p>\n<p><strong>1999<\/strong><br \/>\nKadangi kai kurie klientai mus vis\u0105 laik\u0105 \u201espaud\u0117\u201c, kad \u00a0atliktume inspektavim\u0105 bei teiktume NDT paslaugas, mes \u012fk\u016br\u0117me nauj\u0105 dukterin\u0119 \u012fmon\u0119 <em>NST Inspection.<\/em><\/p>\n<p><strong>2002<\/strong><br \/>\n2002 m., pablog\u0117jus rinkos s\u0105lygoms, atsirado b\u016btinyb\u0117 reorganizuoti \u012fmoni\u0173 veikl\u0105 ir strukt\u016br\u0105 taip, kad <em>NST Group<\/em>b\u016bt\u0173 lankstesn\u0117 ir pasiruo\u0161usi rinkos poky\u010diams. Reorganizuojant strukt\u016br\u0105, buvo \u012fkurtos dar dvi \u012fmon\u0117s. <em>NST Industries<\/em> tapo motinine \u012fmone, o kitos \u012fmon\u0117s tapo dukterin\u0117mis \u012fmon\u0117mis. Nuo tada prad\u0117tas naudoti visoms \u012fmon\u0117ms bendras marketingo vardas <em>NST Group.<\/em><\/p>\n<p><em>\u00a0<\/em>Reorganizuojant veikl\u0105, buvo atsisakyta NDT paslaug\u0173, o <em>NST Inspection<\/em> buvo \u012fjungta \u012f \u012fmon\u0117s <em>NST Contracting veikl\u0105<\/em>. Po \u0161ios restrukt\u016brizacijos pavir\u0161i\u0173 apsaugos paslaugos bei subrangoviniai darbai i\u0161lieka viena pagrindini\u0173 <em>NST Group<\/em>veikl\u0173.<\/p>\n<p><strong>2003<br \/>\n<\/strong>2004 m., \u012f Europos S\u0105jung\u0105 \u012fstojus de\u0161im\u010diai nauj\u0173 nari\u0173, Norvegijos sienos atsiv\u0117r\u0117 u\u017esienio darbo j\u0117gai bei u\u017esienio \u012fmon\u0117ms su \u017eemesniais gamybos ka\u0161tais. <em>NST Group<\/em> jau buvo \u012f\u017evelgusi tarptautin\u0117s veiklos galimybes ir 2003 m. \u012fk\u016br\u0117 \u012fmon\u0119 Lietuvoje, Vilniuje. Tai buvo atlikta po i\u0161ankstinio Lietuvos rinkos tyrimo bei atstovo biuro \u012fk\u016brimo \u0161ioje \u0161alyje.<\/p>\n<p>\u012emon\u0117s Lietuvoje \u012fk\u016brimo tikslas buvo apr\u016bpinti <em>NST Group<\/em> \u012fmones darbo j\u0117ga. Ta\u010diau personalo nuomos veiklos paslaugos kitoms \u012fmon\u0117ms taip pat spar\u010diai augo. Ilgainiui m\u016bs\u0173 klientai \u012fsitikino, kad mes dirbame rimtai ir skaidriai naujai atsiradusios ir menkai \u012fstatymais kontroliuojamos veiklos \u201cd\u017eiungl\u0117se\u201c.<\/p>\n<p>Personalo nuoma \u0161iandien yra viena pagrindini\u0173 <em>NST Group<\/em> veiklos sri\u010di\u0173.<\/p>\n<p><strong>2004<\/strong><br \/>\nMes nuolatos siekiame sinergijos ir ie\u0161kome nauj\u0173 veiklos sri\u010di\u0173, tod\u0117l nusprend\u0117me teikti\u00a0 statybos darb\u0173 paslaugas pavir\u0161i\u0173 apdorojimo srityje. \u0160i\u0105 veikl\u0105 prad\u0117jo vykdyti viena i\u0161 esam\u0173 \u012fmoni\u0173 <em>NST Ultra High Pressure Axis<\/em>, kuri netrukus \u012fgavo nauj\u0105 pavadinim\u0105 <em>NST Byggservice.<\/em> \u0160iandien \u0161i \u012fmon\u0117 teikia daug daugiau paslaug\u0173 nei da\u017eymas ir grind\u0173 klojimas. Mes klojame plyteles, dirbame m\u016bro ir med\u017eio darbus.<\/p>\n<p>S\u0117kmingai i\u0161pl\u0117totos statyb\u0173 paslaugos \u0161iandien rodo, kad darbai \u0161iame sektoriuje taip pat yra viena i\u0161 pagrindini\u0173 m\u016bs\u0173 veiklos sri\u010di\u0173.<\/p>\n<p><strong>2006<\/strong><br \/>\n\u0160iais metais daugelis \u012fmoni\u0173 pajuto darbo j\u0117gos tr\u016bkum\u0105, tod\u0117l mes u\u017emezg\u0117me ry\u0161ius su Vokietija ir paskyr\u0117me savo atstov\u0105 Rumunijoje, Konstancos mieste.<\/p>\n<p><strong>2007<\/strong><br \/>\nMes pakeit\u0117me lokacijos viet\u0105 i\u0161 Konstancos \u012f Brasov\u0105 (Transilvanija) ir \u012fk\u016br\u0117me ten savo biur\u0105.<\/p>\n<p>Tuo pa\u010diu metu paskyr\u0117me savo atstov\u0105 Zaporo\u017e\u0117je (Ukraina). Jo pagrindin\u0117 u\u017eduotis buvo pagreitinti darbo leidim\u0173 i\u0161davim\u0105 ukrainie\u010diams, norintiems dirbti ES \u0161alyse.<\/p>\n<p><strong>2008<\/strong><br \/>\nNuolatin\u0117s nauj\u0173 veiklos sri\u010di\u0173 paie\u0161kos nul\u0117m\u0117 tai, kad 2008 m. mes prad\u0117jome teikti valymo paslaugas verslo \u012fmon\u0117ms ir privatiems klientams. \u0160ios veiklos \u0117m\u0117si viena i\u0161 <em>NST Group<\/em> \u012fmoni\u0173 <em>NST Inspection<\/em>, pakeitusi pavadinim\u0105 \u012f <em>NST Renhold<\/em>.<\/p>\n<p>Taip mes u\u017etikrintu \u017eingsniu \u017eeng\u0117me \u012f privat\u0173 sektori\u0173, kuriame anks\u010diau nebuvome dirb\u0119, i\u0161skyrus tuos retus atvejus, kai \u012frengin\u0117jome butus privatiems klientams. Tai rei\u0161k\u0117 naujus i\u0161\u0161\u016bkius, nes dabar teik\u0117me paslaugas ne vienam stambiam u\u017esakovui, bet daugeliui smulkesni\u0173. Mes sieksime, kad valymo paslaugos tapt\u0173 viena i\u0161 pagrindini\u0173 <em>NST Group<\/em> veiklos sri\u010di\u0173.<\/p>\n<p>2008 m. pabaigoje buvo u\u017edarytas m\u016bs\u0173 biuras Ukrainoje, nes d\u0117l did\u0117jan\u010dios finans\u0173 kriz\u0117s suma\u017e\u0117jo Ukrainos darbo j\u0117gos poreikis.<\/p>\n<p>Be to, 2008 m. buvo nuspr\u0119sta i\u0161tirti sveikatos prie\u017ei\u016bros paslaug\u0173 poreik\u012f Lietuvoje.<\/p>\n<p><strong>2009<\/strong><br \/>\n2009 m. vasar\u0105,\u00a0 po visus metus trukusi\u0173 paruo\u0161iam\u0173j\u0173\u00a0 darb\u0173,\u00a0 <em>UAB NST Baltija<\/em> buvo suteikta \u012fstaigos asmens sveikatos prie\u017ei\u016bros licencija ir ji prad\u0117jo teikti slaugos ir medicinos personalo nuomos paslaugas.<\/p>\n<p><strong>2012<\/strong><br \/>\n\u0160iais metais savo buhalterin\u0117s apskaitos darbus nusprend\u0117me perkelti \u012f Vilni\u0173, kur jie s\u0117kmingai buvo vykdomi ir anks\u010diau.<\/p>\n<p>Met\u0173 pabaigoje u\u017edar\u0117me savo biur\u0105 Rumunijoje, nes nebeliko poreikio \u0161ios \u0161alies darbo j\u0117gai.<\/p>\n<p><strong>2014<\/strong><br \/>\nKadangi jau daug met\u0173 vykd\u0117me Norvegijos \u012fmoni\u0173\u00a0 buhalterin\u0119 apskait\u0105 i\u0161 m\u016bs\u0173 biuro Lietuvoje ir sulauk\u0117me puikaus auditori\u0173 \u012fvertinimo,\u00a0 nusprend\u0117me pasi\u016blyti toki\u0105 paslaug\u0105\u00a0 ir Lietuvoje \u012fsik\u016brusioms\u00a0 \u012fmon\u0117ms.<\/p>\n<p>Taip atsirado dar viena \u012fmon\u0117 Lietuvoje \u2013 UAB <em>NST Accounting<\/em>.\u00a0 \u012emon\u0117 labai spar\u010diai auga ir \u0161iuo metu turi klient\u0173, kuri\u0173 apyvarta vir\u0161ija 100 mln. kron\u0173.<\/p>\n<p><strong>2015<\/strong>\u00a0jubiliejiniai metai<br \/>\n<em>NST Group<\/em> ie\u0161ko galimybi\u0173 \u012fkurti \u012fmon\u0119 Ispanijoje Andal\u016bzijos regione. Mes ketiname ne tik si\u016blyti savo paslaugas, bet ir ie\u0161koti resurs\u0173 kitoms \u012fmon\u0117ms.<\/p>\n<p><strong>2016<\/strong><br \/>\nMes prad\u0117jome savo reikm\u0117ms importuoti plyteles ir \u012fvairias statybines prekes, kurias ateityje ketiname pasi\u016blyti ir kitiems rinkos dalyviams.<\/p>\n<\/div>\n<\/section>\n<\/div>\n<\/section>\n<\/div>\n<\/section>\n<\/div>\n<\/section>\n<\/div>\n<\/section>\n<\/div>\n<\/div><\/div><\/div><\/div><div class=\"wpb_column vc_column_container\"><div class=\"vc_column-inner\"><\/div><\/div><\/div><\/div><\/section>\n","protected":false},"excerpt":{"rendered":"[vc_custom_heading source=\"post_title\" font_container=\"tag:h3|text_align:left\" use_theme_fonts=\"yes\"]Prad\u017eiaPuslapiai ISTORIJA 1995 Pirmoji NST Group \u012fmoni\u0173 grupei priklausanti \u012fmon\u0117 NST Contracting \u012fkurta 1995 metais.Tik \u012fsik\u016brus pirmajai \u012fmonei, pagrindin\u0117s veiklos sritys buvo pastoli\u0173 montavimas bei pramoninis laiv\u0173 da\u017eymas laiv\u0173 statyklose vakarin\u0117je Norvegijos pakrant\u0117je. Per kelerius metus \u012fmon\u0117s teikiamos paslaugos spar\u010diai i\u0161sipl\u0117tojo \u2013 prad\u0117ti vykdyti auk\u0161tuminiai darbai, pramoninis valymas, da\u017eymas ir kiti su...","protected":false},"author":1,"featured_media":0,"parent":0,"menu_order":0,"comment_status":"closed","ping_status":"closed","template":"","meta":{"footnotes":""},"class_list":["post-1518","page","type-page","status-publish","hentry"],"_links":{"self":[{"href":"https:\/\/nstgruppen.no\/lt\/wp-json\/wp\/v2\/pages\/1518","targetHints":{"allow":["GET"]}}],"collection":[{"href":"https:\/\/nstgruppen.no\/lt\/wp-json\/wp\/v2\/pages"}],"about":[{"href":"https:\/\/nstgruppen.no\/lt\/wp-json\/wp\/v2\/types\/page"}],"author":[{"embeddable":true,"href":"https:\/\/nstgruppen.no\/lt\/wp-json\/wp\/v2\/users\/1"}],"replies":[{"embeddable":true,"href":"https:\/\/nstgruppen.no\/lt\/wp-json\/wp\/v2\/comments?post=1518"}],"version-history":[{"count":2,"href":"https:\/\/nstgruppen.no\/lt\/wp-json\/wp\/v2\/pages\/1518\/revisions"}],"predecessor-version":[{"id":1520,"href":"https:\/\/nstgruppen.no\/lt\/wp-json\/wp\/v2\/pages\/1518\/revisions\/1520"}],"wp:attachment":[{"href":"https:\/\/nstgruppen.no\/lt\/wp-json\/wp\/v2\/media?parent=1518"}],"curies":[{"name":"wp","href":"https:\/\/api.w.org\/{rel}","templated":true}]}}