{"id":1514,"date":"2024-01-03T08:31:21","date_gmt":"2024-01-03T07:31:21","guid":{"rendered":"http:\/\/1230523-www.web.tornado-node.net\/zinios\/"},"modified":"2024-01-12T14:14:18","modified_gmt":"2024-01-12T13:14:18","slug":"zinios","status":"publish","type":"page","link":"https:\/\/nstgruppen.no\/lt\/zinios\/","title":{"rendered":"NAUJIENOS"},"content":{"rendered":"<section class=\"l-section wpb_row us_custom_f2e491f9 height_auto\"><div class=\"l-section-h i-cf\"><div class=\"g-cols vc_row via_grid cols_2 laptops-cols_inherit tablets-cols_inherit mobiles-cols_1 valign_middle type_default stacking_default\" style=\"--columns-gap:0px;\"><div class=\"wpb_column vc_column_container\"><div class=\"vc_column-inner\">[vc_custom_heading source=&#8221;post_title&#8221; font_container=&#8221;tag:h3|text_align:left&#8221; use_theme_fonts=&#8221;yes&#8221;]<\/div><\/div><div class=\"wpb_column vc_column_container\"><div class=\"vc_column-inner\"><div class=\"w-hwrapper us_custom_66a436fb valign_stretch default_align_left laptops_align_left tablets_align_left mobiles_align_right\"><nav class=\"g-breadcrumbs us_custom_481f6ca8 inliner separator_icon align_none\" itemscope itemtype=\"http:\/\/schema.org\/BreadcrumbList\"><div class=\"g-breadcrumbs-item\" itemscope itemprop=\"itemListElement\" itemtype=\"http:\/\/schema.org\/ListItem\"><a itemprop=\"item\" href=\"https:\/\/nstgruppen.no\/lt\/\"><span itemprop=\"name\">Prad\u017eia<\/span><\/a><meta itemprop=\"position\" content=\"1\"\/><\/div><div class=\"g-breadcrumbs-separator\"><i class=\"far fa-angle-right\"><\/i><\/div><div class=\"g-breadcrumbs-item\">Puslapiai<\/div><\/nav><\/div><\/div><\/div><\/div><\/div><\/section><section class=\"l-section wpb_row height_custom\"><div class=\"l-section-h i-cf\"><div class=\"g-cols vc_row via_grid cols_2-1 laptops-cols_inherit tablets-cols_inherit mobiles-cols_1 valign_top type_default stacking_default\"><div class=\"wpb_column vc_column_container\"><div class=\"vc_column-inner\"><div class=\"w-grid type_masonry layout_107 cols_2 with_isotope\" id=\"us_grid_1\" style=\"--columns:2;--gap:1.5rem;\" data-filterable=\"true\"><style>@media (max-width:610px){#us_grid_1{--columns:1!important}}.layout_107 .w-grid-item-h{}.layout_107 .usg_post_title_1{margin-top:20px!important}@media (min-width:1041px) and (max-width:1380px){.layout_107 .usg_post_title_1{margin-top:20px!important}}@media (min-width:611px) and (max-width:1040px){.layout_107 .usg_post_title_1{margin-top:20px!important;margin-bottom:35px!important}}@media (max-width:610px){.layout_107 .usg_post_title_1{margin-top:20px!important;margin-bottom:35px!important}}<\/style><div class=\"w-grid-list\">\t<article class=\"w-grid-item size_1x1 post-1449 post type-post status-publish format-standard hentry category-uncategorized-lt\" data-id=\"1449\">\r\n\t\t<div class=\"w-grid-item-h\">\r\n\t\t\t\t\t\t<h3 class=\"w-post-elm post_title usg_post_title_1 underliner entry-title\"><a href=\"https:\/\/nstgruppen.no\/lt\/nauji-projektai\/\">NAUJI PROJEKTAI<\/a><\/h3>\t\t<\/div>\r\n\t\t\t<\/article>\r\n\t<article class=\"w-grid-item size_1x1 post-1427 post type-post status-publish format-standard has-post-thumbnail hentry category-uncategorized-lt\" data-id=\"1427\">\r\n\t\t<div class=\"w-grid-item-h\">\r\n\t\t\t\t\t\t<h3 class=\"w-post-elm post_title usg_post_title_1 underliner entry-title\"><a href=\"https:\/\/nstgruppen.no\/lt\/andre-nyheter\/\">KITOS NAUJIENOS<\/a><\/h3>\t\t<\/div>\r\n\t\t\t<\/article>\r\n\t<article class=\"w-grid-item size_1x1 post-1420 post type-post status-publish format-standard has-post-thumbnail hentry category-uncategorized-lt\" data-id=\"1420\">\r\n\t\t<div class=\"w-grid-item-h\">\r\n\t\t\t\t\t\t<h3 class=\"w-post-elm post_title usg_post_title_1 underliner entry-title\"><a href=\"https:\/\/nstgruppen.no\/lt\/cevisama-muge\/\">CEVISAMA MUG\u0116<\/a><\/h3>\t\t<\/div>\r\n\t\t\t<\/article>\r\n\t<article class=\"w-grid-item size_1x1 post-1422 post type-post status-publish format-standard has-post-thumbnail hentry category-uncategorized-lt\" data-id=\"1422\">\r\n\t\t<div class=\"w-grid-item-h\">\r\n\t\t\t\t\t\t<h3 class=\"w-post-elm post_title usg_post_title_1 underliner entry-title\"><a href=\"https:\/\/nstgruppen.no\/lt\/cersaie-messen\/\">CERSAIE MUG\u0116<\/a><\/h3>\t\t<\/div>\r\n\t\t\t<\/article>\r\n<\/div><div class=\"w-grid-preloader\">\t<div class=\"g-preloader type_1\">\r\n\t\t<div><\/div>\r\n\t<\/div>\r\n\t<\/div>\t<div class=\"w-grid-json hidden\" onclick='return {&quot;action&quot;:&quot;us_ajax_grid&quot;,&quot;infinite_scroll&quot;:0,&quot;max_num_pages&quot;:1,&quot;pagination&quot;:&quot;none&quot;,&quot;template_vars&quot;:{&quot;columns&quot;:&quot;2&quot;,&quot;exclude_items&quot;:&quot;none&quot;,&quot;img_size&quot;:&quot;default&quot;,&quot;ignore_items_size&quot;:0,&quot;items_layout&quot;:&quot;107&quot;,&quot;items_offset&quot;:&quot;1&quot;,&quot;load_animation&quot;:&quot;none&quot;,&quot;overriding_link&quot;:&quot;%7B%22url%22%3A%22%22%7D&quot;,&quot;post_id&quot;:0,&quot;query_args&quot;:{&quot;post_type&quot;:[&quot;post&quot;],&quot;post_status&quot;:[&quot;publish&quot;],&quot;posts_per_page&quot;:&quot;99&quot;},&quot;orderby_query_args&quot;:{&quot;orderby&quot;:{&quot;date&quot;:&quot;DESC&quot;}},&quot;type&quot;:&quot;masonry&quot;,&quot;us_grid_post_type&quot;:&quot;post&quot;,&quot;us_grid_ajax_index&quot;:1,&quot;us_grid_filter_query_string&quot;:null,&quot;us_grid_index&quot;:1,&quot;page_args&quot;:[],&quot;lang&quot;:&quot;lt&quot;}}'><\/div>\r\n\t<\/div><div class=\"w-separator size_custom\" style=\"height:100px\" id=\"p005\"><style>@media(max-width:1049px){ #p005{height:40px!important}}@media(max-width:600px){ #p005{height:30px!important}}<\/style><\/div><\/div><\/div><div class=\"wpb_column vc_column_container\"><div class=\"vc_column-inner\"><\/div><\/div><\/div><\/div><\/section>\n","protected":false},"excerpt":{"rendered":"[vc_custom_heading source=\"post_title\" font_container=\"tag:h3|text_align:left\" use_theme_fonts=\"yes\"]Prad\u017eiaPuslapiai[vc_custom_heading source=\"post_title\" font_container=\"tag:h1|text_align:left\" use_theme_fonts=\"yes\" css=\"%7B%22default%22%3A%7B%22color%22%3A%22%23a81010%22%2C%22font-size%22%3A%2220px%22%7D%7D\"]Mes apsilank\u0117me pasaulin\u0117je plyteli\u0173 parodoje CERSAIE Bolonijoje (Italijoje) ir susipa\u017einome su paskutin\u0117mis naujienomis. Mes reguliariai informuosime savo klientus ir pasek\u0117jus apie naujausias plyteli\u0173 madas\u00a0 ir vonios kambario \u012frengim\u0105. Jeigu jums tai aktualu, aplankykite m\u016bs\u0173 Facebook paskyr\u0105 ir internetin\u0119 svetain\u0119, o kilus klausimams, susisiekite su mumis ne\u012fpareigojan\u010diam pokalbiui. Mes...","protected":false},"author":1,"featured_media":0,"parent":0,"menu_order":0,"comment_status":"closed","ping_status":"closed","template":"","meta":{"footnotes":""},"class_list":["post-1514","page","type-page","status-publish","hentry"],"_links":{"self":[{"href":"https:\/\/nstgruppen.no\/lt\/wp-json\/wp\/v2\/pages\/1514","targetHints":{"allow":["GET"]}}],"collection":[{"href":"https:\/\/nstgruppen.no\/lt\/wp-json\/wp\/v2\/pages"}],"about":[{"href":"https:\/\/nstgruppen.no\/lt\/wp-json\/wp\/v2\/types\/page"}],"author":[{"embeddable":true,"href":"https:\/\/nstgruppen.no\/lt\/wp-json\/wp\/v2\/users\/1"}],"replies":[{"embeddable":true,"href":"https:\/\/nstgruppen.no\/lt\/wp-json\/wp\/v2\/comments?post=1514"}],"version-history":[{"count":4,"href":"https:\/\/nstgruppen.no\/lt\/wp-json\/wp\/v2\/pages\/1514\/revisions"}],"predecessor-version":[{"id":1536,"href":"https:\/\/nstgruppen.no\/lt\/wp-json\/wp\/v2\/pages\/1514\/revisions\/1536"}],"wp:attachment":[{"href":"https:\/\/nstgruppen.no\/lt\/wp-json\/wp\/v2\/media?parent=1514"}],"curies":[{"name":"wp","href":"https:\/\/api.w.org\/{rel}","templated":true}]}}