{"id":1502,"date":"2022-03-05T12:48:39","date_gmt":"2022-03-05T11:48:39","guid":{"rendered":"http:\/\/1230523-www.web.tornado-node.net\/kontakt\/"},"modified":"2024-04-11T14:29:40","modified_gmt":"2024-04-11T12:29:40","slug":"kontakt","status":"publish","type":"page","link":"https:\/\/nstgruppen.no\/lt\/kontakt\/","title":{"rendered":"KONTAKTAI"},"content":{"rendered":"<section class=\"l-section wpb_row us_custom_dd83e7c2 height_auto\"><div class=\"l-section-h i-cf\"><div class=\"g-cols vc_row via_grid cols_2 laptops-cols_inherit tablets-cols_inherit mobiles-cols_1 valign_middle type_default stacking_default\" style=\"--columns-gap:0px;\"><div class=\"wpb_column vc_column_container\"><div class=\"vc_column-inner\">[vc_custom_heading source=&#8221;post_title&#8221; font_container=&#8221;tag:h3|text_align:left&#8221; use_theme_fonts=&#8221;yes&#8221;]<\/div><\/div><div class=\"wpb_column vc_column_container\"><div class=\"vc_column-inner\"><div class=\"w-hwrapper us_custom_66a436fb valign_stretch default_align_left laptops_align_left tablets_align_left mobiles_align_right\"><nav class=\"g-breadcrumbs us_custom_481f6ca8 inliner separator_icon align_none\" itemscope itemtype=\"http:\/\/schema.org\/BreadcrumbList\"><div class=\"g-breadcrumbs-item\" itemscope itemprop=\"itemListElement\" itemtype=\"http:\/\/schema.org\/ListItem\"><a itemprop=\"item\" href=\"https:\/\/nstgruppen.no\/lt\/\"><span itemprop=\"name\">Prad\u017eia<\/span><\/a><meta itemprop=\"position\" content=\"1\"\/><\/div><div class=\"g-breadcrumbs-separator\"><i class=\"far fa-angle-right\"><\/i><\/div><div class=\"g-breadcrumbs-item\">Puslapiai<\/div><\/nav><\/div><\/div><\/div><\/div><\/div><\/section><section class=\"l-section wpb_row height_auto\"><div class=\"l-section-h i-cf\"><div class=\"g-cols vc_row via_grid cols_1 laptops-cols_inherit tablets-cols_inherit mobiles-cols_1 valign_top type_default stacking_default\"><div class=\"wpb_column vc_column_container\"><div class=\"vc_column-inner\"><div class=\"ult-spacer spacer-69d4f2f846cd7\" data-id=\"69d4f2f846cd7\" data-height=\"100\" data-height-mobile=\"100\" data-height-tab=\"100\" data-height-tab-portrait=\"\" data-height-mobile-landscape=\"\" style=\"clear:both;display:block;\"><\/div><div class=\"w-map provider_osm us_custom_59ddf2b3\" id=\"us_map_1\"><div class=\"w-map-inner\"><div class=\"w-map-json\" onclick='return {&quot;address&quot;:&quot;B\\u00f8v\\u00e5gen 35 4262 Avaldsnes NORGE&quot;,&quot;disableDragging&quot;:0,&quot;disableZoom&quot;:1,&quot;hideControls&quot;:0,&quot;zoom&quot;:5,&quot;markers&quot;:[{&quot;address&quot;:&quot;B\\u00f8v\\u00e5gen 35 4262 Avaldsnes NORGE&quot;,&quot;html&quot;:&quot;&lt;h4&gt;NORGE&lt;\\\/h4&gt;&lt;br&gt;\\n\\n&lt;a href=\\&quot;tel:+47 52 700 200\\&quot;&gt;+47 52 700 200&lt;\\\/a&gt;&lt;br&gt;\\n&lt;a href=\\&quot;mailto:post@nstgruppen.no\\&quot;&gt;post@nstgruppen.no&lt;\\\/a&gt;&lt;br&gt;\\n&lt;br&gt;\\nB\\u00f8v\\u00e5gen 35,&lt;br&gt;\\n4262 Avaldsnes&lt;br&gt;\\n&quot;,&quot;infowindow&quot;:0},{&quot;address&quot;:&quot;Laisv\\u00e8s pr. 3 04215 Vilnius LITAUEN&quot;,&quot;html&quot;:&quot;&lt;h4&gt;LITAUEN&lt;\\\/h4&gt;&lt;br&gt;\\n\\n&lt;a href=\\&quot;tel:+370 5 215 9992\\&quot;&gt;+370 5 215 9992&lt;\\\/a&gt;&lt;br&gt;\\n&lt;a href=\\&quot;mailto:nstbaltija@nstgroup.lt\\&quot;&gt;nstbaltija@nstgroup.lt&lt;\\\/a&gt;&lt;br&gt;\\n&lt;br&gt;\\nLaisv\\u00e8s pr. 3,&lt;br&gt;\\n04215 Vilnius&lt;br&gt;\\n&quot;,&quot;marker_img&quot;:null,&quot;marker_size&quot;:[&quot;30&quot;,&quot;30&quot;]}],&quot;style&quot;:&quot;https:\\\/\\\/{s}.tile.openstreetmap.org\\\/{z}\\\/{x}\\\/{y}.png&quot;}'><\/div><\/div><\/div><\/div><\/div><\/div><\/div><\/section><section class=\"l-section wpb_row height_custom\"><div class=\"l-section-h i-cf\"><div class=\"g-cols vc_row via_grid cols_3 laptops-cols_inherit tablets-cols_2 mobiles-cols_1 valign_top type_default stacking_default\"><div class=\"wpb_column vc_column_container\"><div class=\"vc_column-inner\"><div class=\"wpb_text_column us_custom_e1f595cb\"><div class=\"wpb_wrapper\"><h2>PAGRINDINIS BIURAS<br \/>\nNorvegija<\/h2>\n<p>Tel: <a href=\"callto:+47 52 700 200\">(+47) 52 700 200<\/a><br \/>\nFax: (+47) 52 700 201<br \/>\nEl.pa\u0161tas: <a href=\"mailto:mail@nstgroup.no\">mail@nstgroup.no<\/a><\/p>\n<p>B\u00f8v\u00e5gen 35,<br \/>\n4262 Avaldsnes<\/p>\n<\/div><\/div><\/div><\/div><div class=\"wpb_column vc_column_container\"><div class=\"vc_column-inner\"><div class=\"wpb_text_column us_custom_a5e53367\"><div class=\"wpb_wrapper\"><h2>PAGRINDINIS BIURAS<br \/>\nLietuva<\/h2>\n<p>Tel: <a href=\"callto:+370 5 215 9992\">(+370) 5 215 9992<\/a><br \/>\nFax: (+370) 5 215 9993<br \/>\nEl.pa\u0161tas: <a href=\"mailto:nstbaltija@nstgroup.lt\">nstbaltija@nstgroup.lt<\/a><\/p>\n<p>Laisv\u00e8s pr. 3,<br \/>\n04215 Vilnius<\/p>\n<\/div><\/div><\/div><\/div><div class=\"wpb_column vc_column_container\"><div class=\"vc_column-inner\"><\/div><\/div><\/div><\/div><\/section><section class=\"l-section wpb_row height_small\"><div class=\"l-section-h i-cf\"><div class=\"g-cols vc_row via_grid cols_1 laptops-cols_inherit tablets-cols_2 mobiles-cols_1 valign_top type_default stacking_default\"><div class=\"wpb_column vc_column_container\"><div class=\"vc_column-inner\"><h2 class=\"w-text us_custom_c96cb798\"><span class=\"w-text-h\"><span class=\"w-text-value\">Kontaktiniai asmenys Norvegija<\/span><\/span><\/h2><div class=\"ult-spacer spacer-69d4f2f847851\" data-id=\"69d4f2f847851\" data-height=\"50\" data-height-mobile=\"50\" data-height-tab=\"50\" data-height-tab-portrait=\"\" data-height-mobile-landscape=\"\" style=\"clear:both;display:block;\"><\/div><div class=\"g-cols wpb_row via_grid cols_5 laptops-cols_inherit tablets-cols_inherit mobiles-cols_1 valign_top type_default stacking_default\" style=\"--columns-gap:1.5rem;\"><div class=\"wpb_column vc_column_container\"><div class=\"vc_column-inner\"><div class=\"w-image us_custom_d5efc67e has_height align_none\"><div class=\"w-image-h\"><img decoding=\"async\" width=\"299\" height=\"299\" src=\"https:\/\/nstgruppen.no\/wp-content\/uploads\/2024\/01\/Jan-Thorstensen-1.jpg\" class=\"attachment-full size-full\" alt=\"\" loading=\"lazy\" srcset=\"https:\/\/nstgruppen.no\/wp-content\/uploads\/2024\/01\/Jan-Thorstensen-1.jpg 299w, https:\/\/nstgruppen.no\/wp-content\/uploads\/2024\/01\/Jan-Thorstensen-1-150x150.jpg 150w\" sizes=\"auto, (max-width: 299px) 100vw, 299px\" \/><\/div><\/div>[vc_custom_heading text=&#8221;JAN THORSTENSEN<br \/>\nPrezidentas\/CEO&#8221; font_container=&#8221;tag:h4|text_align:left&#8221; use_theme_fonts=&#8221;yes&#8221; css=&#8221;%7B%22default%22%3A%7B%22padding-top%22%3A%221rem%22%7D%7D&#8221;]<div class=\"ult-spacer spacer-69d4f2f8484a8\" data-id=\"69d4f2f8484a8\" data-height=\"10\" data-height-mobile=\"10\" data-height-tab=\"10\" data-height-tab-portrait=\"\" data-height-mobile-landscape=\"\" style=\"clear:both;display:block;\"><\/div><div class=\"wpb_text_column us_custom_e1f595cb\"><div class=\"wpb_wrapper\"><p><a href=\"callto:+47 952 29 375\">+47 952 29 375<\/a><br \/>\n<a href=\"mailto:jan@nstgruppen.no\">jan@nstgruppen.no<\/a><\/p>\n<\/div><\/div><\/div><\/div><div class=\"wpb_column vc_column_container\"><div class=\"vc_column-inner\"><div class=\"w-image us_custom_d5efc67e has_height align_none\"><div class=\"w-image-h\"><img decoding=\"async\" width=\"299\" height=\"299\" src=\"https:\/\/nstgruppen.no\/wp-content\/uploads\/2024\/01\/Irina-Solheim.jpg\" class=\"attachment-full size-full\" alt=\"\" loading=\"lazy\" srcset=\"https:\/\/nstgruppen.no\/wp-content\/uploads\/2024\/01\/Irina-Solheim.jpg 299w, https:\/\/nstgruppen.no\/wp-content\/uploads\/2024\/01\/Irina-Solheim-150x150.jpg 150w\" sizes=\"auto, (max-width: 299px) 100vw, 299px\" \/><\/div><\/div>[vc_custom_heading text=&#8221;IRINA SOLHEIM<br \/>\nProjekt\u0173 vadov\u0117&#8221; font_container=&#8221;tag:h4|text_align:left&#8221; use_theme_fonts=&#8221;yes&#8221; css=&#8221;%7B%22default%22%3A%7B%22padding-top%22%3A%221rem%22%7D%7D&#8221;]<div class=\"ult-spacer spacer-69d4f2f84905e\" data-id=\"69d4f2f84905e\" data-height=\"10\" data-height-mobile=\"10\" data-height-tab=\"10\" data-height-tab-portrait=\"\" data-height-mobile-landscape=\"\" style=\"clear:both;display:block;\"><\/div><div class=\"wpb_text_column us_custom_e1f595cb\"><div class=\"wpb_wrapper\"><p><a href=\"callto:+47 952 33 348\">+47 952 33 348<\/a><br \/>\n<a href=\"mailto:irina@nstgruppen.no\">irina@nstgruppen.no<\/a><\/p>\n<\/div><\/div><\/div><\/div><div class=\"wpb_column vc_column_container\"><div class=\"vc_column-inner\"><div class=\"w-image us_custom_d5efc67e has_height align_none\"><div class=\"w-image-h\"><img decoding=\"async\" width=\"299\" height=\"299\" src=\"https:\/\/nstgruppen.no\/wp-content\/uploads\/2024\/01\/Jovita-Damulyte.jpg\" class=\"attachment-full size-full\" alt=\"\" loading=\"lazy\" srcset=\"https:\/\/nstgruppen.no\/wp-content\/uploads\/2024\/01\/Jovita-Damulyte.jpg 299w, https:\/\/nstgruppen.no\/wp-content\/uploads\/2024\/01\/Jovita-Damulyte-150x150.jpg 150w\" sizes=\"auto, (max-width: 299px) 100vw, 299px\" \/><\/div><\/div>[vc_custom_heading text=&#8221;JOVITA DAMULYTE<br \/>\nAdministrator\u0117&#8221; font_container=&#8221;tag:h4|text_align:left&#8221; use_theme_fonts=&#8221;yes&#8221; css=&#8221;%7B%22default%22%3A%7B%22padding-top%22%3A%221rem%22%7D%7D&#8221;]<div class=\"ult-spacer spacer-69d4f2f849abf\" data-id=\"69d4f2f849abf\" data-height=\"10\" data-height-mobile=\"10\" data-height-tab=\"10\" data-height-tab-portrait=\"\" data-height-mobile-landscape=\"\" style=\"clear:both;display:block;\"><\/div><div class=\"wpb_text_column us_custom_e1f595cb\"><div class=\"wpb_wrapper\"><p><a href=\"callto:+47 916 22 865\">+47 916 22 865<\/a><br \/>\n<a href=\"mailto:jovita@nstgruppen.no\">jovita@nstgruppen.no<\/a><\/p>\n<\/div><\/div><\/div><\/div><div class=\"wpb_column vc_column_container\"><div class=\"vc_column-inner\"><div class=\"w-image us_custom_d5efc67e has_height align_none\"><div class=\"w-image-h\"><img decoding=\"async\" width=\"299\" height=\"299\" src=\"https:\/\/nstgruppen.no\/wp-content\/uploads\/2024\/01\/Vanessa-Thorstensen.jpg\" class=\"attachment-full size-full\" alt=\"\" loading=\"lazy\" srcset=\"https:\/\/nstgruppen.no\/wp-content\/uploads\/2024\/01\/Vanessa-Thorstensen.jpg 299w, https:\/\/nstgruppen.no\/wp-content\/uploads\/2024\/01\/Vanessa-Thorstensen-150x150.jpg 150w\" sizes=\"auto, (max-width: 299px) 100vw, 299px\" \/><\/div><\/div>[vc_custom_heading text=&#8221;VANESSA THORSTENSEN<br \/>\nProjekt\u0173 asistentas&#8221; font_container=&#8221;tag:h4|text_align:left&#8221; use_theme_fonts=&#8221;yes&#8221; css=&#8221;%7B%22default%22%3A%7B%22padding-top%22%3A%221rem%22%7D%7D&#8221;]<div class=\"ult-spacer spacer-69d4f2f84a627\" data-id=\"69d4f2f84a627\" data-height=\"10\" data-height-mobile=\"10\" data-height-tab=\"10\" data-height-tab-portrait=\"\" data-height-mobile-landscape=\"\" style=\"clear:both;display:block;\"><\/div><div class=\"wpb_text_column us_custom_e1f595cb\"><div class=\"wpb_wrapper\"><p><a href=\"callto:+47 901 09 167\">+47 901 09 167<\/a><br \/>\n<a href=\"mailto:vanessa@nstgruppen.no\">vanessa@nstgruppen.no<\/a><\/p>\n<\/div><\/div><\/div><\/div><div class=\"wpb_column vc_column_container\"><div class=\"vc_column-inner\"><div class=\"w-image us_custom_d5efc67e has_height align_none\"><div class=\"w-image-h\"><img decoding=\"async\" width=\"299\" height=\"299\" src=\"https:\/\/nstgruppen.no\/wp-content\/uploads\/2024\/01\/Kjell-Harald-Fjellstad.jpg\" class=\"attachment-full size-full\" alt=\"\" loading=\"lazy\" srcset=\"https:\/\/nstgruppen.no\/wp-content\/uploads\/2024\/01\/Kjell-Harald-Fjellstad.jpg 299w, https:\/\/nstgruppen.no\/wp-content\/uploads\/2024\/01\/Kjell-Harald-Fjellstad-150x150.jpg 150w\" sizes=\"auto, (max-width: 299px) 100vw, 299px\" \/><\/div><\/div>[vc_custom_heading text=&#8221;KJELL HARALD FJELLSTAD<br \/>\nProjekt\u0173 in\u017einierius&#8221; font_container=&#8221;tag:h4|text_align:left&#8221; use_theme_fonts=&#8221;yes&#8221; css=&#8221;%7B%22default%22%3A%7B%22padding-top%22%3A%221rem%22%7D%7D&#8221;]<div class=\"ult-spacer spacer-69d4f2f84b3f9\" data-id=\"69d4f2f84b3f9\" data-height=\"10\" data-height-mobile=\"10\" data-height-tab=\"10\" data-height-tab-portrait=\"\" data-height-mobile-landscape=\"\" style=\"clear:both;display:block;\"><\/div><div class=\"wpb_text_column us_custom_e1f595cb\"><div class=\"wpb_wrapper\"><p><a href=\"callto:+47 940 92 715\">+47 940 92 715<\/a><br \/>\n<a href=\"mailto:teknisk@nstgruppen.no\">teknisk@nstgruppen.no<\/a><\/p>\n<\/div><\/div><\/div><\/div><\/div><\/div><\/div><\/div><\/div><\/section><section class=\"l-section wpb_row height_small\"><div class=\"l-section-h i-cf\"><div class=\"g-cols vc_row via_grid cols_1 laptops-cols_inherit tablets-cols_2 mobiles-cols_1 valign_top type_default stacking_default\" style=\"--columns-gap:1.5rem;\"><div class=\"wpb_column vc_column_container\"><div class=\"vc_column-inner\"><div class=\"ult-spacer spacer-69d4f2f84b7d1\" data-id=\"69d4f2f84b7d1\" data-height=\"50\" data-height-mobile=\"50\" data-height-tab=\"50\" data-height-tab-portrait=\"\" data-height-mobile-landscape=\"\" style=\"clear:both;display:block;\"><\/div><h2 class=\"w-text us_custom_c96cb798\"><span class=\"w-text-h\"><span class=\"w-text-value\">Kontaktiniai asmenys Lietuva<\/span><\/span><\/h2><div class=\"ult-spacer spacer-69d4f2f84b887\" data-id=\"69d4f2f84b887\" data-height=\"50\" data-height-mobile=\"50\" data-height-tab=\"50\" data-height-tab-portrait=\"\" data-height-mobile-landscape=\"\" style=\"clear:both;display:block;\"><\/div><div class=\"g-cols wpb_row via_grid cols_5 laptops-cols_inherit tablets-cols_inherit mobiles-cols_1 valign_top type_default stacking_default\" style=\"--columns-gap:3rem;\"><div class=\"wpb_column vc_column_container\"><div class=\"vc_column-inner\"><div class=\"w-image us_custom_d5efc67e has_height align_none\"><div class=\"w-image-h\"><img decoding=\"async\" width=\"299\" height=\"299\" src=\"https:\/\/nstgruppen.no\/wp-content\/uploads\/2024\/01\/Dalia-Mickuniene-1.jpg\" class=\"attachment-full size-full\" alt=\"\" loading=\"lazy\" srcset=\"https:\/\/nstgruppen.no\/wp-content\/uploads\/2024\/01\/Dalia-Mickuniene-1.jpg 299w, https:\/\/nstgruppen.no\/wp-content\/uploads\/2024\/01\/Dalia-Mickuniene-1-150x150.jpg 150w\" sizes=\"auto, (max-width: 299px) 100vw, 299px\" \/><\/div><\/div>[vc_custom_heading text=&#8221;DALIA \u0160OLI\u016aNAIT\u0116<br \/>\nDirektor\u0117&#8221; font_container=&#8221;tag:h4|text_align:left&#8221; use_theme_fonts=&#8221;yes&#8221; css=&#8221;%7B%22default%22%3A%7B%22padding-top%22%3A%221rem%22%7D%7D&#8221;]<div class=\"ult-spacer spacer-69d4f2f84dc11\" data-id=\"69d4f2f84dc11\" data-height=\"10\" data-height-mobile=\"10\" data-height-tab=\"10\" data-height-tab-portrait=\"\" data-height-mobile-landscape=\"\" style=\"clear:both;display:block;\"><\/div><div class=\"wpb_text_column us_custom_e1f595cb\"><div class=\"wpb_wrapper\"><p><a href=\"callto:+370 685 61999\">+370 685 61999<\/a><br \/>\n<a href=\"mailto:dalia@nstgroup.lt\">dalia@nstgroup.lt<\/a><\/p>\n<\/div><\/div><\/div><\/div><div class=\"wpb_column vc_column_container\"><div class=\"vc_column-inner\"><div class=\"w-image us_custom_d5efc67e has_height align_none\"><div class=\"w-image-h\"><img decoding=\"async\" width=\"299\" height=\"299\" src=\"https:\/\/nstgruppen.no\/wp-content\/uploads\/2024\/01\/Ija-Sobieska.jpg\" class=\"attachment-full size-full\" alt=\"\" loading=\"lazy\" srcset=\"https:\/\/nstgruppen.no\/wp-content\/uploads\/2024\/01\/Ija-Sobieska.jpg 299w, https:\/\/nstgruppen.no\/wp-content\/uploads\/2024\/01\/Ija-Sobieska-150x150.jpg 150w\" sizes=\"auto, (max-width: 299px) 100vw, 299px\" \/><\/div><\/div>[vc_custom_heading text=&#8221;IJA SOBIESKA<br \/>\nPardavim\u0173 vadov\u0117&#8221; font_container=&#8221;tag:h4|text_align:left&#8221; use_theme_fonts=&#8221;yes&#8221; css=&#8221;%7B%22default%22%3A%7B%22padding-top%22%3A%221rem%22%7D%7D&#8221;]<div class=\"ult-spacer spacer-69d4f2f84fa5a\" data-id=\"69d4f2f84fa5a\" data-height=\"10\" data-height-mobile=\"10\" data-height-tab=\"10\" data-height-tab-portrait=\"\" data-height-mobile-landscape=\"\" style=\"clear:both;display:block;\"><\/div><div class=\"wpb_text_column us_custom_e1f595cb\"><div class=\"wpb_wrapper\"><p><a href=\"callto:+370 650 99950\">+370 650 99950<\/a><br \/>\n<a href=\"mailto:ija@nstgroup.lt\">ija@nstgroup.lt<\/a><\/p>\n<\/div><\/div><\/div><\/div><div class=\"wpb_column vc_column_container\"><div class=\"vc_column-inner\"><div class=\"w-image us_custom_d5efc67e has_height align_none\"><div class=\"w-image-h\"><img decoding=\"async\" width=\"299\" height=\"299\" src=\"https:\/\/nstgruppen.no\/wp-content\/uploads\/2024\/01\/Irena-Daraskevic.jpg\" class=\"attachment-full size-full\" alt=\"\" loading=\"lazy\" srcset=\"https:\/\/nstgruppen.no\/wp-content\/uploads\/2024\/01\/Irena-Daraskevic.jpg 299w, https:\/\/nstgruppen.no\/wp-content\/uploads\/2024\/01\/Irena-Daraskevic-150x150.jpg 150w\" sizes=\"auto, (max-width: 299px) 100vw, 299px\" \/><\/div><\/div>[vc_custom_heading text=&#8221;IRENA DARA\u0160KEVI\u010c<br \/>\nBuhalter\u0117&#8221; font_container=&#8221;tag:h4|text_align:left&#8221; use_theme_fonts=&#8221;yes&#8221; css=&#8221;%7B%22default%22%3A%7B%22padding-top%22%3A%221rem%22%7D%7D&#8221;]<div class=\"ult-spacer spacer-69d4f2f851f86\" data-id=\"69d4f2f851f86\" data-height=\"10\" data-height-mobile=\"10\" data-height-tab=\"10\" data-height-tab-portrait=\"\" data-height-mobile-landscape=\"\" style=\"clear:both;display:block;\"><\/div><div class=\"wpb_text_column us_custom_e1f595cb\"><div class=\"wpb_wrapper\"><p><a href=\"callto:+370 650 86226\">+370 650 86226<\/a><br \/>\n<a href=\"mailto:irena@nstgroup.lt\">irena@nstgroup.lt<\/a><\/p>\n<\/div><\/div><\/div><\/div><div class=\"wpb_column vc_column_container\"><div class=\"vc_column-inner\"><div class=\"w-image us_custom_d5efc67e has_height align_none\"><div class=\"w-image-h\"><img decoding=\"async\" width=\"299\" height=\"299\" src=\"https:\/\/nstgruppen.no\/wp-content\/uploads\/2024\/01\/Algirde-Saltenyte.jpg\" class=\"attachment-full size-full\" alt=\"\" loading=\"lazy\" srcset=\"https:\/\/nstgruppen.no\/wp-content\/uploads\/2024\/01\/Algirde-Saltenyte.jpg 299w, https:\/\/nstgruppen.no\/wp-content\/uploads\/2024\/01\/Algirde-Saltenyte-150x150.jpg 150w\" sizes=\"auto, (max-width: 299px) 100vw, 299px\" \/><\/div><\/div>[vc_custom_heading text=&#8221;ALGIRD\u0116 \u0160ALTENYT\u0116<br \/>\nBuhalter\u0117&#8221; font_container=&#8221;tag:h4|text_align:left&#8221; use_theme_fonts=&#8221;yes&#8221; css=&#8221;%7B%22default%22%3A%7B%22padding-top%22%3A%221rem%22%7D%7D&#8221;]<div class=\"ult-spacer spacer-69d4f2f853ab4\" data-id=\"69d4f2f853ab4\" data-height=\"10\" data-height-mobile=\"10\" data-height-tab=\"10\" data-height-tab-portrait=\"\" data-height-mobile-landscape=\"\" style=\"clear:both;display:block;\"><\/div><div class=\"wpb_text_column us_custom_e1f595cb\"><div class=\"wpb_wrapper\"><p><a href=\"callto:+370 699 10600\">+370 699 10600<\/a><br \/>\n<a href=\"mailto:algirde@nstgroup.lt\">algirde@nstgroup.lt<\/a><\/p>\n<\/div><\/div><\/div><\/div><div class=\"wpb_column vc_column_container\"><div class=\"vc_column-inner\"><div class=\"w-image us_custom_d5efc67e has_height align_none\"><div class=\"w-image-h\"><img decoding=\"async\" width=\"299\" height=\"299\" src=\"https:\/\/nstgruppen.no\/wp-content\/uploads\/2024\/01\/Jolita-Maknickiene.jpg\" class=\"attachment-full size-full\" alt=\"\" loading=\"lazy\" srcset=\"https:\/\/nstgruppen.no\/wp-content\/uploads\/2024\/01\/Jolita-Maknickiene.jpg 299w, https:\/\/nstgruppen.no\/wp-content\/uploads\/2024\/01\/Jolita-Maknickiene-150x150.jpg 150w\" sizes=\"auto, (max-width: 299px) 100vw, 299px\" \/><\/div><\/div>[vc_custom_heading text=&#8221;JOLITA MAKNICKIEN\u0116<br \/>\nProjekt\u0173 vadov\u0117&#8221; font_container=&#8221;tag:h4|text_align:left&#8221; use_theme_fonts=&#8221;yes&#8221; css=&#8221;%7B%22default%22%3A%7B%22padding-top%22%3A%221rem%22%7D%7D&#8221;]<div class=\"ult-spacer spacer-69d4f2f855a8e\" data-id=\"69d4f2f855a8e\" data-height=\"10\" data-height-mobile=\"10\" data-height-tab=\"10\" data-height-tab-portrait=\"\" data-height-mobile-landscape=\"\" style=\"clear:both;display:block;\"><\/div><div class=\"wpb_text_column us_custom_e1f595cb\"><div class=\"wpb_wrapper\"><p><a href=\"callto:+370 685 69940\">+370 685 69940<\/a><br \/>\n<a href=\"mailto:jolita@nstgroup.lt\">jolita@nstgroup.lt<\/a><\/p>\n<\/div><\/div><\/div><\/div><\/div><\/div><\/div><\/div><\/div><\/section><section class=\"l-section wpb_row height_custom\"><div class=\"l-section-h i-cf\"><div class=\"g-cols vc_row via_grid cols_1 laptops-cols_inherit tablets-cols_inherit mobiles-cols_1 valign_top type_default stacking_default\"><div class=\"wpb_column vc_column_container\"><div class=\"vc_column-inner\"><\/div><\/div><\/div><\/div><\/section>\n","protected":false},"excerpt":{"rendered":"[vc_custom_heading source=\"post_title\" font_container=\"tag:h3|text_align:left\" use_theme_fonts=\"yes\"]Prad\u017eiaPuslapiaiPAGRINDINIS BIURAS Norvegija Tel: (+47) 52 700 200 Fax: (+47) 52 700 201 El.pa\u0161tas: mail@nstgroup.no B\u00f8v\u00e5gen 35, 4262 Avaldsnes PAGRINDINIS BIURAS Lietuva Tel: (+370) 5 215 9992 Fax: (+370) 5 215 9993 El.pa\u0161tas: nstbaltija@nstgroup.lt Laisv\u00e8s pr. 3, 04215 Vilnius Kontaktiniai asmenys Norvegija[vc_custom_heading text=\"JAN THORSTENSEN Prezidentas\/CEO\" font_container=\"tag:h4|text_align:left\" use_theme_fonts=\"yes\" css=\"%7B%22default%22%3A%7B%22padding-top%22%3A%221rem%22%7D%7D\"]+47 952 29 375 jan@nstgruppen.no...","protected":false},"author":1,"featured_media":0,"parent":0,"menu_order":0,"comment_status":"closed","ping_status":"closed","template":"","meta":{"footnotes":""},"class_list":["post-1502","page","type-page","status-publish","hentry"],"_links":{"self":[{"href":"https:\/\/nstgruppen.no\/lt\/wp-json\/wp\/v2\/pages\/1502","targetHints":{"allow":["GET"]}}],"collection":[{"href":"https:\/\/nstgruppen.no\/lt\/wp-json\/wp\/v2\/pages"}],"about":[{"href":"https:\/\/nstgruppen.no\/lt\/wp-json\/wp\/v2\/types\/page"}],"author":[{"embeddable":true,"href":"https:\/\/nstgruppen.no\/lt\/wp-json\/wp\/v2\/users\/1"}],"replies":[{"embeddable":true,"href":"https:\/\/nstgruppen.no\/lt\/wp-json\/wp\/v2\/comments?post=1502"}],"version-history":[{"count":4,"href":"https:\/\/nstgruppen.no\/lt\/wp-json\/wp\/v2\/pages\/1502\/revisions"}],"predecessor-version":[{"id":1860,"href":"https:\/\/nstgruppen.no\/lt\/wp-json\/wp\/v2\/pages\/1502\/revisions\/1860"}],"wp:attachment":[{"href":"https:\/\/nstgruppen.no\/lt\/wp-json\/wp\/v2\/media?parent=1502"}],"curies":[{"name":"wp","href":"https:\/\/api.w.org\/{rel}","templated":true}]}}