{"id":1498,"date":"2024-01-08T13:47:42","date_gmt":"2024-01-08T12:47:42","guid":{"rendered":"http:\/\/1230523-www.web.tornado-node.net\/personell\/"},"modified":"2024-01-12T12:07:13","modified_gmt":"2024-01-12T11:07:13","slug":"personell","status":"publish","type":"page","link":"https:\/\/nstgruppen.no\/lt\/personell\/","title":{"rendered":"PERSONALO NUOMA"},"content":{"rendered":"<section class=\"l-section wpb_row us_custom_dd83e7c2 height_auto\"><div class=\"l-section-h i-cf\"><div class=\"g-cols vc_row via_grid cols_2 laptops-cols_inherit tablets-cols_inherit mobiles-cols_1 valign_middle type_default stacking_default\" style=\"--columns-gap:0px;\"><div class=\"wpb_column vc_column_container\"><div class=\"vc_column-inner\">[vc_custom_heading source=&#8221;post_title&#8221; font_container=&#8221;tag:h3|text_align:left&#8221; use_theme_fonts=&#8221;yes&#8221;]<\/div><\/div><div class=\"wpb_column vc_column_container\"><div class=\"vc_column-inner\"><div class=\"w-hwrapper us_custom_66a436fb valign_stretch default_align_left laptops_align_left tablets_align_left mobiles_align_right\"><nav class=\"g-breadcrumbs us_custom_481f6ca8 inliner separator_icon align_none\" itemscope itemtype=\"http:\/\/schema.org\/BreadcrumbList\"><div class=\"g-breadcrumbs-item\" itemscope itemprop=\"itemListElement\" itemtype=\"http:\/\/schema.org\/ListItem\"><a itemprop=\"item\" href=\"https:\/\/nstgruppen.no\/lt\/\"><span itemprop=\"name\">Prad\u017eia<\/span><\/a><meta itemprop=\"position\" content=\"1\"\/><\/div><div class=\"g-breadcrumbs-separator\"><i class=\"far fa-angle-right\"><\/i><\/div><div class=\"g-breadcrumbs-item\">Puslapiai<\/div><\/nav><\/div><\/div><\/div><\/div><\/div><\/section><section class=\"l-section wpb_row height_custom\"><div class=\"l-section-h i-cf\"><div class=\"g-cols vc_row via_grid cols_2-1 laptops-cols_inherit tablets-cols_inherit mobiles-cols_1 valign_top type_default stacking_default\"><div class=\"wpb_column vc_column_container\"><div class=\"vc_column-inner\"><div class=\"wpb_text_column\"><div class=\"wpb_wrapper\"><div class=\"flex_column av_one_full flex_column_div av-zero-column-padding first avia-builder-el-0 el_before_av_one_full avia-builder-el-first \">\n<section class=\"av_textblock_section\">\n<div class=\"avia_textblock \">\n<p><strong>UAB Norwegian Service Team Baltija<\/strong> \u2013 NST Group \u012fmoni\u0173 grup\u0117s\u00a0\u012fmon\u0117 \u012fsik\u016brusi Vilniuje.<\/p>\n<p><strong>Pagrindin\u0117 NST Baltija veikla \u2013 laikinasis \u012fdarbinimas (personalo nuoma \/ darbuotoj\u0173 nuoma) ir kitos personalo valdymo paslaugos.<\/strong>\u00a0Nuo 2003 met\u0173 teikiame darbuotoj\u0173 nuomos paslaugas Norvegijos, Lietuvos ir Islandijos \u012fmon\u0117ms.<\/p>\n<p><strong>NST Baltija teikiamos paslaugos:<\/strong><\/p>\n<ul>\n<li>Personalo paie\u0161ka ir atranka<\/li>\n<li>Laikinasis \u012fdarbinimas\/darbuotoj\u0173 nuoma<\/li>\n<li>Personalo administravimas ir darbo u\u017emokes\u010dio apskaita<\/li>\n<li>Konsultacijos personalo valdymo klausimais.<\/li>\n<\/ul>\n<\/div>\n<\/section>\n<\/div>\n<\/div><\/div><div class=\"ult-spacer spacer-69ee65f9a3b75\" data-id=\"69ee65f9a3b75\" data-height=\"70\" data-height-mobile=\"70\" data-height-tab=\"70\" data-height-tab-portrait=\"\" data-height-mobile-landscape=\"\" style=\"clear:both;display:block;\"><\/div><div class=\"w-gallery fit_cover type_grid ratio_1x1 count_3\" style=\"--columns:3;--items-gap:10px;\"><div class=\"w-gallery-list\"><div class=\"w-gallery-item\"><div class=\"w-gallery-item-img\"><img loading=\"lazy\" decoding=\"async\" width=\"336\" height=\"336\" src=\"https:\/\/nstgruppen.no\/wp-content\/uploads\/2024\/01\/Helse2_Fotor1.jpg\" class=\"attachment-large size-large\" alt=\"\" srcset=\"https:\/\/nstgruppen.no\/wp-content\/uploads\/2024\/01\/Helse2_Fotor1.jpg 336w, https:\/\/nstgruppen.no\/wp-content\/uploads\/2024\/01\/Helse2_Fotor1-300x300.jpg 300w, https:\/\/nstgruppen.no\/wp-content\/uploads\/2024\/01\/Helse2_Fotor1-150x150.jpg 150w\" sizes=\"auto, (max-width: 336px) 100vw, 336px\" \/><\/div><\/div><div class=\"w-gallery-item\"><div class=\"w-gallery-item-img\"><img loading=\"lazy\" decoding=\"async\" width=\"298\" height=\"298\" src=\"https:\/\/nstgruppen.no\/wp-content\/uploads\/2024\/01\/Kokk-utleie_Fotor1.jpg\" class=\"attachment-large size-large\" alt=\"\" srcset=\"https:\/\/nstgruppen.no\/wp-content\/uploads\/2024\/01\/Kokk-utleie_Fotor1.jpg 298w, https:\/\/nstgruppen.no\/wp-content\/uploads\/2024\/01\/Kokk-utleie_Fotor1-150x150.jpg 150w\" sizes=\"auto, (max-width: 298px) 100vw, 298px\" \/><\/div><\/div><div class=\"w-gallery-item\"><div class=\"w-gallery-item-img\"><img loading=\"lazy\" decoding=\"async\" width=\"336\" height=\"336\" src=\"https:\/\/nstgruppen.no\/wp-content\/uploads\/2024\/01\/Litauen_Fotor.jpg\" class=\"attachment-large size-large\" alt=\"\" srcset=\"https:\/\/nstgruppen.no\/wp-content\/uploads\/2024\/01\/Litauen_Fotor.jpg 336w, https:\/\/nstgruppen.no\/wp-content\/uploads\/2024\/01\/Litauen_Fotor-300x300.jpg 300w, https:\/\/nstgruppen.no\/wp-content\/uploads\/2024\/01\/Litauen_Fotor-150x150.jpg 150w\" sizes=\"auto, (max-width: 336px) 100vw, 336px\" \/><\/div><\/div><\/div><\/div><div class=\"ult-spacer spacer-69ee65f9a52b3\" data-id=\"69ee65f9a52b3\" data-height=\"70\" data-height-mobile=\"70\" data-height-tab=\"70\" data-height-tab-portrait=\"\" data-height-mobile-landscape=\"\" style=\"clear:both;display:block;\"><\/div><div class=\"wpb_text_column\"><div class=\"wpb_wrapper\"><section class=\"av_textblock_section\">\n<div class=\"avia_textblock \">\n<p>Pritr\u016bkote darbuotoj\u0173 ar turite su personalu susijusi\u0173 klausim\u0173, susisiekite el.pa\u0161tu <a href=\"mailto:ija@nstgroup.lt\">ija@nstgroup.lt<\/a> ar tel. 8 5 2159992.<\/p>\n<\/div>\n<\/section>\n<section class=\"av_textblock_section\">\n<div class=\"avia_textblock \">\n<p>Daugiau informacijos rasite<a href=\"\/lt\/uab-nst-baltija\/\"> \u010dia.<\/a><\/p>\n<\/div>\n<\/section>\n<\/div><\/div><\/div><\/div><div class=\"wpb_column vc_column_container\"><div class=\"vc_column-inner\"><\/div><\/div><\/div><\/div><\/section>\n","protected":false},"excerpt":{"rendered":"[vc_custom_heading source=\"post_title\" font_container=\"tag:h3|text_align:left\" use_theme_fonts=\"yes\"]Prad\u017eiaPuslapiai UAB Norwegian Service Team Baltija \u2013 NST Group \u012fmoni\u0173 grup\u0117s\u00a0\u012fmon\u0117 \u012fsik\u016brusi Vilniuje. Pagrindin\u0117 NST Baltija veikla \u2013 laikinasis \u012fdarbinimas (personalo nuoma \/ darbuotoj\u0173 nuoma) ir kitos personalo valdymo paslaugos.\u00a0Nuo 2003 met\u0173 teikiame darbuotoj\u0173 nuomos paslaugas Norvegijos, Lietuvos ir Islandijos \u012fmon\u0117ms. NST Baltija teikiamos paslaugos: Personalo paie\u0161ka ir atranka Laikinasis \u012fdarbinimas\/darbuotoj\u0173 nuoma...","protected":false},"author":1,"featured_media":0,"parent":0,"menu_order":0,"comment_status":"closed","ping_status":"closed","template":"","meta":{"footnotes":""},"class_list":["post-1498","page","type-page","status-publish","hentry"],"_links":{"self":[{"href":"https:\/\/nstgruppen.no\/lt\/wp-json\/wp\/v2\/pages\/1498","targetHints":{"allow":["GET"]}}],"collection":[{"href":"https:\/\/nstgruppen.no\/lt\/wp-json\/wp\/v2\/pages"}],"about":[{"href":"https:\/\/nstgruppen.no\/lt\/wp-json\/wp\/v2\/types\/page"}],"author":[{"embeddable":true,"href":"https:\/\/nstgruppen.no\/lt\/wp-json\/wp\/v2\/users\/1"}],"replies":[{"embeddable":true,"href":"https:\/\/nstgruppen.no\/lt\/wp-json\/wp\/v2\/comments?post=1498"}],"version-history":[{"count":3,"href":"https:\/\/nstgruppen.no\/lt\/wp-json\/wp\/v2\/pages\/1498\/revisions"}],"predecessor-version":[{"id":1501,"href":"https:\/\/nstgruppen.no\/lt\/wp-json\/wp\/v2\/pages\/1498\/revisions\/1501"}],"wp:attachment":[{"href":"https:\/\/nstgruppen.no\/lt\/wp-json\/wp\/v2\/media?parent=1498"}],"curies":[{"name":"wp","href":"https:\/\/api.w.org\/{rel}","templated":true}]}}