{"id":1495,"date":"2024-01-09T13:44:58","date_gmt":"2024-01-09T12:44:58","guid":{"rendered":"http:\/\/1230523-www.web.tornado-node.net\/opplaring\/"},"modified":"2024-01-12T11:46:10","modified_gmt":"2024-01-12T10:46:10","slug":"opplaring","status":"publish","type":"page","link":"https:\/\/nstgruppen.no\/lt\/opplaring\/","title":{"rendered":"MOKYMAI"},"content":{"rendered":"<section class=\"l-section wpb_row us_custom_dd83e7c2 height_auto\"><div class=\"l-section-h i-cf\"><div class=\"g-cols vc_row via_grid cols_2 laptops-cols_inherit tablets-cols_inherit mobiles-cols_1 valign_middle type_default stacking_default\" style=\"--columns-gap:0px;\"><div class=\"wpb_column vc_column_container\"><div class=\"vc_column-inner\">[vc_custom_heading source=&#8221;post_title&#8221; font_container=&#8221;tag:h3|text_align:left&#8221; use_theme_fonts=&#8221;yes&#8221;]<\/div><\/div><div class=\"wpb_column vc_column_container\"><div class=\"vc_column-inner\"><div class=\"w-hwrapper us_custom_66a436fb valign_stretch default_align_left laptops_align_left tablets_align_left mobiles_align_right\"><nav class=\"g-breadcrumbs us_custom_481f6ca8 inliner separator_icon align_none\" itemscope itemtype=\"http:\/\/schema.org\/BreadcrumbList\"><div class=\"g-breadcrumbs-item\" itemscope itemprop=\"itemListElement\" itemtype=\"http:\/\/schema.org\/ListItem\"><a itemprop=\"item\" href=\"https:\/\/nstgruppen.no\/lt\/\"><span itemprop=\"name\">Prad\u017eia<\/span><\/a><meta itemprop=\"position\" content=\"1\"\/><\/div><div class=\"g-breadcrumbs-separator\"><i class=\"far fa-angle-right\"><\/i><\/div><div class=\"g-breadcrumbs-item\">Puslapiai<\/div><\/nav><\/div><\/div><\/div><\/div><\/div><\/section><section class=\"l-section wpb_row height_custom\"><div class=\"l-section-h i-cf\"><div class=\"g-cols vc_row via_grid cols_1 laptops-cols_inherit tablets-cols_inherit mobiles-cols_1 valign_top type_default stacking_default\"><div class=\"wpb_column vc_column_container\"><div class=\"vc_column-inner\"><div class=\"g-cols wpb_row via_grid cols_1-2-1 laptops-cols_inherit tablets-cols_inherit mobiles-cols_1 valign_top type_default stacking_default\" style=\"--columns-gap:3rem;\"><div class=\"wpb_column vc_column_container\"><div class=\"vc_column-inner\"><div class=\"w-image align_none\"><div class=\"w-image-h\"><img decoding=\"async\" width=\"1024\" height=\"576\" src=\"https:\/\/nstgruppen.no\/wp-content\/uploads\/2024\/01\/Fb-1024x576.jpg\" class=\"attachment-large size-large\" alt=\"\" loading=\"lazy\" srcset=\"https:\/\/nstgruppen.no\/wp-content\/uploads\/2024\/01\/Fb-1024x576.jpg 1024w, https:\/\/nstgruppen.no\/wp-content\/uploads\/2024\/01\/Fb-300x169.jpg 300w, https:\/\/nstgruppen.no\/wp-content\/uploads\/2024\/01\/Fb.jpg 1600w\" sizes=\"auto, (max-width: 1024px) 100vw, 1024px\" \/><\/div><\/div><\/div><\/div><div class=\"wpb_column vc_column_container\"><div class=\"vc_column-inner\"><div class=\"wpb_text_column\"><div class=\"wpb_wrapper\"><p>2017 m. spalio 16-22 d. mus aplank\u0117 \u0161aun\u016bs mokiniai i\u0161 Saudos profesin\u0117s mokyklos, VG1 statyb\u0173 ir \u012frengim\u0173 klas\u0117s.<\/p>\n<\/div><\/div><\/div><\/div><div class=\"wpb_column vc_column_container\"><div class=\"vc_column-inner\"><\/div><\/div><\/div><div class=\"ult-spacer spacer-69ee64d865064\" data-id=\"69ee64d865064\" data-height=\"50\" data-height-mobile=\"50\" data-height-tab=\"50\" data-height-tab-portrait=\"\" data-height-mobile-landscape=\"\" style=\"clear:both;display:block;\"><\/div><div class=\"g-cols wpb_row via_grid cols_1-2-1 laptops-cols_inherit tablets-cols_inherit mobiles-cols_1 valign_top type_default stacking_default\" style=\"--columns-gap:3rem;\"><div class=\"wpb_column vc_column_container\"><div class=\"vc_column-inner\"><div class=\"w-image align_none\"><div class=\"w-image-h\"><img decoding=\"async\" width=\"1024\" height=\"768\" src=\"https:\/\/nstgruppen.no\/wp-content\/uploads\/2024\/01\/20170811_151852-nett-1024x768.jpg\" class=\"attachment-large size-large\" alt=\"\" loading=\"lazy\" srcset=\"https:\/\/nstgruppen.no\/wp-content\/uploads\/2024\/01\/20170811_151852-nett-1024x768.jpg 1024w, https:\/\/nstgruppen.no\/wp-content\/uploads\/2024\/01\/20170811_151852-nett-300x225.jpg 300w\" sizes=\"auto, (max-width: 1024px) 100vw, 1024px\" \/><\/div><\/div><\/div><\/div><div class=\"wpb_column vc_column_container\"><div class=\"vc_column-inner\"><div class=\"wpb_text_column\"><div class=\"wpb_wrapper\"><div class=\"avia_textblock \" style=\"font-size: 16px;\">\n<p>2017 m. mes sureng\u0117me visiems darbuotojams pastoli\u0173 naudojimo kursus.<\/p>\n<\/div>\n<\/div><\/div><\/div><\/div><div class=\"wpb_column vc_column_container\"><div class=\"vc_column-inner\"><\/div><\/div><\/div><div class=\"ult-spacer spacer-69ee64d865d95\" data-id=\"69ee64d865d95\" data-height=\"50\" data-height-mobile=\"50\" data-height-tab=\"50\" data-height-tab-portrait=\"\" data-height-mobile-landscape=\"\" style=\"clear:both;display:block;\"><\/div><div class=\"g-cols wpb_row via_grid cols_1-2-1 laptops-cols_inherit tablets-cols_inherit mobiles-cols_1 valign_top type_default stacking_default\" style=\"--columns-gap:3rem;\"><div class=\"wpb_column vc_column_container\"><div class=\"vc_column-inner\"><div class=\"w-image align_none\"><div class=\"w-image-h\"><img decoding=\"async\" width=\"1024\" height=\"612\" src=\"https:\/\/nstgruppen.no\/wp-content\/uploads\/2024\/01\/IMAG0037-1024x612.jpg\" class=\"attachment-large size-large\" alt=\"\" loading=\"lazy\" srcset=\"https:\/\/nstgruppen.no\/wp-content\/uploads\/2024\/01\/IMAG0037-1024x612.jpg 1024w, https:\/\/nstgruppen.no\/wp-content\/uploads\/2024\/01\/IMAG0037-300x179.jpg 300w\" sizes=\"auto, (max-width: 1024px) 100vw, 1024px\" \/><\/div><\/div><\/div><\/div><div class=\"wpb_column vc_column_container\"><div class=\"vc_column-inner\"><div class=\"wpb_text_column\"><div class=\"wpb_wrapper\"><div class=\"avia_textblock \" style=\"font-size: 16px;\">\n<p>2016 m. <em>NST Byggservice as\u00a0<\/em>\u00a0buvo pripa\u017einta m\u016bro darb\u0173 apmokymo \u012fmone.<\/p>\n<\/div>\n<\/div><\/div><\/div><\/div><div class=\"wpb_column vc_column_container\"><div class=\"vc_column-inner\"><\/div><\/div><\/div><div class=\"ult-spacer spacer-69ee64d866c14\" data-id=\"69ee64d866c14\" data-height=\"50\" data-height-mobile=\"50\" data-height-tab=\"50\" data-height-tab-portrait=\"\" data-height-mobile-landscape=\"\" style=\"clear:both;display:block;\"><\/div><div class=\"g-cols wpb_row via_grid cols_1-2-1 laptops-cols_inherit tablets-cols_inherit mobiles-cols_1 valign_top type_default stacking_default\" style=\"--columns-gap:3rem;\"><div class=\"wpb_column vc_column_container\"><div class=\"vc_column-inner\"><div class=\"w-image align_none\"><div class=\"w-image-h\"><img decoding=\"async\" width=\"300\" height=\"225\" src=\"https:\/\/nstgruppen.no\/wp-content\/uploads\/2024\/01\/20170811_151852-nett-300x225-1.jpg\" class=\"attachment-large size-large\" alt=\"\" loading=\"lazy\" \/><\/div><\/div><\/div><\/div><div class=\"wpb_column vc_column_container\"><div class=\"vc_column-inner\"><div class=\"wpb_text_column\"><div class=\"wpb_wrapper\"><div class=\"avia_textblock \" style=\"font-size: 16px;\">\n<p>2015 m. rugs\u0117jo m\u0117n. du asmenys dalyvavo darbo dr\u0117gnose patalpose kursuose.<\/p>\n<p>Taip pat\u00a0 mes i\u0161siunt\u0117me tris asmenis \u012f kursus apie nauj\u0105 standarto NS 3420-T: 2015 versij\u0105.<\/p>\n<\/div>\n<\/div><\/div><\/div><\/div><div class=\"wpb_column vc_column_container\"><div class=\"vc_column-inner\"><\/div><\/div><\/div><div class=\"ult-spacer spacer-69ee64d867845\" data-id=\"69ee64d867845\" data-height=\"50\" data-height-mobile=\"50\" data-height-tab=\"50\" data-height-tab-portrait=\"\" data-height-mobile-landscape=\"\" style=\"clear:both;display:block;\"><\/div><div class=\"g-cols wpb_row via_grid cols_1-2-1 laptops-cols_inherit tablets-cols_inherit mobiles-cols_1 valign_top type_default stacking_default\" style=\"--columns-gap:3rem;\"><div class=\"wpb_column vc_column_container\"><div class=\"vc_column-inner\"><div class=\"w-image align_none\"><div class=\"w-image-h\"><img decoding=\"async\" width=\"293\" height=\"181\" src=\"https:\/\/nstgruppen.no\/wp-content\/uploads\/2024\/01\/Fagbrev-Victor2_Fotor.jpg\" class=\"attachment-large size-large\" alt=\"\" loading=\"lazy\" \/><\/div><\/div><\/div><\/div><div class=\"wpb_column vc_column_container\"><div class=\"vc_column-inner\"><div class=\"wpb_text_column\"><div class=\"wpb_wrapper\"><div class=\"avia_textblock \" style=\"font-size: 16px;\">\n<p><span lang=\"LT\">2014 m. vienas darbuotojas gavo pastoli\u0173 statytojo pa\u017eym\u0117jim\u0105. <\/span><\/p>\n<p><span lang=\"LT\">Du asmenys 2015 m. laik\u0117 praktikos egzamin\u0105 da\u017eytojo pa\u017eym\u0117jimui gauti.<\/span><\/p>\n<\/div>\n<\/div><\/div><\/div><\/div><div class=\"wpb_column vc_column_container\"><div class=\"vc_column-inner\"><\/div><\/div><\/div><div class=\"ult-spacer spacer-69ee64d868786\" data-id=\"69ee64d868786\" data-height=\"50\" data-height-mobile=\"50\" data-height-tab=\"50\" data-height-tab-portrait=\"\" data-height-mobile-landscape=\"\" style=\"clear:both;display:block;\"><\/div><div class=\"g-cols wpb_row via_grid cols_1-2-1 laptops-cols_inherit tablets-cols_inherit mobiles-cols_1 valign_top type_default stacking_default\" style=\"--columns-gap:3rem;\"><div class=\"wpb_column vc_column_container\"><div class=\"vc_column-inner\"><div class=\"w-image align_none\"><div class=\"w-image-h\"><img decoding=\"async\" width=\"1024\" height=\"633\" src=\"https:\/\/nstgruppen.no\/wp-content\/uploads\/2024\/01\/2014_Fotor-1024x633.jpg\" class=\"attachment-large size-large\" alt=\"\" loading=\"lazy\" srcset=\"https:\/\/nstgruppen.no\/wp-content\/uploads\/2024\/01\/2014_Fotor-1024x633.jpg 1024w, https:\/\/nstgruppen.no\/wp-content\/uploads\/2024\/01\/2014_Fotor-300x185.jpg 300w, https:\/\/nstgruppen.no\/wp-content\/uploads\/2024\/01\/2014_Fotor.jpg 1280w\" sizes=\"auto, (max-width: 1024px) 100vw, 1024px\" \/><\/div><\/div><\/div><\/div><div class=\"wpb_column vc_column_container\"><div class=\"vc_column-inner\"><div class=\"wpb_text_column\"><div class=\"wpb_wrapper\"><div class=\"avia_textblock \" style=\"font-size: 16px;\">\n<p>2014 m. trys darbuotojai i\u0161 <em>NST Byggservice as<\/em>\u00a0 i\u0161laik\u0117 teorijos egzamin\u0105 da\u017eytojo pa\u017eym\u0117jimui gauti.<\/p>\n<p>Taip pat\u00a0 trys asmenys lank\u0117 kursus apie nauj\u0105 standarto NS 3420-T: 2014 versij\u0105.<\/p>\n<p><em>NST Byggservice as<\/em>\u00a0 i\u0161siunt\u0117 vien\u0105 darbuotoj\u0105 \u012f kursus apie efektyv\u0173\u00a0 b\u016bsto energijos vartojim\u0105.<\/p>\n<\/div>\n<\/div><\/div><\/div><\/div><div class=\"wpb_column vc_column_container\"><div class=\"vc_column-inner\"><\/div><\/div><\/div><div class=\"ult-spacer spacer-69ee64d8692c6\" data-id=\"69ee64d8692c6\" data-height=\"50\" data-height-mobile=\"50\" data-height-tab=\"50\" data-height-tab-portrait=\"\" data-height-mobile-landscape=\"\" style=\"clear:both;display:block;\"><\/div><div class=\"g-cols wpb_row via_grid cols_1-2-1 laptops-cols_inherit tablets-cols_inherit mobiles-cols_1 valign_top type_default stacking_default\" style=\"--columns-gap:3rem;\"><div class=\"wpb_column vc_column_container\"><div class=\"vc_column-inner\"><div class=\"w-image align_none\"><div class=\"w-image-h\"><img decoding=\"async\" width=\"448\" height=\"277\" src=\"https:\/\/nstgruppen.no\/wp-content\/uploads\/2024\/01\/Diverse_Fotor.jpg\" class=\"attachment-large size-large\" alt=\"\" loading=\"lazy\" srcset=\"https:\/\/nstgruppen.no\/wp-content\/uploads\/2024\/01\/Diverse_Fotor.jpg 448w, https:\/\/nstgruppen.no\/wp-content\/uploads\/2024\/01\/Diverse_Fotor-300x185.jpg 300w\" sizes=\"auto, (max-width: 448px) 100vw, 448px\" \/><\/div><\/div><\/div><\/div><div class=\"wpb_column vc_column_container\"><div class=\"vc_column-inner\"><div class=\"wpb_text_column\"><div class=\"wpb_wrapper\"><div class=\"avia_textblock \" style=\"font-size: 16px;\">\n<p>2013 m. \u00a0<em>NST Byggservice as<\/em>\u00a0darbuotojai lank\u0117 darbo dr\u0117gnose patalpose kursus, modulis a ir kvalifikacijos k\u0117limo kursus.<\/p>\n<p>Taip pat m\u016bs\u0173 darbuotojai lank\u0117 grind\u0173 klojimo kursus, modulis 1. Kursus organizavo <em>Tarkett\/Sch\u00f8nox\/Cassco\/IBG<\/em><\/p>\n<p>Vienas darbuotojas pasirinko prie\u0161gaisrin\u0117s technikos projektavimo statyb\u0173 pramon\u0117je studijas Stord\/Haugesund auk\u0161tojoje mokykloje.<\/p>\n<\/div>\n<\/div><\/div><\/div><\/div><div class=\"wpb_column vc_column_container\"><div class=\"vc_column-inner\"><\/div><\/div><\/div><div class=\"ult-spacer spacer-69ee64d869e48\" data-id=\"69ee64d869e48\" data-height=\"50\" data-height-mobile=\"50\" data-height-tab=\"50\" data-height-tab-portrait=\"\" data-height-mobile-landscape=\"\" style=\"clear:both;display:block;\"><\/div><div class=\"g-cols wpb_row via_grid cols_1-2-1 laptops-cols_inherit tablets-cols_inherit mobiles-cols_1 valign_top type_default stacking_default\" style=\"--columns-gap:3rem;\"><div class=\"wpb_column vc_column_container\"><div class=\"vc_column-inner\"><div class=\"w-image align_none\"><div class=\"w-image-h\"><img decoding=\"async\" width=\"448\" height=\"277\" src=\"https:\/\/nstgruppen.no\/wp-content\/uploads\/2024\/01\/Plantevernskurs_Fotor.jpg\" class=\"attachment-large size-large\" alt=\"\" loading=\"lazy\" srcset=\"https:\/\/nstgruppen.no\/wp-content\/uploads\/2024\/01\/Plantevernskurs_Fotor.jpg 448w, https:\/\/nstgruppen.no\/wp-content\/uploads\/2024\/01\/Plantevernskurs_Fotor-300x185.jpg 300w\" sizes=\"auto, (max-width: 448px) 100vw, 448px\" \/><\/div><\/div><\/div><\/div><div class=\"wpb_column vc_column_container\"><div class=\"vc_column-inner\"><div class=\"wpb_text_column\"><div class=\"wpb_wrapper\"><div class=\"avia_textblock \" style=\"font-size: 16px;\">\n<p>2010 m. <em>NST Renhold as<\/em>\u00a0personalas dalyvavo kursuose apie apsaug\u0105 nuo kritim\u0173 ir pesticid\u0173 naudojimo kursuose. Taip pat mes sureng\u0117me daug kurs\u0173 \u012fmon\u0117s viduje Juose buvo aptarti valymo darb\u0173 metodai ir chemini\u0173 med\u017eiag\u0173 naudojimas.<\/p>\n<p><em>NST Byggservice as<\/em>\u00a0personalas atnaujino savo \u017einias, dalyvaudamas darbo dr\u0117gnose patalpose kursuose.<\/p>\n<p>Du \u017emon\u0117s i\u0161 m\u016bs\u0173 administracijos dalyvavo kursuose apie vie\u0161\u0173j\u0173 pirkim\u0173 tvark\u0105, o vienas darbuotojas gilino \u017einias kursuose apie <em>NS 476 <\/em>(FROSIO) sertifikat\u0105.<\/p>\n<\/div>\n<\/div><\/div><\/div><\/div><div class=\"wpb_column vc_column_container\"><div class=\"vc_column-inner\"><\/div><\/div><\/div><div class=\"ult-spacer spacer-69ee64d86a9e9\" data-id=\"69ee64d86a9e9\" data-height=\"50\" data-height-mobile=\"50\" data-height-tab=\"50\" data-height-tab-portrait=\"\" data-height-mobile-landscape=\"\" style=\"clear:both;display:block;\"><\/div><div class=\"g-cols wpb_row via_grid cols_1-2-1 laptops-cols_inherit tablets-cols_inherit mobiles-cols_1 valign_top type_default stacking_default\" style=\"--columns-gap:3rem;\"><div class=\"wpb_column vc_column_container\"><div class=\"vc_column-inner\"><div class=\"w-image align_none\"><div class=\"w-image-h\"><img decoding=\"async\" width=\"448\" height=\"277\" src=\"https:\/\/nstgruppen.no\/wp-content\/uploads\/2024\/01\/Flugger_Fotor.jpg\" class=\"attachment-large size-large\" alt=\"\" loading=\"lazy\" srcset=\"https:\/\/nstgruppen.no\/wp-content\/uploads\/2024\/01\/Flugger_Fotor.jpg 448w, https:\/\/nstgruppen.no\/wp-content\/uploads\/2024\/01\/Flugger_Fotor-300x185.jpg 300w\" sizes=\"auto, (max-width: 448px) 100vw, 448px\" \/><\/div><\/div><\/div><\/div><div class=\"wpb_column vc_column_container\"><div class=\"vc_column-inner\"><div class=\"wpb_text_column\"><div class=\"wpb_wrapper\"><div class=\"avia_textblock \" style=\"font-size: 16px;\">\n<p>2009 m. kovo m\u0117n. pas mus sve\u010diavosi <em>Flugger,<\/em> kuris pristat\u0117 savo produktus <em>NST Byggservice as\u00a0<\/em>darbuotojams.<\/p>\n<\/div>\n<\/div><\/div><\/div><\/div><div class=\"wpb_column vc_column_container\"><div class=\"vc_column-inner\"><\/div><\/div><\/div><div class=\"ult-spacer spacer-69ee64d86b5df\" data-id=\"69ee64d86b5df\" data-height=\"50\" data-height-mobile=\"50\" data-height-tab=\"50\" data-height-tab-portrait=\"\" data-height-mobile-landscape=\"\" style=\"clear:both;display:block;\"><\/div><div class=\"g-cols wpb_row via_grid cols_1-2-1 laptops-cols_inherit tablets-cols_inherit mobiles-cols_1 valign_top type_default stacking_default\" style=\"--columns-gap:3rem;\"><div class=\"wpb_column vc_column_container\"><div class=\"vc_column-inner\"><div class=\"w-image align_none\"><div class=\"w-image-h\"><img decoding=\"async\" width=\"1024\" height=\"681\" src=\"https:\/\/nstgruppen.no\/wp-content\/uploads\/2024\/01\/Personlofterkurs-1024x681.jpg\" class=\"attachment-large size-large\" alt=\"\" loading=\"lazy\" srcset=\"https:\/\/nstgruppen.no\/wp-content\/uploads\/2024\/01\/Personlofterkurs-1024x681.jpg 1024w, https:\/\/nstgruppen.no\/wp-content\/uploads\/2024\/01\/Personlofterkurs-300x199.jpg 300w, https:\/\/nstgruppen.no\/wp-content\/uploads\/2024\/01\/Personlofterkurs.jpg 1280w\" sizes=\"auto, (max-width: 1024px) 100vw, 1024px\" \/><\/div><\/div><\/div><\/div><div class=\"wpb_column vc_column_container\"><div class=\"vc_column-inner\"><div class=\"wpb_text_column\"><div class=\"wpb_wrapper\"><div class=\"avia_textblock \" style=\"font-size: 16px;\">\n<p>2008 m. mes i\u0161siunt\u0117me 25 darbuotojus \u012f\u00a0 lift\u0173 kursus, kuriuos specialiai <em>NST Group<\/em> \u012fmonei organizavo <em>HED Karm\u00f8y<\/em>.<\/p>\n<p>Keletas m\u016bs\u0173 darbuotoj\u0173 mok\u0117si ir vilkik\u0173 vairavimo kursuose, kuriuos taip pat sureng\u0117 <em>HED Karm\u00f8y.<\/em><\/p>\n<p>Lapkri\u010dio m\u0117n. susitikome su vienu i\u0161 m\u016bs\u0173 pagrindini\u0173 tiek\u0117j\u0173 <em>Farvemilj\u00f8 Nord<\/em> , kuris pristat\u0117 produkcij\u0105 ir \u012frang\u0105 i\u0161 Jordanijos bei <em>J.S.Cock AS<\/em> ir <em>Sch\u00f8nox<\/em> gaminius.<\/p>\n<\/div>\n<\/div><\/div><\/div><\/div><div class=\"wpb_column vc_column_container\"><div class=\"vc_column-inner\"><\/div><\/div><\/div><div class=\"ult-spacer spacer-69ee64d86c258\" data-id=\"69ee64d86c258\" data-height=\"50\" data-height-mobile=\"50\" data-height-tab=\"50\" data-height-tab-portrait=\"\" data-height-mobile-landscape=\"\" style=\"clear:both;display:block;\"><\/div><div class=\"g-cols wpb_row via_grid cols_1-2-1 laptops-cols_inherit tablets-cols_inherit mobiles-cols_1 valign_top type_default stacking_default\" style=\"--columns-gap:3rem;\"><div class=\"wpb_column vc_column_container\"><div class=\"vc_column-inner\"><div class=\"w-image align_none\"><div class=\"w-image-h\"><img decoding=\"async\" width=\"448\" height=\"277\" src=\"https:\/\/nstgruppen.no\/wp-content\/uploads\/2024\/01\/Internmote_Fotor.jpg\" class=\"attachment-large size-large\" alt=\"\" loading=\"lazy\" srcset=\"https:\/\/nstgruppen.no\/wp-content\/uploads\/2024\/01\/Internmote_Fotor.jpg 448w, https:\/\/nstgruppen.no\/wp-content\/uploads\/2024\/01\/Internmote_Fotor-300x185.jpg 300w\" sizes=\"auto, (max-width: 448px) 100vw, 448px\" \/><\/div><\/div><\/div><\/div><div class=\"wpb_column vc_column_container\"><div class=\"vc_column-inner\"><div class=\"wpb_text_column\"><div class=\"wpb_wrapper\"><div class=\"avia_textblock \" style=\"font-size: 16px;\">\n<p>Atsi\u017evelgdami \u012f AML \u00a7 46C (anks\u010diau \u00a7 13) reikalavimus, 2007 m. gruod\u017eio m\u0117n. sureng\u0117me kursus pastoli\u0173 statytojams. Kursuose dalyvavo apie 20 asmen\u0173.<br \/>\nMus instruktavo Sigbj\u00f8rn Karlsen i\u0161 <em>ASC<\/em>.<\/p>\n<p>Be to visa \u012fmon\u0117s vadovyb\u0117 dalyvavo\u00a0HMS (sveikatos, aplinkos tausojimo ir darbo saugos) kursuose \u012fmoni\u0173 vadovams. Kursai vyko gruod\u017eio prad\u017eioje. Organizatorius: <em>Utvikling.org.<\/em><\/p>\n<\/div>\n<\/div><\/div><\/div><\/div><div class=\"wpb_column vc_column_container\"><div class=\"vc_column-inner\"><\/div><\/div><\/div><div class=\"ult-spacer spacer-69ee64d86ce5d\" data-id=\"69ee64d86ce5d\" data-height=\"50\" data-height-mobile=\"50\" data-height-tab=\"50\" data-height-tab-portrait=\"\" data-height-mobile-landscape=\"\" style=\"clear:both;display:block;\"><\/div><div class=\"g-cols wpb_row via_grid cols_1-2-1 laptops-cols_inherit tablets-cols_inherit mobiles-cols_1 valign_top type_default stacking_default\" style=\"--columns-gap:3rem;\"><div class=\"wpb_column vc_column_container\"><div class=\"vc_column-inner\"><div class=\"w-image align_none\"><div class=\"w-image-h\"><img decoding=\"async\" width=\"448\" height=\"277\" src=\"https:\/\/nstgruppen.no\/wp-content\/uploads\/2024\/01\/Stillaskurs_Fotor.jpg\" class=\"attachment-large size-large\" alt=\"\" loading=\"lazy\" srcset=\"https:\/\/nstgruppen.no\/wp-content\/uploads\/2024\/01\/Stillaskurs_Fotor.jpg 448w, https:\/\/nstgruppen.no\/wp-content\/uploads\/2024\/01\/Stillaskurs_Fotor-300x185.jpg 300w\" sizes=\"auto, (max-width: 448px) 100vw, 448px\" \/><\/div><\/div><\/div><\/div><div class=\"wpb_column vc_column_container\"><div class=\"vc_column-inner\"><div class=\"wpb_text_column\"><div class=\"wpb_wrapper\"><div class=\"avia_textblock \" style=\"font-size: 16px;\">\n<p>2007 m. ruden\u012f buvo surengti kursai \u012fmon\u0117s viduje apie darbo tvark\u0105, reglament\u0105, darbo metodus, sveikatos, aplinkos ir darbo saugos reikalavimus ir kt. Kursai baig\u0117si bendra vakariene <em>Maritim <\/em>vie\u0161butyje.<\/p>\n<p>Tais pa\u010diais metais keletas m\u016bs\u0173 darbuotoj\u0173 lank\u0117 vilkik\u0173 vairavimo kursus, o kai kurie mok\u0117si naujos grind\u0173 klojimo technologijos, naudojant grind\u0173 mas\u0119. Kursus organizavo \u012fmon\u0117 <em>Ardex<\/em>.<\/p>\n<\/div>\n<\/div><\/div><\/div><\/div><div class=\"wpb_column vc_column_container\"><div class=\"vc_column-inner\"><\/div><\/div><\/div><div class=\"ult-spacer spacer-69ee64d86da83\" data-id=\"69ee64d86da83\" data-height=\"50\" data-height-mobile=\"50\" data-height-tab=\"50\" data-height-tab-portrait=\"\" data-height-mobile-landscape=\"\" style=\"clear:both;display:block;\"><\/div><div class=\"g-cols wpb_row via_grid cols_1-2-1 laptops-cols_inherit tablets-cols_inherit mobiles-cols_1 valign_top type_default stacking_default\" style=\"--columns-gap:3rem;\"><div class=\"wpb_column vc_column_container\"><div class=\"vc_column-inner\"><div class=\"w-image align_none\"><div class=\"w-image-h\"><img decoding=\"async\" width=\"640\" height=\"395\" src=\"https:\/\/nstgruppen.no\/wp-content\/uploads\/2024\/01\/Jotun1_Fotor.jpg\" class=\"attachment-large size-large\" alt=\"\" loading=\"lazy\" srcset=\"https:\/\/nstgruppen.no\/wp-content\/uploads\/2024\/01\/Jotun1_Fotor.jpg 640w, https:\/\/nstgruppen.no\/wp-content\/uploads\/2024\/01\/Jotun1_Fotor-300x185.jpg 300w\" sizes=\"auto, (max-width: 640px) 100vw, 640px\" \/><\/div><\/div><\/div><\/div><div class=\"wpb_column vc_column_container\"><div class=\"vc_column-inner\"><div class=\"wpb_text_column\"><div class=\"wpb_wrapper\"><div class=\"avia_textblock \" style=\"font-size: 16px;\">\n<p>Bendradarbiaujant su <em>Jotun dekorativ<\/em>, buvo surengti med\u017eiagotyros kursai <em>NST Byggservice as<\/em>\u00a0darbuotojams. \u0160iek tiek anks\u010diau 35 \u012fmon\u0117s darbuotojai dalyvavo specialiuose kursuose, kuriuose \u012fgavo teorini\u0173 ir praktini\u0173 \u017eini\u0173, kaip saugiai dirbti su \u017emones kelian\u010diais liftais.<\/p>\n<\/div>\n<\/div><\/div><\/div><\/div><div class=\"wpb_column vc_column_container\"><div class=\"vc_column-inner\"><\/div><\/div><\/div><div class=\"ult-spacer spacer-69ee64d86e625\" data-id=\"69ee64d86e625\" data-height=\"50\" data-height-mobile=\"50\" data-height-tab=\"50\" data-height-tab-portrait=\"\" data-height-mobile-landscape=\"\" style=\"clear:both;display:block;\"><\/div><\/div><\/div><\/div><\/div><\/section>\n","protected":false},"excerpt":{"rendered":"[vc_custom_heading source=\"post_title\" font_container=\"tag:h3|text_align:left\" use_theme_fonts=\"yes\"]Prad\u017eiaPuslapiai2017 m. spalio 16-22 d. mus aplank\u0117 \u0161aun\u016bs mokiniai i\u0161 Saudos profesin\u0117s mokyklos, VG1 statyb\u0173 ir \u012frengim\u0173 klas\u0117s. 2017 m. mes sureng\u0117me visiems darbuotojams pastoli\u0173 naudojimo kursus. 2016 m. NST Byggservice as\u00a0\u00a0buvo pripa\u017einta m\u016bro darb\u0173 apmokymo \u012fmone. 2015 m. rugs\u0117jo m\u0117n. du asmenys dalyvavo darbo dr\u0117gnose patalpose kursuose. Taip pat\u00a0 mes i\u0161siunt\u0117me...","protected":false},"author":1,"featured_media":0,"parent":0,"menu_order":0,"comment_status":"closed","ping_status":"closed","template":"","meta":{"footnotes":""},"class_list":["post-1495","page","type-page","status-publish","hentry"],"_links":{"self":[{"href":"https:\/\/nstgruppen.no\/lt\/wp-json\/wp\/v2\/pages\/1495","targetHints":{"allow":["GET"]}}],"collection":[{"href":"https:\/\/nstgruppen.no\/lt\/wp-json\/wp\/v2\/pages"}],"about":[{"href":"https:\/\/nstgruppen.no\/lt\/wp-json\/wp\/v2\/types\/page"}],"author":[{"embeddable":true,"href":"https:\/\/nstgruppen.no\/lt\/wp-json\/wp\/v2\/users\/1"}],"replies":[{"embeddable":true,"href":"https:\/\/nstgruppen.no\/lt\/wp-json\/wp\/v2\/comments?post=1495"}],"version-history":[{"count":2,"href":"https:\/\/nstgruppen.no\/lt\/wp-json\/wp\/v2\/pages\/1495\/revisions"}],"predecessor-version":[{"id":1497,"href":"https:\/\/nstgruppen.no\/lt\/wp-json\/wp\/v2\/pages\/1495\/revisions\/1497"}],"wp:attachment":[{"href":"https:\/\/nstgruppen.no\/lt\/wp-json\/wp\/v2\/media?parent=1495"}],"curies":[{"name":"wp","href":"https:\/\/api.w.org\/{rel}","templated":true}]}}