{"id":1480,"date":"2024-01-10T13:44:16","date_gmt":"2024-01-10T12:44:16","guid":{"rendered":"http:\/\/1230523-www.web.tornado-node.net\/stillinger\/"},"modified":"2024-01-12T10:20:29","modified_gmt":"2024-01-12T09:20:29","slug":"stillinger","status":"publish","type":"page","link":"https:\/\/nstgruppen.no\/lt\/stillinger\/","title":{"rendered":"DARBO SKELBIMAI"},"content":{"rendered":"<section class=\"l-section wpb_row us_custom_dd83e7c2 height_auto\"><div class=\"l-section-h i-cf\"><div class=\"g-cols vc_row via_grid cols_2 laptops-cols_inherit tablets-cols_inherit mobiles-cols_1 valign_middle type_default stacking_default\" style=\"--columns-gap:0px;\"><div class=\"wpb_column vc_column_container\"><div class=\"vc_column-inner\">[vc_custom_heading source=&#8221;post_title&#8221; font_container=&#8221;tag:h3|text_align:left&#8221; use_theme_fonts=&#8221;yes&#8221;]<\/div><\/div><div class=\"wpb_column vc_column_container\"><div class=\"vc_column-inner\"><div class=\"w-hwrapper us_custom_66a436fb valign_stretch default_align_left laptops_align_left tablets_align_left mobiles_align_right\"><nav class=\"g-breadcrumbs us_custom_481f6ca8 inliner separator_icon align_none\" itemscope itemtype=\"http:\/\/schema.org\/BreadcrumbList\"><div class=\"g-breadcrumbs-item\" itemscope itemprop=\"itemListElement\" itemtype=\"http:\/\/schema.org\/ListItem\"><a itemprop=\"item\" href=\"https:\/\/nstgruppen.no\/lt\/\"><span itemprop=\"name\">Prad\u017eia<\/span><\/a><meta itemprop=\"position\" content=\"1\"\/><\/div><div class=\"g-breadcrumbs-separator\"><i class=\"far fa-angle-right\"><\/i><\/div><div class=\"g-breadcrumbs-item\">Puslapiai<\/div><\/nav><\/div><\/div><\/div><\/div><\/div><\/section><section class=\"l-section wpb_row height_custom\"><div class=\"l-section-h i-cf\"><div class=\"g-cols vc_row via_grid cols_2-1 laptops-cols_inherit tablets-cols_inherit mobiles-cols_1 valign_top type_default stacking_default\"><div class=\"wpb_column vc_column_container\"><div class=\"vc_column-inner\"><div class=\"wpb_text_column\"><div class=\"wpb_wrapper\"><div class=\"flex_column av_one_full flex_column_div av-zero-column-padding first avia-builder-el-0 el_before_av_one_full avia-builder-el-first \">\n<section class=\"av_textblock_section\">\n<div class=\"avia_textblock \">\n<section class=\"av_textblock_section\">\n<div class=\"avia_textblock \">\n<section class=\"av_textblock_section\">\n<div class=\"avia_textblock \">\n<section class=\"av_textblock_section\">\n<div class=\"avia_textblock \">\n<p style=\"text-align: left;\"><strong>DARBO SKELBIMAI<\/strong><\/p>\n<\/div>\n<\/section>\n<section class=\"av_textblock_section\">\n<div class=\"avia_textblock \">\n<p style=\"text-align: left;\" align=\"center\">NST Group si\u016blo darb\u0105 savo partneri\u0173 \u012fmon\u0117se ilgalaikiuose arba terminuotuose\u00a0\u00a0projektuose Norvegijoje, Islandijoje ir Lietuvoje.<\/p>\n<\/div>\n<\/section>\n<section class=\"av_textblock_section\">\n<div class=\"avia_textblock \"><\/div>\n<\/section>\n<\/div>\n<\/section>\n<\/div>\n<\/section>\n<\/div>\n<\/section>\n<\/div>\n<\/div><\/div><div class=\"ult-spacer spacer-69ee4f22d2c99\" data-id=\"69ee4f22d2c99\" data-height=\"70\" data-height-mobile=\"70\" data-height-tab=\"70\" data-height-tab-portrait=\"\" data-height-mobile-landscape=\"\" style=\"clear:both;display:block;\"><\/div><div class=\"wpb_text_column\"><div class=\"wpb_wrapper\"><div class=\"avia_textblock \" style=\"font-size: 16px;\">\n<section class=\"av_textblock_section\">\n<div class=\"avia_textblock \">\n<p><strong>Nuolat ie\u0161kome \u0161i\u0173 pozicij\u0173 darbuotoj\u0173:<\/strong><\/p>\n<ul>\n<li>BP slaugytoj\u0173<\/li>\n<li>Administratori\u0173<\/li>\n<li>Buhalteri\u0173<\/li>\n<li>Vadybinink\u0173<\/li>\n<li>Sand\u0117lio darbuotoj\u0173<\/li>\n<li>Pagalbini\u0173 darbinink\u0173<\/li>\n<li>Padav\u0117j\u0173<\/li>\n<li>Pakuotoj\u0173<\/li>\n<li>R\u016b\u0161iuotoj\u0173<\/li>\n<li>Krov\u0117j\u0173<\/li>\n<li>Kvalifikuot\u0173 statybinink\u0173<\/li>\n<li>Vairuotoj\u0173 ir kt.<\/li>\n<\/ul>\n<p>Jeigu Jus sudomino kuri nors i\u0161 auk\u0161\u010diau i\u0161vardint\u0173 darbo pozicij\u0173, susisiekite su mumis telefonu +370 5 2159992 ir susitarkite\u00a0d\u0117l pokalbio m\u016bs\u0173 biure. Jei turite jau paruo\u0161t\u0105 savo gyvenimo apra\u0161ym\u0105,\u00a0si\u0173skite j\u012f elektroniniu pa\u0161tu <a href=\"mailto:job@nstgroup.lt\">cv@nstgroup.lt<\/a><\/p>\n<p>Gyvenimo apra\u0161yme i\u0161samiai pateikite savo i\u0161silavinim\u0105 ir darbin\u0119 patirt\u012f. Taip pat nurodykite savo buvusi\u0173 darbdavi\u0173 kontaktus ar klient\u0173 telefono numerius \u2013 \u012f juos kreipsim\u0117s d\u0117l rekomendacij\u0173.\u00a0 J\u016bs\u0173 kandidat\u016bra \u00a0bus svarstoma tik pateikus nurodytus duomenis.<\/p>\n<p>Visoms darbo pozicijoms ie\u0161kome atsaking\u0173 darbuotoj\u0173 su tam tikros profesijos \u017einiomis ir darbo patirtimi.<\/p>\n<\/div>\n<\/section>\n<\/div>\n<\/div><\/div><\/div><\/div><div class=\"wpb_column vc_column_container\"><div class=\"vc_column-inner\"><\/div><\/div><\/div><\/div><\/section>\n","protected":false},"excerpt":{"rendered":"[vc_custom_heading source=\"post_title\" font_container=\"tag:h3|text_align:left\" use_theme_fonts=\"yes\"]Prad\u017eiaPuslapiai DARBO SKELBIMAI NST Group si\u016blo darb\u0105 savo partneri\u0173 \u012fmon\u0117se ilgalaikiuose arba terminuotuose\u00a0\u00a0projektuose Norvegijoje, Islandijoje ir Lietuvoje. Nuolat ie\u0161kome \u0161i\u0173 pozicij\u0173 darbuotoj\u0173: BP slaugytoj\u0173 Administratori\u0173 Buhalteri\u0173 Vadybinink\u0173 Sand\u0117lio darbuotoj\u0173 Pagalbini\u0173 darbinink\u0173 Padav\u0117j\u0173 Pakuotoj\u0173 R\u016b\u0161iuotoj\u0173 Krov\u0117j\u0173 Kvalifikuot\u0173 statybinink\u0173 Vairuotoj\u0173 ir kt. Jeigu Jus sudomino kuri nors i\u0161 auk\u0161\u010diau i\u0161vardint\u0173 darbo pozicij\u0173, susisiekite su...","protected":false},"author":1,"featured_media":0,"parent":0,"menu_order":0,"comment_status":"closed","ping_status":"closed","template":"","meta":{"footnotes":""},"class_list":["post-1480","page","type-page","status-publish","hentry"],"_links":{"self":[{"href":"https:\/\/nstgruppen.no\/lt\/wp-json\/wp\/v2\/pages\/1480","targetHints":{"allow":["GET"]}}],"collection":[{"href":"https:\/\/nstgruppen.no\/lt\/wp-json\/wp\/v2\/pages"}],"about":[{"href":"https:\/\/nstgruppen.no\/lt\/wp-json\/wp\/v2\/types\/page"}],"author":[{"embeddable":true,"href":"https:\/\/nstgruppen.no\/lt\/wp-json\/wp\/v2\/users\/1"}],"replies":[{"embeddable":true,"href":"https:\/\/nstgruppen.no\/lt\/wp-json\/wp\/v2\/comments?post=1480"}],"version-history":[{"count":2,"href":"https:\/\/nstgruppen.no\/lt\/wp-json\/wp\/v2\/pages\/1480\/revisions"}],"predecessor-version":[{"id":1482,"href":"https:\/\/nstgruppen.no\/lt\/wp-json\/wp\/v2\/pages\/1480\/revisions\/1482"}],"wp:attachment":[{"href":"https:\/\/nstgruppen.no\/lt\/wp-json\/wp\/v2\/media?parent=1480"}],"curies":[{"name":"wp","href":"https:\/\/api.w.org\/{rel}","templated":true}]}}