{"id":1474,"date":"2024-01-03T14:24:49","date_gmt":"2024-01-03T13:24:49","guid":{"rendered":"http:\/\/1230523-www.web.tornado-node.net\/nst-andalucia\/"},"modified":"2024-01-12T10:12:22","modified_gmt":"2024-01-12T09:12:22","slug":"nst-andalucia","status":"publish","type":"page","link":"https:\/\/nstgruppen.no\/lt\/nst-andalucia\/","title":{"rendered":"NST Andalucia S.L"},"content":{"rendered":"<section class=\"l-section wpb_row us_custom_dd83e7c2 height_auto\"><div class=\"l-section-h i-cf\"><div class=\"g-cols vc_row via_grid cols_2 laptops-cols_inherit tablets-cols_inherit mobiles-cols_1 valign_middle type_default stacking_default\" style=\"--columns-gap:0px;\"><div class=\"wpb_column vc_column_container\"><div class=\"vc_column-inner\">[vc_custom_heading source=&#8221;post_title&#8221; font_container=&#8221;tag:h3|text_align:left&#8221; use_theme_fonts=&#8221;yes&#8221;]<\/div><\/div><div class=\"wpb_column vc_column_container\"><div class=\"vc_column-inner\"><div class=\"w-hwrapper us_custom_66a436fb valign_stretch default_align_left laptops_align_left tablets_align_left mobiles_align_right\"><nav class=\"g-breadcrumbs us_custom_481f6ca8 inliner separator_icon align_none\" itemscope itemtype=\"http:\/\/schema.org\/BreadcrumbList\"><div class=\"g-breadcrumbs-item\" itemscope itemprop=\"itemListElement\" itemtype=\"http:\/\/schema.org\/ListItem\"><a itemprop=\"item\" href=\"https:\/\/nstgruppen.no\/lt\/\"><span itemprop=\"name\">Prad\u017eia<\/span><\/a><meta itemprop=\"position\" content=\"1\"\/><\/div><div class=\"g-breadcrumbs-separator\"><i class=\"far fa-angle-right\"><\/i><\/div><div class=\"g-breadcrumbs-item\">Puslapiai<\/div><\/nav><\/div><\/div><\/div><\/div><\/div><\/section><section class=\"l-section wpb_row height_custom\"><div class=\"l-section-h i-cf\"><div class=\"g-cols vc_row via_grid cols_1 laptops-cols_inherit tablets-cols_inherit mobiles-cols_1 valign_top type_default stacking_default\"><div class=\"wpb_column vc_column_container\"><div class=\"vc_column-inner\"><div class=\"w-image us_custom_214cff5d align_none\"><div class=\"w-image-h\"><img decoding=\"async\" width=\"636\" height=\"133\" src=\"https:\/\/nstgruppen.no\/wp-content\/uploads\/2024\/01\/NST-Andalucia-SL.jpg\" class=\"attachment-large size-large\" alt=\"\" loading=\"lazy\" srcset=\"https:\/\/nstgruppen.no\/wp-content\/uploads\/2024\/01\/NST-Andalucia-SL.jpg 636w, https:\/\/nstgruppen.no\/wp-content\/uploads\/2024\/01\/NST-Andalucia-SL-300x63.jpg 300w\" sizes=\"auto, (max-width: 636px) 100vw, 636px\" \/><\/div><\/div><div class=\"ult-spacer spacer-69dc22bae16c8\" data-id=\"69dc22bae16c8\" data-height=\"50\" data-height-mobile=\"50\" data-height-tab=\"50\" data-height-tab-portrait=\"\" data-height-mobile-landscape=\"\" style=\"clear:both;display:block;\"><\/div><div class=\"wpb_text_column\"><div class=\"wpb_wrapper\"><section class=\"av_textblock_section\">\n<div class=\"avia_textblock \">\n<p><strong>NST Andalucia S.L<\/strong> \u012fsteigta Marbelos kurorte 2015 m. Jos tikslas \u2013 pasi\u016blyti NST Group paslaugas, pritaikytas Ispanijos rinkai ir jos poreikiams.<\/p>\n<p>I\u0161 prad\u017ei\u0173 bendrov\u0117 si\u016blys nekilnojamojo turto arba vadinamojo \u201cFacility Management\u201d paslaugas u\u017esienie\u010diams, turintiems b\u016bstus \u0161iose apylink\u0117se.<\/p>\n<p>Tai b\u016bt\u0173 tokios paslaugos kaip pa\u0161to pristatymas,\u00a0 daikt\u0173 ir asmen\u0173 perve\u017eimas, valymo darbai, sodininkyst\u0117, technin\u0117 prie\u017ei\u016bra ir kt.<\/p>\n<p>Paslaug\u0173 spektras bus palaipsniui i\u0161pl\u0117stas, \u012ftraukiant ir kitas m\u016bs\u0173 paslaugas, kuri\u0173 gali prireikti vietos rinkai.<\/p>\n<\/div>\n<\/section>\n<\/div><\/div><\/div><\/div><\/div><\/div><\/section>\n","protected":false},"excerpt":{"rendered":"[vc_custom_heading source=\"post_title\" font_container=\"tag:h3|text_align:left\" use_theme_fonts=\"yes\"]Prad\u017eiaPuslapiai NST Andalucia S.L \u012fsteigta Marbelos kurorte 2015 m. Jos tikslas \u2013 pasi\u016blyti NST Group paslaugas, pritaikytas Ispanijos rinkai ir jos poreikiams. I\u0161 prad\u017ei\u0173 bendrov\u0117 si\u016blys nekilnojamojo turto arba vadinamojo \u201cFacility Management\u201d paslaugas u\u017esienie\u010diams, turintiems b\u016bstus \u0161iose apylink\u0117se. Tai b\u016bt\u0173 tokios paslaugos kaip pa\u0161to pristatymas,\u00a0 daikt\u0173 ir asmen\u0173 perve\u017eimas, valymo darbai, sodininkyst\u0117,...","protected":false},"author":1,"featured_media":0,"parent":0,"menu_order":0,"comment_status":"closed","ping_status":"closed","template":"","meta":{"footnotes":""},"class_list":["post-1474","page","type-page","status-publish","hentry"],"_links":{"self":[{"href":"https:\/\/nstgruppen.no\/lt\/wp-json\/wp\/v2\/pages\/1474","targetHints":{"allow":["GET"]}}],"collection":[{"href":"https:\/\/nstgruppen.no\/lt\/wp-json\/wp\/v2\/pages"}],"about":[{"href":"https:\/\/nstgruppen.no\/lt\/wp-json\/wp\/v2\/types\/page"}],"author":[{"embeddable":true,"href":"https:\/\/nstgruppen.no\/lt\/wp-json\/wp\/v2\/users\/1"}],"replies":[{"embeddable":true,"href":"https:\/\/nstgruppen.no\/lt\/wp-json\/wp\/v2\/comments?post=1474"}],"version-history":[{"count":1,"href":"https:\/\/nstgruppen.no\/lt\/wp-json\/wp\/v2\/pages\/1474\/revisions"}],"predecessor-version":[{"id":1475,"href":"https:\/\/nstgruppen.no\/lt\/wp-json\/wp\/v2\/pages\/1474\/revisions\/1475"}],"wp:attachment":[{"href":"https:\/\/nstgruppen.no\/lt\/wp-json\/wp\/v2\/media?parent=1474"}],"curies":[{"name":"wp","href":"https:\/\/api.w.org\/{rel}","templated":true}]}}