{"id":1472,"date":"2024-01-03T14:24:11","date_gmt":"2024-01-03T13:24:11","guid":{"rendered":"http:\/\/1230523-www.web.tornado-node.net\/nst-accounting\/"},"modified":"2024-01-12T09:47:42","modified_gmt":"2024-01-12T08:47:42","slug":"nst-accounting","status":"publish","type":"page","link":"https:\/\/nstgruppen.no\/lt\/nst-accounting\/","title":{"rendered":"UAB NST Accounting"},"content":{"rendered":"<section class=\"l-section wpb_row us_custom_dd83e7c2 height_auto\"><div class=\"l-section-h i-cf\"><div class=\"g-cols vc_row via_grid cols_2 laptops-cols_inherit tablets-cols_inherit mobiles-cols_1 valign_middle type_default stacking_default\" style=\"--columns-gap:0px;\"><div class=\"wpb_column vc_column_container\"><div class=\"vc_column-inner\">[vc_custom_heading source=&#8221;post_title&#8221; font_container=&#8221;tag:h3|text_align:left&#8221; use_theme_fonts=&#8221;yes&#8221;]<\/div><\/div><div class=\"wpb_column vc_column_container\"><div class=\"vc_column-inner\"><div class=\"w-hwrapper us_custom_66a436fb valign_stretch default_align_left laptops_align_left tablets_align_left mobiles_align_right\"><nav class=\"g-breadcrumbs us_custom_481f6ca8 inliner separator_icon align_none\" itemscope itemtype=\"http:\/\/schema.org\/BreadcrumbList\"><div class=\"g-breadcrumbs-item\" itemscope itemprop=\"itemListElement\" itemtype=\"http:\/\/schema.org\/ListItem\"><a itemprop=\"item\" href=\"https:\/\/nstgruppen.no\/lt\/\"><span itemprop=\"name\">Prad\u017eia<\/span><\/a><meta itemprop=\"position\" content=\"1\"\/><\/div><div class=\"g-breadcrumbs-separator\"><i class=\"far fa-angle-right\"><\/i><\/div><div class=\"g-breadcrumbs-item\">Puslapiai<\/div><\/nav><\/div><\/div><\/div><\/div><\/div><\/section><section class=\"l-section wpb_row height_custom\"><div class=\"l-section-h i-cf\"><div class=\"g-cols vc_row via_grid cols_1 laptops-cols_inherit tablets-cols_inherit mobiles-cols_1 valign_top type_default stacking_default\"><div class=\"wpb_column vc_column_container\"><div class=\"vc_column-inner\"><div class=\"w-image us_custom_214cff5d align_none\"><div class=\"w-image-h\"><img decoding=\"async\" width=\"734\" height=\"133\" src=\"https:\/\/nstgruppen.no\/wp-content\/uploads\/2024\/01\/UAB-NST-Accounting.jpg\" class=\"attachment-large size-large\" alt=\"\" loading=\"lazy\" srcset=\"https:\/\/nstgruppen.no\/wp-content\/uploads\/2024\/01\/UAB-NST-Accounting.jpg 734w, https:\/\/nstgruppen.no\/wp-content\/uploads\/2024\/01\/UAB-NST-Accounting-300x54.jpg 300w\" sizes=\"auto, (max-width: 734px) 100vw, 734px\" \/><\/div><\/div><div class=\"ult-spacer spacer-69d62b37364dd\" data-id=\"69d62b37364dd\" data-height=\"50\" data-height-mobile=\"50\" data-height-tab=\"50\" data-height-tab-portrait=\"\" data-height-mobile-landscape=\"\" style=\"clear:both;display:block;\"><\/div><div class=\"wpb_text_column\"><div class=\"wpb_wrapper\"><section class=\"av_textblock_section\">\n<div class=\"avia_textblock \">\n<div class=\"flex_column av_one_full flex_column_div av-zero-column-padding first avia-builder-el-2 el_after_av_one_full el_before_av_one_full column-top-margin\">\n<section class=\"av_textblock_section\">\n<div class=\"avia_textblock \">\n<p><strong>UAB NST Accounting<\/strong> yra norvegi\u0161ko kapitalo \u012fmon\u0117, \u012fsteigta Lietuvoje NST Group \u012fmoni\u0173 grup\u0117s. \u012emon\u0117 teikia buhalterin\u0117s apskaitos, konsultavimo, \u012fmoni\u0173 steigimo, mokes\u010di\u0173 gr\u0105\u017einimo ir kitas paslaugas ma\u017eoms bei vidutin\u0117ms \u012fmon\u0117ms, vykdan\u010dioms veikl\u0105 Lietuvoje ir Norvegijoje.<\/p>\n<\/div>\n<\/section>\n<\/div>\n<div class=\"flex_column av_one_full flex_column_div av-zero-column-padding first avia-builder-el-4 el_after_av_one_full el_before_av_one_full column-top-margin\">\n<section class=\"av_textblock_section\">\n<div class=\"avia_textblock \">\n<p><a href=\"https:\/\/www.nstaccounting.lt\/\">Daugiau informacijos rasite \u010dia<\/a><\/p>\n<\/div>\n<\/section>\n<\/div>\n<\/div>\n<\/section>\n<\/div><\/div><div class=\"ult-spacer spacer-69d62b373680f\" data-id=\"69d62b373680f\" data-height=\"20\" data-height-mobile=\"20\" data-height-tab=\"20\" data-height-tab-portrait=\"\" data-height-mobile-landscape=\"\" style=\"clear:both;display:block;\"><\/div><div class=\"w-gallery fit_cover type_grid action_popup_image ratio_4x3 count_2\" style=\"--columns:3;--items-gap:10px;\"><div class=\"w-gallery-list\"><div class=\"w-gallery-item\"><div class=\"w-gallery-item-img\"><img loading=\"lazy\" decoding=\"async\" width=\"1024\" height=\"821\" src=\"https:\/\/nstgruppen.no\/wp-content\/uploads\/2024\/01\/Nst-Accounting-1030x826-2-1024x821.jpg\" class=\"attachment-large size-large\" alt=\"\" srcset=\"https:\/\/nstgruppen.no\/wp-content\/uploads\/2024\/01\/Nst-Accounting-1030x826-2-1024x821.jpg 1024w, https:\/\/nstgruppen.no\/wp-content\/uploads\/2024\/01\/Nst-Accounting-1030x826-2-300x241.jpg 300w, https:\/\/nstgruppen.no\/wp-content\/uploads\/2024\/01\/Nst-Accounting-1030x826-2.jpg 1030w\" sizes=\"auto, (max-width: 1024px) 100vw, 1024px\" \/><\/div><a class=\"w-gallery-item-link\" aria-label=\"Nst-Accounting-1030x826\" href=\"https:\/\/nstgruppen.no\/wp-content\/uploads\/2024\/01\/Nst-Accounting-1030x826-2.jpg\"><\/a><\/div><div class=\"w-gallery-item\"><div class=\"w-gallery-item-img\"><img loading=\"lazy\" decoding=\"async\" width=\"1024\" height=\"768\" src=\"https:\/\/nstgruppen.no\/wp-content\/uploads\/2024\/01\/NST-BAltija-1030x773-1-1024x768.jpg\" class=\"attachment-large size-large\" alt=\"\" srcset=\"https:\/\/nstgruppen.no\/wp-content\/uploads\/2024\/01\/NST-BAltija-1030x773-1-1024x768.jpg 1024w, https:\/\/nstgruppen.no\/wp-content\/uploads\/2024\/01\/NST-BAltija-1030x773-1-300x225.jpg 300w, https:\/\/nstgruppen.no\/wp-content\/uploads\/2024\/01\/NST-BAltija-1030x773-1.jpg 1030w\" sizes=\"auto, (max-width: 1024px) 100vw, 1024px\" \/><\/div><a class=\"w-gallery-item-link\" aria-label=\"NST-BAltija-1030x773\" href=\"https:\/\/nstgruppen.no\/wp-content\/uploads\/2024\/01\/NST-BAltija-1030x773-1.jpg\"><\/a><\/div><\/div><\/div><\/div><\/div><\/div><\/div><\/section>\n","protected":false},"excerpt":{"rendered":"[vc_custom_heading source=\"post_title\" font_container=\"tag:h3|text_align:left\" use_theme_fonts=\"yes\"]Prad\u017eiaPuslapiai UAB NST Accounting yra norvegi\u0161ko kapitalo \u012fmon\u0117, \u012fsteigta Lietuvoje NST Group \u012fmoni\u0173 grup\u0117s. \u012emon\u0117 teikia buhalterin\u0117s apskaitos, konsultavimo, \u012fmoni\u0173 steigimo, mokes\u010di\u0173 gr\u0105\u017einimo ir kitas paslaugas ma\u017eoms bei vidutin\u0117ms \u012fmon\u0117ms, vykdan\u010dioms veikl\u0105 Lietuvoje ir Norvegijoje. Daugiau informacijos rasite \u010dia","protected":false},"author":1,"featured_media":0,"parent":0,"menu_order":0,"comment_status":"closed","ping_status":"closed","template":"","meta":{"footnotes":""},"class_list":["post-1472","page","type-page","status-publish","hentry"],"_links":{"self":[{"href":"https:\/\/nstgruppen.no\/lt\/wp-json\/wp\/v2\/pages\/1472","targetHints":{"allow":["GET"]}}],"collection":[{"href":"https:\/\/nstgruppen.no\/lt\/wp-json\/wp\/v2\/pages"}],"about":[{"href":"https:\/\/nstgruppen.no\/lt\/wp-json\/wp\/v2\/types\/page"}],"author":[{"embeddable":true,"href":"https:\/\/nstgruppen.no\/lt\/wp-json\/wp\/v2\/users\/1"}],"replies":[{"embeddable":true,"href":"https:\/\/nstgruppen.no\/lt\/wp-json\/wp\/v2\/comments?post=1472"}],"version-history":[{"count":1,"href":"https:\/\/nstgruppen.no\/lt\/wp-json\/wp\/v2\/pages\/1472\/revisions"}],"predecessor-version":[{"id":1473,"href":"https:\/\/nstgruppen.no\/lt\/wp-json\/wp\/v2\/pages\/1472\/revisions\/1473"}],"wp:attachment":[{"href":"https:\/\/nstgruppen.no\/lt\/wp-json\/wp\/v2\/media?parent=1472"}],"curies":[{"name":"wp","href":"https:\/\/api.w.org\/{rel}","templated":true}]}}