{"id":1462,"date":"2024-01-03T14:23:55","date_gmt":"2024-01-03T13:23:55","guid":{"rendered":"http:\/\/1230523-www.web.tornado-node.net\/?page_id=1462"},"modified":"2024-01-12T09:45:03","modified_gmt":"2024-01-12T08:45:03","slug":"uab-nst-baltija","status":"publish","type":"page","link":"https:\/\/nstgruppen.no\/lt\/uab-nst-baltija\/","title":{"rendered":"UAB NST Baltija"},"content":{"rendered":"<section class=\"l-section wpb_row us_custom_dd83e7c2 height_auto\"><div class=\"l-section-h i-cf\"><div class=\"g-cols vc_row via_grid cols_2 laptops-cols_inherit tablets-cols_inherit mobiles-cols_1 valign_middle type_default stacking_default\" style=\"--columns-gap:0px;\"><div class=\"wpb_column vc_column_container\"><div class=\"vc_column-inner\">[vc_custom_heading source=&#8221;post_title&#8221; font_container=&#8221;tag:h3|text_align:left&#8221; use_theme_fonts=&#8221;yes&#8221;]<\/div><\/div><div class=\"wpb_column vc_column_container\"><div class=\"vc_column-inner\"><div class=\"w-hwrapper us_custom_66a436fb valign_stretch default_align_left laptops_align_left tablets_align_left mobiles_align_right\"><nav class=\"g-breadcrumbs us_custom_481f6ca8 inliner separator_icon align_none\" itemscope itemtype=\"http:\/\/schema.org\/BreadcrumbList\"><div class=\"g-breadcrumbs-item\" itemscope itemprop=\"itemListElement\" itemtype=\"http:\/\/schema.org\/ListItem\"><a itemprop=\"item\" href=\"https:\/\/nstgruppen.no\/lt\/\"><span itemprop=\"name\">Prad\u017eia<\/span><\/a><meta itemprop=\"position\" content=\"1\"\/><\/div><div class=\"g-breadcrumbs-separator\"><i class=\"far fa-angle-right\"><\/i><\/div><div class=\"g-breadcrumbs-item\">Puslapiai<\/div><\/nav><\/div><\/div><\/div><\/div><\/div><\/section><section class=\"l-section wpb_row height_custom\"><div class=\"l-section-h i-cf\"><div class=\"g-cols vc_row via_grid cols_1 laptops-cols_inherit tablets-cols_inherit mobiles-cols_1 valign_top type_default stacking_default\"><div class=\"wpb_column vc_column_container\"><div class=\"vc_column-inner\"><div class=\"w-image us_custom_214cff5d align_none\"><div class=\"w-image-h\"><img decoding=\"async\" width=\"559\" height=\"133\" src=\"https:\/\/nstgruppen.no\/wp-content\/uploads\/2024\/01\/UAB-NST-Baltija.jpg\" class=\"attachment-large size-large\" alt=\"\" loading=\"lazy\" srcset=\"https:\/\/nstgruppen.no\/wp-content\/uploads\/2024\/01\/UAB-NST-Baltija.jpg 559w, https:\/\/nstgruppen.no\/wp-content\/uploads\/2024\/01\/UAB-NST-Baltija-300x71.jpg 300w\" sizes=\"auto, (max-width: 559px) 100vw, 559px\" \/><\/div><\/div><div class=\"ult-spacer spacer-6a046a9ff3170\" data-id=\"6a046a9ff3170\" data-height=\"50\" data-height-mobile=\"50\" data-height-tab=\"50\" data-height-tab-portrait=\"\" data-height-mobile-landscape=\"\" style=\"clear:both;display:block;\"><\/div><div class=\"wpb_text_column\"><div class=\"wpb_wrapper\"><section class=\"av_textblock_section\">\n<div class=\"avia_textblock \">\n<p><strong>UAB Norwegian Service Team Baltija<\/strong> \u2013 NST Group \u012fmoni\u0173 grup\u0117s\u00a0\u012fmon\u0117 \u012fsik\u016brusi Vilniuje.<\/p>\n<p><strong>Pagrindin\u0117 NST Baltija veikla \u2013 laikinasis \u012fdarbinimas (personalo nuoma \/ darbuotoj\u0173 nuoma) ir kitos personalo valdymo paslaugos.<\/strong>\u00a0Nuo 2003 met\u0173 teikiame<strong> darbuotoj\u0173 nuomos ir atrankos paslaugas<\/strong> Norvegijos, Lietuvos ir Islandijos \u012fmon\u0117ms.<\/p>\n<p>Jei norite laikinai i\u0161pl\u0117sti savo komand\u0105, kad \u012fvykdytum\u0117te didel\u0117s apimties darbus\/projektus ar tr\u016bksta nuolatini\u0173 darbuotoj\u0173 \u2013 pad\u0117sime tai i\u0161spr\u0119sti <strong>greitai ir efektyviai<\/strong>. Esame ekspertai personalo srityje ir \u017einome kaip suderinti laikinuosius darbuotojus su \u012fmon\u0117mis, kurioms j\u0173 labiausiai reikia. Kiekvienam <strong>parenkame tinkamiausius ir labiausiai poreikius atitinkan\u010dius darbuotojus<\/strong>.<\/p>\n<p>Nesvarbu, ar laikinieji darbuotojai u\u017epildo netik\u0117tai atsiradusi\u0105 laisv\u0105 darbo viet\u0105, padeda atlikti sezoninius darbus ar dirba kol \u012fdarbinamas ilgalaikis komandos narys, mes pasir\u016bpiname, kad tur\u0117tum\u0117te<strong> tinkamiausi\u0105 laikin\u0105 komandos nar\u012f per trumpiausi\u0105 laik\u0105.<\/strong><\/p>\n<\/div>\n<\/section>\n<\/div><\/div><div class=\"ult-spacer spacer-6a046a9ff34c6\" data-id=\"6a046a9ff34c6\" data-height=\"20\" data-height-mobile=\"20\" data-height-tab=\"20\" data-height-tab-portrait=\"\" data-height-mobile-landscape=\"\" style=\"clear:both;display:block;\"><\/div><div class=\"w-gallery fit_cover type_grid action_popup_image ratio_4x3 count_3\" style=\"--columns:4;--items-gap:10px;\"><div class=\"w-gallery-list\"><div class=\"w-gallery-item\"><div class=\"w-gallery-item-img\"><img loading=\"lazy\" decoding=\"async\" width=\"1024\" height=\"835\" src=\"https:\/\/nstgruppen.no\/wp-content\/uploads\/2024\/01\/31-1030x840-1-1024x835.jpg\" class=\"attachment-large size-large\" alt=\"\" srcset=\"https:\/\/nstgruppen.no\/wp-content\/uploads\/2024\/01\/31-1030x840-1-1024x835.jpg 1024w, https:\/\/nstgruppen.no\/wp-content\/uploads\/2024\/01\/31-1030x840-1-300x245.jpg 300w, https:\/\/nstgruppen.no\/wp-content\/uploads\/2024\/01\/31-1030x840-1.jpg 1030w\" sizes=\"auto, (max-width: 1024px) 100vw, 1024px\" \/><\/div><a class=\"w-gallery-item-link\" aria-label=\"31-1030x840\" href=\"https:\/\/nstgruppen.no\/wp-content\/uploads\/2024\/01\/31-1030x840-1.jpg\"><\/a><\/div><div class=\"w-gallery-item\"><div class=\"w-gallery-item-img\"><img loading=\"lazy\" decoding=\"async\" width=\"1024\" height=\"681\" src=\"https:\/\/nstgruppen.no\/wp-content\/uploads\/2024\/01\/DSC_0112-1030x685-1-1024x681.jpg\" class=\"attachment-large size-large\" alt=\"\" srcset=\"https:\/\/nstgruppen.no\/wp-content\/uploads\/2024\/01\/DSC_0112-1030x685-1-1024x681.jpg 1024w, https:\/\/nstgruppen.no\/wp-content\/uploads\/2024\/01\/DSC_0112-1030x685-1-300x200.jpg 300w, https:\/\/nstgruppen.no\/wp-content\/uploads\/2024\/01\/DSC_0112-1030x685-1.jpg 1030w\" sizes=\"auto, (max-width: 1024px) 100vw, 1024px\" \/><\/div><a class=\"w-gallery-item-link\" aria-label=\"DSC_0112-1030x685\" href=\"https:\/\/nstgruppen.no\/wp-content\/uploads\/2024\/01\/DSC_0112-1030x685-1.jpg\"><\/a><\/div><div class=\"w-gallery-item\"><div class=\"w-gallery-item-img\"><img loading=\"lazy\" decoding=\"async\" width=\"1024\" height=\"821\" src=\"https:\/\/nstgruppen.no\/wp-content\/uploads\/2024\/01\/Nst-Accounting-1030x826-2-1024x821.jpg\" class=\"attachment-large size-large\" alt=\"\" srcset=\"https:\/\/nstgruppen.no\/wp-content\/uploads\/2024\/01\/Nst-Accounting-1030x826-2-1024x821.jpg 1024w, https:\/\/nstgruppen.no\/wp-content\/uploads\/2024\/01\/Nst-Accounting-1030x826-2-300x241.jpg 300w, https:\/\/nstgruppen.no\/wp-content\/uploads\/2024\/01\/Nst-Accounting-1030x826-2.jpg 1030w\" sizes=\"auto, (max-width: 1024px) 100vw, 1024px\" \/><\/div><a class=\"w-gallery-item-link\" aria-label=\"Nst-Accounting-1030x826\" href=\"https:\/\/nstgruppen.no\/wp-content\/uploads\/2024\/01\/Nst-Accounting-1030x826-2.jpg\"><\/a><\/div><\/div><\/div><div class=\"ult-spacer spacer-6a046aa0024bb\" data-id=\"6a046aa0024bb\" data-height=\"20\" data-height-mobile=\"20\" data-height-tab=\"20\" data-height-tab-portrait=\"\" data-height-mobile-landscape=\"\" style=\"clear:both;display:block;\"><\/div><div class=\"wpb_text_column\"><div class=\"wpb_wrapper\"><section class=\"av_textblock_section\">\n<div class=\"avia_textblock \">\n<section class=\"av_textblock_section\">\n<div class=\"avia_textblock \">\n<p><strong>NST BALTIJA TEIKIAMOS PASLAUGOS:<\/strong><\/p>\n<ul>\n<li>Personalo paie\u0161ka ir atranka<\/li>\n<li>Laikinasis \u012fdarbinimas\/darbuotoj\u0173 nuoma<\/li>\n<li>Personalo administravimas ir darbo u\u017emokes\u010dio apskaita<\/li>\n<li>Konsultacijos personalo valdymo klausimais.<\/li>\n<\/ul>\n<p><strong>PASITIK\u0116KITE NST BALTIJA, MES:<\/strong><\/p>\n<ul>\n<li>I\u0161samiai susipa\u017einsime su j\u016bs\u0173 \u012fmon\u0117s veiklos specifika, organizacine kult\u016bra ir komandos charakteriu.<\/li>\n<li>M\u016bs\u0173 konsultantai, savo srities specialistai, glaud\u017eiai bendradarbiaus, kad kuo grei\u010diau parinkt\u0173 tinkamiausi\u0105 darbuotoj\u0105.<\/li>\n<li>Taupysime j\u016bs\u0173 laik\u0105 ir pateiksime i\u0161analizuot\u0105 ir susistemint\u0105 informacij\u0105 apie kandidatus, su m\u016bs\u0173 specialist\u0173 \u012f\u017evalgomis ir pastabomis.<\/li>\n<li>Naudodami inovatyvius personalo atrankos metodus i\u0161siai\u0161kinsime kandidat\u0173 patirt\u012f, \u012fgytas kompetencijas bei turimus \u012fg\u016bd\u017eius ir moralines vertybes, kad \u012f\u017evelgtume, kur jiems geriausiai seksis.<\/li>\n<li>Ilgamet\u0117 patirtis leid\u017eia mums dirbti taip, kad pasiektume geriausius rezultatus.<\/li>\n<\/ul>\n<p><b>NAUDA, KURI\u0104 GAUSITE<\/b>:<\/p>\n<ul>\n<li>Organizacijos <strong>lankstumas ir greitis<\/strong>.<\/li>\n<li>Laiku \u012fvykdyti projektai ir patenkinti ypatingi verslo poreikiai.<\/li>\n<li>Atlikti tam tikri darbai, kuri\u0173 esamas personalas neturi kvalifikacijos (ar noro) atlikti.<\/li>\n<li>U\u017epildyti netik\u0117ti nedarbingumo ar neatvykimo atvejai.<\/li>\n<li>Kvalifikuoti darbuotojai kada reikia, kuriuos galite \u012fdarbinti nuolatiniam darbui.<\/li>\n<li>Trumpesnis \u012fdarbinimo procesas, ilgesnis bandomasis laikotarpis ir naujos perspektyvos.<\/li>\n<li>Verslo saugumas ir suma\u017eintos rizikos.<\/li>\n<\/ul>\n<p>\u0160ios naudos pad\u0117s jums aplenkti konkurentus, o m\u016bs\u0173 greitas reagavimas \u012f j\u016bs\u0173 poreikius suteiks prana\u0161um\u0105, kurio reikalauja \u0161iandienin\u0117 nuolat besikei\u010dianti verslo aplinka.<\/p>\n<\/div>\n<\/section>\n<\/div>\n<\/section>\n<\/div><\/div><div class=\"ult-spacer spacer-6a046aa00284a\" data-id=\"6a046aa00284a\" data-height=\"20\" data-height-mobile=\"20\" data-height-tab=\"20\" data-height-tab-portrait=\"\" data-height-mobile-landscape=\"\" style=\"clear:both;display:block;\"><\/div><div class=\"w-image align_center\"><div class=\"w-image-h\"><img decoding=\"async\" width=\"1024\" height=\"390\" src=\"https:\/\/nstgruppen.no\/wp-content\/uploads\/2024\/01\/NST-Baltija-veiklos-kryptys-1030x392-1-1024x390.jpg\" class=\"attachment-large size-large\" alt=\"\" loading=\"lazy\" srcset=\"https:\/\/nstgruppen.no\/wp-content\/uploads\/2024\/01\/NST-Baltija-veiklos-kryptys-1030x392-1-1024x390.jpg 1024w, https:\/\/nstgruppen.no\/wp-content\/uploads\/2024\/01\/NST-Baltija-veiklos-kryptys-1030x392-1-300x114.jpg 300w, https:\/\/nstgruppen.no\/wp-content\/uploads\/2024\/01\/NST-Baltija-veiklos-kryptys-1030x392-1.jpg 1030w\" sizes=\"auto, (max-width: 1024px) 100vw, 1024px\" \/><\/div><\/div><div class=\"ult-spacer spacer-6a046aa0043bc\" data-id=\"6a046aa0043bc\" data-height=\"20\" data-height-mobile=\"20\" data-height-tab=\"20\" data-height-tab-portrait=\"\" data-height-mobile-landscape=\"\" style=\"clear:both;display:block;\"><\/div><div class=\"wpb_text_column\"><div class=\"wpb_wrapper\"><section class=\"av_textblock_section\">\n<div class=\"avia_textblock \">\n<div class=\"flex_column av_one_full flex_column_div av-zero-column-padding first avia-builder-el-9 el_after_av_one_full el_before_av_one_full column-top-margin\">\n<section class=\"av_textblock_section\">\n<div class=\"avia_textblock \">\n<p>2009 m. Valstybinei akreditavimo sveikatos prie\u017ei\u016bros veiklos tarnybai prie Sveikatos apsaugos ministerijos i\u0161davus \u012estaigos asmens sveikatos prie\u017ei\u016bros licencij\u0105 Nr.3249, prad\u0117tos teikti slaugos paslaugos.<\/p>\n<p>Daugiau informacijos apie slaugos namuose teikiamas paslaugas rasite <a href=\"http:\/\/www.slauga-namuose.lt\/lt\/paslaugos\/slaugos-namuose-paslaugos-kainos\">\u010dia.<\/a><\/p>\n<\/div>\n<\/section>\n<\/div>\n<div class=\"flex_column av_one_full flex_column_div av-zero-column-padding first avia-builder-el-11 el_after_av_one_full avia-builder-el-last column-top-margin\">\n<section class=\"av_textblock_section\">\n<div class=\"avia_textblock \">\n<p><strong>Naryst\u0117:<\/strong><\/p>\n<p><strong>NST Baltija<\/strong> yra viena i\u0161 L\u012eIA steig\u0117j\u0173 ir nari\u0173.<\/p>\n<p><img loading=\"lazy\" decoding=\"async\" class=\"alignnone size-full wp-image-4617\" src=\"\/wp-content\/uploads\/2024\/01\/liia-LOGO-3.gif\" alt=\"liia LOGO (3)\" width=\"127\" height=\"90\" \/><\/p>\n<hr \/>\n<p>Turite klausim\u0173? Susisiekite el.pa\u0161tu <a href=\"mailto:ija@nstgroup.lt\">ija@nstgroup.lt<\/a> ar tel. +370 5 215 9992.<\/p>\n<\/div>\n<\/section>\n<\/div>\n<\/div>\n<\/section>\n<\/div><\/div><\/div><\/div><\/div><\/div><\/section>\n","protected":false},"excerpt":{"rendered":"[vc_custom_heading source=\"post_title\" font_container=\"tag:h3|text_align:left\" use_theme_fonts=\"yes\"]Prad\u017eiaPuslapiai UAB Norwegian Service Team Baltija \u2013 NST Group \u012fmoni\u0173 grup\u0117s\u00a0\u012fmon\u0117 \u012fsik\u016brusi Vilniuje. Pagrindin\u0117 NST Baltija veikla \u2013 laikinasis \u012fdarbinimas (personalo nuoma \/ darbuotoj\u0173 nuoma) ir kitos personalo valdymo paslaugos.\u00a0Nuo 2003 met\u0173 teikiame darbuotoj\u0173 nuomos ir atrankos paslaugas Norvegijos, Lietuvos ir Islandijos \u012fmon\u0117ms. Jei norite laikinai i\u0161pl\u0117sti savo komand\u0105, kad \u012fvykdytum\u0117te didel\u0117s...","protected":false},"author":1,"featured_media":0,"parent":0,"menu_order":0,"comment_status":"closed","ping_status":"closed","template":"","meta":{"footnotes":""},"class_list":["post-1462","page","type-page","status-publish","hentry"],"_links":{"self":[{"href":"https:\/\/nstgruppen.no\/lt\/wp-json\/wp\/v2\/pages\/1462","targetHints":{"allow":["GET"]}}],"collection":[{"href":"https:\/\/nstgruppen.no\/lt\/wp-json\/wp\/v2\/pages"}],"about":[{"href":"https:\/\/nstgruppen.no\/lt\/wp-json\/wp\/v2\/types\/page"}],"author":[{"embeddable":true,"href":"https:\/\/nstgruppen.no\/lt\/wp-json\/wp\/v2\/users\/1"}],"replies":[{"embeddable":true,"href":"https:\/\/nstgruppen.no\/lt\/wp-json\/wp\/v2\/comments?post=1462"}],"version-history":[{"count":1,"href":"https:\/\/nstgruppen.no\/lt\/wp-json\/wp\/v2\/pages\/1462\/revisions"}],"predecessor-version":[{"id":1471,"href":"https:\/\/nstgruppen.no\/lt\/wp-json\/wp\/v2\/pages\/1462\/revisions\/1471"}],"wp:attachment":[{"href":"https:\/\/nstgruppen.no\/lt\/wp-json\/wp\/v2\/media?parent=1462"}],"curies":[{"name":"wp","href":"https:\/\/api.w.org\/{rel}","templated":true}]}}