{"id":1460,"date":"2024-01-03T14:23:32","date_gmt":"2024-01-03T13:23:32","guid":{"rendered":"http:\/\/1230523-www.web.tornado-node.net\/nst-eiendom-as\/"},"modified":"2024-01-12T09:40:40","modified_gmt":"2024-01-12T08:40:40","slug":"nst-eiendom-as","status":"publish","type":"page","link":"https:\/\/nstgruppen.no\/lt\/nst-eiendom-as\/","title":{"rendered":"NST Eiendom AS"},"content":{"rendered":"<section class=\"l-section wpb_row us_custom_dd83e7c2 height_auto\"><div class=\"l-section-h i-cf\"><div class=\"g-cols vc_row via_grid cols_2 laptops-cols_inherit tablets-cols_inherit mobiles-cols_1 valign_middle type_default stacking_default\" style=\"--columns-gap:0px;\"><div class=\"wpb_column vc_column_container\"><div class=\"vc_column-inner\">[vc_custom_heading source=&#8221;post_title&#8221; font_container=&#8221;tag:h3|text_align:left&#8221; use_theme_fonts=&#8221;yes&#8221;]<\/div><\/div><div class=\"wpb_column vc_column_container\"><div class=\"vc_column-inner\"><div class=\"w-hwrapper us_custom_66a436fb valign_stretch default_align_left laptops_align_left tablets_align_left mobiles_align_right\"><nav class=\"g-breadcrumbs us_custom_481f6ca8 inliner separator_icon align_none\" itemscope itemtype=\"http:\/\/schema.org\/BreadcrumbList\"><div class=\"g-breadcrumbs-item\" itemscope itemprop=\"itemListElement\" itemtype=\"http:\/\/schema.org\/ListItem\"><a itemprop=\"item\" href=\"https:\/\/nstgruppen.no\/lt\/\"><span itemprop=\"name\">Prad\u017eia<\/span><\/a><meta itemprop=\"position\" content=\"1\"\/><\/div><div class=\"g-breadcrumbs-separator\"><i class=\"far fa-angle-right\"><\/i><\/div><div class=\"g-breadcrumbs-item\">Puslapiai<\/div><\/nav><\/div><\/div><\/div><\/div><\/div><\/section><section class=\"l-section wpb_row height_custom\"><div class=\"l-section-h i-cf\"><div class=\"g-cols vc_row via_grid cols_1 laptops-cols_inherit tablets-cols_inherit mobiles-cols_1 valign_top type_default stacking_default\"><div class=\"wpb_column vc_column_container\"><div class=\"vc_column-inner\"><div class=\"w-image us_custom_214cff5d align_none\"><div class=\"w-image-h\"><img decoding=\"async\" width=\"600\" height=\"133\" src=\"https:\/\/nstgruppen.no\/wp-content\/uploads\/2024\/01\/NST-Eiendom-AS.jpg\" class=\"attachment-large size-large\" alt=\"\" loading=\"lazy\" srcset=\"https:\/\/nstgruppen.no\/wp-content\/uploads\/2024\/01\/NST-Eiendom-AS.jpg 600w, https:\/\/nstgruppen.no\/wp-content\/uploads\/2024\/01\/NST-Eiendom-AS-300x67.jpg 300w\" sizes=\"auto, (max-width: 600px) 100vw, 600px\" \/><\/div><\/div><div class=\"ult-spacer spacer-69f380e76404f\" data-id=\"69f380e76404f\" data-height=\"50\" data-height-mobile=\"50\" data-height-tab=\"50\" data-height-tab-portrait=\"\" data-height-mobile-landscape=\"\" style=\"clear:both;display:block;\"><\/div><div class=\"wpb_text_column\"><div class=\"wpb_wrapper\"><section class=\"av_textblock_section\">\n<div class=\"avia_textblock \">\n<p style=\"text-align: left;\" align=\"center\"><strong>NST Eiendom as<\/strong>\u00a0\u2013 \u00a0NST Group \u012fmoni\u0173 grupei priklausanti nekilnojamojo turto \u012fmon\u0117.<\/p>\n<p style=\"text-align: left;\" align=\"center\"><span lang=\"LT\">NST Eiendom valdo nekilnojam\u0105j\u012f turt\u0105, susijus\u012f su NST Group veikla, keliose \u0161alyse.<\/span><\/p>\n<\/div>\n<\/section>\n<\/div><\/div><div class=\"ult-spacer spacer-69f380e7643a0\" data-id=\"69f380e7643a0\" data-height=\"20\" data-height-mobile=\"20\" data-height-tab=\"20\" data-height-tab-portrait=\"\" data-height-mobile-landscape=\"\" style=\"clear:both;display:block;\"><\/div><div class=\"w-gallery fit_cover type_grid action_popup_image ratio_4x3 count_2\" style=\"--columns:3;--items-gap:10px;\"><div class=\"w-gallery-list\"><div class=\"w-gallery-item\"><div class=\"w-gallery-item-img\"><img loading=\"lazy\" decoding=\"async\" width=\"1024\" height=\"694\" src=\"https:\/\/nstgruppen.no\/wp-content\/uploads\/2024\/01\/20231027_0844405-1030x698-2-1024x694.jpg\" class=\"attachment-large size-large\" alt=\"\" srcset=\"https:\/\/nstgruppen.no\/wp-content\/uploads\/2024\/01\/20231027_0844405-1030x698-2-1024x694.jpg 1024w, https:\/\/nstgruppen.no\/wp-content\/uploads\/2024\/01\/20231027_0844405-1030x698-2-300x203.jpg 300w, https:\/\/nstgruppen.no\/wp-content\/uploads\/2024\/01\/20231027_0844405-1030x698-2.jpg 1030w\" sizes=\"auto, (max-width: 1024px) 100vw, 1024px\" \/><\/div><a class=\"w-gallery-item-link\" aria-label=\"20231027_0844405-1030x698\" href=\"https:\/\/nstgruppen.no\/wp-content\/uploads\/2024\/01\/20231027_0844405-1030x698-2.jpg\"><\/a><\/div><div class=\"w-gallery-item\"><div class=\"w-gallery-item-img\"><img loading=\"lazy\" decoding=\"async\" width=\"1024\" height=\"576\" src=\"https:\/\/nstgruppen.no\/wp-content\/uploads\/2024\/01\/Laisves-3-1030x579-1-1024x576.jpg\" class=\"attachment-large size-large\" alt=\"\" srcset=\"https:\/\/nstgruppen.no\/wp-content\/uploads\/2024\/01\/Laisves-3-1030x579-1-1024x576.jpg 1024w, https:\/\/nstgruppen.no\/wp-content\/uploads\/2024\/01\/Laisves-3-1030x579-1-300x169.jpg 300w, https:\/\/nstgruppen.no\/wp-content\/uploads\/2024\/01\/Laisves-3-1030x579-1.jpg 1030w\" sizes=\"auto, (max-width: 1024px) 100vw, 1024px\" \/><\/div><a class=\"w-gallery-item-link\" aria-label=\"Laisves-3-1030x579\" href=\"https:\/\/nstgruppen.no\/wp-content\/uploads\/2024\/01\/Laisves-3-1030x579-1.jpg\"><\/a><\/div><\/div><\/div><\/div><\/div><\/div><\/div><\/section>\n","protected":false},"excerpt":{"rendered":"[vc_custom_heading source=\"post_title\" font_container=\"tag:h3|text_align:left\" use_theme_fonts=\"yes\"]Prad\u017eiaPuslapiai NST Eiendom as\u00a0\u2013 \u00a0NST Group \u012fmoni\u0173 grupei priklausanti nekilnojamojo turto \u012fmon\u0117. NST Eiendom valdo nekilnojam\u0105j\u012f turt\u0105, susijus\u012f su NST Group veikla, keliose \u0161alyse.","protected":false},"author":1,"featured_media":0,"parent":0,"menu_order":0,"comment_status":"closed","ping_status":"closed","template":"","meta":{"footnotes":""},"class_list":["post-1460","page","type-page","status-publish","hentry"],"_links":{"self":[{"href":"https:\/\/nstgruppen.no\/lt\/wp-json\/wp\/v2\/pages\/1460","targetHints":{"allow":["GET"]}}],"collection":[{"href":"https:\/\/nstgruppen.no\/lt\/wp-json\/wp\/v2\/pages"}],"about":[{"href":"https:\/\/nstgruppen.no\/lt\/wp-json\/wp\/v2\/types\/page"}],"author":[{"embeddable":true,"href":"https:\/\/nstgruppen.no\/lt\/wp-json\/wp\/v2\/users\/1"}],"replies":[{"embeddable":true,"href":"https:\/\/nstgruppen.no\/lt\/wp-json\/wp\/v2\/comments?post=1460"}],"version-history":[{"count":1,"href":"https:\/\/nstgruppen.no\/lt\/wp-json\/wp\/v2\/pages\/1460\/revisions"}],"predecessor-version":[{"id":1461,"href":"https:\/\/nstgruppen.no\/lt\/wp-json\/wp\/v2\/pages\/1460\/revisions\/1461"}],"wp:attachment":[{"href":"https:\/\/nstgruppen.no\/lt\/wp-json\/wp\/v2\/media?parent=1460"}],"curies":[{"name":"wp","href":"https:\/\/api.w.org\/{rel}","templated":true}]}}