{"id":1458,"date":"2024-01-03T14:23:14","date_gmt":"2024-01-03T13:23:14","guid":{"rendered":"http:\/\/1230523-www.web.tornado-node.net\/nst-renhold-as\/"},"modified":"2024-01-12T09:39:33","modified_gmt":"2024-01-12T08:39:33","slug":"nst-renhold-as","status":"publish","type":"page","link":"https:\/\/nstgruppen.no\/lt\/nst-renhold-as\/","title":{"rendered":"NST Renhold AS"},"content":{"rendered":"<section class=\"l-section wpb_row us_custom_dd83e7c2 height_auto\"><div class=\"l-section-h i-cf\"><div class=\"g-cols vc_row via_grid cols_2 laptops-cols_inherit tablets-cols_inherit mobiles-cols_1 valign_middle type_default stacking_default\" style=\"--columns-gap:0px;\"><div class=\"wpb_column vc_column_container\"><div class=\"vc_column-inner\">[vc_custom_heading source=&#8221;post_title&#8221; font_container=&#8221;tag:h3|text_align:left&#8221; use_theme_fonts=&#8221;yes&#8221;]<\/div><\/div><div class=\"wpb_column vc_column_container\"><div class=\"vc_column-inner\"><div class=\"w-hwrapper us_custom_66a436fb valign_stretch default_align_left laptops_align_left tablets_align_left mobiles_align_right\"><nav class=\"g-breadcrumbs us_custom_481f6ca8 inliner separator_icon align_none\" itemscope itemtype=\"http:\/\/schema.org\/BreadcrumbList\"><div class=\"g-breadcrumbs-item\" itemscope itemprop=\"itemListElement\" itemtype=\"http:\/\/schema.org\/ListItem\"><a itemprop=\"item\" href=\"https:\/\/nstgruppen.no\/lt\/\"><span itemprop=\"name\">Prad\u017eia<\/span><\/a><meta itemprop=\"position\" content=\"1\"\/><\/div><div class=\"g-breadcrumbs-separator\"><i class=\"far fa-angle-right\"><\/i><\/div><div class=\"g-breadcrumbs-item\">Puslapiai<\/div><\/nav><\/div><\/div><\/div><\/div><\/div><\/section><section class=\"l-section wpb_row height_custom\"><div class=\"l-section-h i-cf\"><div class=\"g-cols vc_row via_grid cols_1 laptops-cols_inherit tablets-cols_inherit mobiles-cols_1 valign_top type_default stacking_default\"><div class=\"wpb_column vc_column_container\"><div class=\"vc_column-inner\"><div class=\"w-image us_custom_214cff5d align_none\"><div class=\"w-image-h\"><img decoding=\"async\" width=\"586\" height=\"133\" src=\"https:\/\/nstgruppen.no\/wp-content\/uploads\/2024\/01\/NST-Renhold-AS.jpg\" class=\"attachment-large size-large\" alt=\"\" loading=\"lazy\" srcset=\"https:\/\/nstgruppen.no\/wp-content\/uploads\/2024\/01\/NST-Renhold-AS.jpg 586w, https:\/\/nstgruppen.no\/wp-content\/uploads\/2024\/01\/NST-Renhold-AS-300x68.jpg 300w\" sizes=\"auto, (max-width: 586px) 100vw, 586px\" \/><\/div><\/div><div class=\"ult-spacer spacer-69e205811d7ca\" data-id=\"69e205811d7ca\" data-height=\"50\" data-height-mobile=\"50\" data-height-tab=\"50\" data-height-tab-portrait=\"\" data-height-mobile-landscape=\"\" style=\"clear:both;display:block;\"><\/div><div class=\"wpb_text_column\"><div class=\"wpb_wrapper\"><section class=\"av_textblock_section\">\n<div class=\"avia_textblock \">\n<p><strong>NST Renhold AS<\/strong> \u2013 NST Group priklausanti \u012fmon\u0117, teikianti valymo paslaugas. \u012emon\u0117 taip pat atlieka buities ruo\u0161os ir sodo prie\u017ei\u016bros darbus verslo \u012fmon\u0117ms, vie\u0161bu\u010diams bei privatiems klientams.<\/p>\n<p>\u012emon\u0117 \u0161iuo metu turi plat\u0173 spektr\u0105 klient\u0173, ir toliau ple\u010dia savo veikl\u0105.<\/p>\n<\/div>\n<\/section>\n<\/div><\/div><div class=\"ult-spacer spacer-69e205811dab8\" data-id=\"69e205811dab8\" data-height=\"20\" data-height-mobile=\"20\" data-height-tab=\"20\" data-height-tab-portrait=\"\" data-height-mobile-landscape=\"\" style=\"clear:both;display:block;\"><\/div><div class=\"w-gallery fit_cover type_grid action_popup_image ratio_4x3 count_12\" style=\"--columns:4;--items-gap:10px;\"><div class=\"w-gallery-list\"><div class=\"w-gallery-item\"><div class=\"w-gallery-item-img\"><img loading=\"lazy\" decoding=\"async\" width=\"1024\" height=\"768\" src=\"https:\/\/nstgruppen.no\/wp-content\/uploads\/2024\/01\/5-1030x773-1-1024x768.jpg\" class=\"attachment-large size-large\" alt=\"\" srcset=\"https:\/\/nstgruppen.no\/wp-content\/uploads\/2024\/01\/5-1030x773-1-1024x768.jpg 1024w, https:\/\/nstgruppen.no\/wp-content\/uploads\/2024\/01\/5-1030x773-1-300x225.jpg 300w, https:\/\/nstgruppen.no\/wp-content\/uploads\/2024\/01\/5-1030x773-1.jpg 1030w\" sizes=\"auto, (max-width: 1024px) 100vw, 1024px\" \/><\/div><a class=\"w-gallery-item-link\" aria-label=\"5-1030x773\" href=\"https:\/\/nstgruppen.no\/wp-content\/uploads\/2024\/01\/5-1030x773-1.jpg\"><\/a><\/div><div class=\"w-gallery-item\"><div class=\"w-gallery-item-img\"><img loading=\"lazy\" decoding=\"async\" width=\"768\" height=\"1024\" src=\"https:\/\/nstgruppen.no\/wp-content\/uploads\/2024\/01\/6-e1658320095457-773x1030-1-768x1024.jpg\" class=\"attachment-large size-large\" alt=\"\" srcset=\"https:\/\/nstgruppen.no\/wp-content\/uploads\/2024\/01\/6-e1658320095457-773x1030-1-768x1024.jpg 768w, https:\/\/nstgruppen.no\/wp-content\/uploads\/2024\/01\/6-e1658320095457-773x1030-1-225x300.jpg 225w, https:\/\/nstgruppen.no\/wp-content\/uploads\/2024\/01\/6-e1658320095457-773x1030-1.jpg 773w\" sizes=\"auto, (max-width: 768px) 100vw, 768px\" \/><\/div><a class=\"w-gallery-item-link\" aria-label=\"6-e1658320095457-773x1030\" href=\"https:\/\/nstgruppen.no\/wp-content\/uploads\/2024\/01\/6-e1658320095457-773x1030-1.jpg\"><\/a><\/div><div class=\"w-gallery-item\"><div class=\"w-gallery-item-img\"><img loading=\"lazy\" decoding=\"async\" width=\"768\" height=\"1024\" src=\"https:\/\/nstgruppen.no\/wp-content\/uploads\/2024\/01\/11-e1658320231745-773x1030-1-768x1024.jpg\" class=\"attachment-large size-large\" alt=\"\" srcset=\"https:\/\/nstgruppen.no\/wp-content\/uploads\/2024\/01\/11-e1658320231745-773x1030-1-768x1024.jpg 768w, https:\/\/nstgruppen.no\/wp-content\/uploads\/2024\/01\/11-e1658320231745-773x1030-1-225x300.jpg 225w, https:\/\/nstgruppen.no\/wp-content\/uploads\/2024\/01\/11-e1658320231745-773x1030-1.jpg 773w\" sizes=\"auto, (max-width: 768px) 100vw, 768px\" \/><\/div><a class=\"w-gallery-item-link\" aria-label=\"11-e1658320231745-773x1030\" href=\"https:\/\/nstgruppen.no\/wp-content\/uploads\/2024\/01\/11-e1658320231745-773x1030-1.jpg\"><\/a><\/div><div class=\"w-gallery-item\"><div class=\"w-gallery-item-img\"><img loading=\"lazy\" decoding=\"async\" width=\"768\" height=\"1024\" src=\"https:\/\/nstgruppen.no\/wp-content\/uploads\/2024\/01\/32-e1658320210898-773x1030-1-768x1024.jpg\" class=\"attachment-large size-large\" alt=\"\" srcset=\"https:\/\/nstgruppen.no\/wp-content\/uploads\/2024\/01\/32-e1658320210898-773x1030-1-768x1024.jpg 768w, https:\/\/nstgruppen.no\/wp-content\/uploads\/2024\/01\/32-e1658320210898-773x1030-1-225x300.jpg 225w, https:\/\/nstgruppen.no\/wp-content\/uploads\/2024\/01\/32-e1658320210898-773x1030-1.jpg 773w\" sizes=\"auto, (max-width: 768px) 100vw, 768px\" \/><\/div><a class=\"w-gallery-item-link\" aria-label=\"32-e1658320210898-773x1030\" href=\"https:\/\/nstgruppen.no\/wp-content\/uploads\/2024\/01\/32-e1658320210898-773x1030-1.jpg\"><\/a><\/div><div class=\"w-gallery-item\"><div class=\"w-gallery-item-img\"><img loading=\"lazy\" decoding=\"async\" width=\"768\" height=\"1024\" src=\"https:\/\/nstgruppen.no\/wp-content\/uploads\/2024\/01\/41-e1658320129680-773x1030-1-768x1024.jpg\" class=\"attachment-large size-large\" alt=\"\" srcset=\"https:\/\/nstgruppen.no\/wp-content\/uploads\/2024\/01\/41-e1658320129680-773x1030-1-768x1024.jpg 768w, https:\/\/nstgruppen.no\/wp-content\/uploads\/2024\/01\/41-e1658320129680-773x1030-1-225x300.jpg 225w, https:\/\/nstgruppen.no\/wp-content\/uploads\/2024\/01\/41-e1658320129680-773x1030-1.jpg 773w\" sizes=\"auto, (max-width: 768px) 100vw, 768px\" \/><\/div><a class=\"w-gallery-item-link\" aria-label=\"41-e1658320129680-773x1030\" href=\"https:\/\/nstgruppen.no\/wp-content\/uploads\/2024\/01\/41-e1658320129680-773x1030-1.jpg\"><\/a><\/div><div class=\"w-gallery-item\"><div class=\"w-gallery-item-img\"><img loading=\"lazy\" decoding=\"async\" width=\"768\" height=\"1024\" src=\"https:\/\/nstgruppen.no\/wp-content\/uploads\/2024\/01\/20210311_114538-e1658411432381-773x1030-1-768x1024.jpg\" class=\"attachment-large size-large\" alt=\"\" srcset=\"https:\/\/nstgruppen.no\/wp-content\/uploads\/2024\/01\/20210311_114538-e1658411432381-773x1030-1-768x1024.jpg 768w, https:\/\/nstgruppen.no\/wp-content\/uploads\/2024\/01\/20210311_114538-e1658411432381-773x1030-1-225x300.jpg 225w, https:\/\/nstgruppen.no\/wp-content\/uploads\/2024\/01\/20210311_114538-e1658411432381-773x1030-1.jpg 773w\" sizes=\"auto, (max-width: 768px) 100vw, 768px\" \/><\/div><a class=\"w-gallery-item-link\" aria-label=\"20210311_114538-e1658411432381-773x1030\" href=\"https:\/\/nstgruppen.no\/wp-content\/uploads\/2024\/01\/20210311_114538-e1658411432381-773x1030-1.jpg\"><\/a><\/div><div class=\"w-gallery-item\"><div class=\"w-gallery-item-img\"><img loading=\"lazy\" decoding=\"async\" width=\"1024\" height=\"577\" src=\"https:\/\/nstgruppen.no\/wp-content\/uploads\/2024\/01\/20220706_125636-1030x580-1-1024x577.jpg\" class=\"attachment-large size-large\" alt=\"\" srcset=\"https:\/\/nstgruppen.no\/wp-content\/uploads\/2024\/01\/20220706_125636-1030x580-1-1024x577.jpg 1024w, https:\/\/nstgruppen.no\/wp-content\/uploads\/2024\/01\/20220706_125636-1030x580-1-300x169.jpg 300w, https:\/\/nstgruppen.no\/wp-content\/uploads\/2024\/01\/20220706_125636-1030x580-1.jpg 1030w\" sizes=\"auto, (max-width: 1024px) 100vw, 1024px\" \/><\/div><a class=\"w-gallery-item-link\" aria-label=\"20220706_125636-1030x580\" href=\"https:\/\/nstgruppen.no\/wp-content\/uploads\/2024\/01\/20220706_125636-1030x580-1.jpg\"><\/a><\/div><div class=\"w-gallery-item\"><div class=\"w-gallery-item-img\"><img loading=\"lazy\" decoding=\"async\" width=\"1024\" height=\"678\" src=\"https:\/\/nstgruppen.no\/wp-content\/uploads\/2024\/01\/DSC_0251-1030x682-1-1024x678.jpg\" class=\"attachment-large size-large\" alt=\"\" srcset=\"https:\/\/nstgruppen.no\/wp-content\/uploads\/2024\/01\/DSC_0251-1030x682-1-1024x678.jpg 1024w, https:\/\/nstgruppen.no\/wp-content\/uploads\/2024\/01\/DSC_0251-1030x682-1-300x199.jpg 300w, https:\/\/nstgruppen.no\/wp-content\/uploads\/2024\/01\/DSC_0251-1030x682-1.jpg 1030w\" sizes=\"auto, (max-width: 1024px) 100vw, 1024px\" \/><\/div><a class=\"w-gallery-item-link\" aria-label=\"DSC_0251-1030x682\" href=\"https:\/\/nstgruppen.no\/wp-content\/uploads\/2024\/01\/DSC_0251-1030x682-1.jpg\"><\/a><\/div><div class=\"w-gallery-item\"><div class=\"w-gallery-item-img\"><img loading=\"lazy\" decoding=\"async\" width=\"1024\" height=\"678\" src=\"https:\/\/nstgruppen.no\/wp-content\/uploads\/2024\/01\/Gartner-1030x682-1-1024x678.jpg\" class=\"attachment-large size-large\" alt=\"\" srcset=\"https:\/\/nstgruppen.no\/wp-content\/uploads\/2024\/01\/Gartner-1030x682-1-1024x678.jpg 1024w, https:\/\/nstgruppen.no\/wp-content\/uploads\/2024\/01\/Gartner-1030x682-1-300x199.jpg 300w, https:\/\/nstgruppen.no\/wp-content\/uploads\/2024\/01\/Gartner-1030x682-1.jpg 1030w\" sizes=\"auto, (max-width: 1024px) 100vw, 1024px\" \/><\/div><a class=\"w-gallery-item-link\" aria-label=\"Gartner-1030x682\" href=\"https:\/\/nstgruppen.no\/wp-content\/uploads\/2024\/01\/Gartner-1030x682-1.jpg\"><\/a><\/div><div class=\"w-gallery-item\"><div class=\"w-gallery-item-img\"><img loading=\"lazy\" decoding=\"async\" width=\"1024\" height=\"678\" src=\"https:\/\/nstgruppen.no\/wp-content\/uploads\/2024\/01\/hekk-1030x682-1-1024x678.jpg\" class=\"attachment-large size-large\" alt=\"\" srcset=\"https:\/\/nstgruppen.no\/wp-content\/uploads\/2024\/01\/hekk-1030x682-1-1024x678.jpg 1024w, https:\/\/nstgruppen.no\/wp-content\/uploads\/2024\/01\/hekk-1030x682-1-300x199.jpg 300w, https:\/\/nstgruppen.no\/wp-content\/uploads\/2024\/01\/hekk-1030x682-1.jpg 1030w\" sizes=\"auto, (max-width: 1024px) 100vw, 1024px\" \/><\/div><a class=\"w-gallery-item-link\" aria-label=\"hekk-1030x682\" href=\"https:\/\/nstgruppen.no\/wp-content\/uploads\/2024\/01\/hekk-1030x682-1.jpg\"><\/a><\/div><div class=\"w-gallery-item\"><div class=\"w-gallery-item-img\"><img loading=\"lazy\" decoding=\"async\" width=\"1024\" height=\"678\" src=\"https:\/\/nstgruppen.no\/wp-content\/uploads\/2024\/01\/Vask-1030x682-1-1024x678.jpg\" class=\"attachment-large size-large\" alt=\"\" srcset=\"https:\/\/nstgruppen.no\/wp-content\/uploads\/2024\/01\/Vask-1030x682-1-1024x678.jpg 1024w, https:\/\/nstgruppen.no\/wp-content\/uploads\/2024\/01\/Vask-1030x682-1-300x199.jpg 300w, https:\/\/nstgruppen.no\/wp-content\/uploads\/2024\/01\/Vask-1030x682-1.jpg 1030w\" sizes=\"auto, (max-width: 1024px) 100vw, 1024px\" \/><\/div><a class=\"w-gallery-item-link\" aria-label=\"Vask-1030x682\" href=\"https:\/\/nstgruppen.no\/wp-content\/uploads\/2024\/01\/Vask-1030x682-1.jpg\"><\/a><\/div><div class=\"w-gallery-item\"><div class=\"w-gallery-item-img\"><img loading=\"lazy\" decoding=\"async\" width=\"1024\" height=\"768\" src=\"https:\/\/nstgruppen.no\/wp-content\/uploads\/2024\/01\/WP_0006241-1030x772-1-1024x768.jpg\" class=\"attachment-large size-large\" alt=\"\" srcset=\"https:\/\/nstgruppen.no\/wp-content\/uploads\/2024\/01\/WP_0006241-1030x772-1-1024x768.jpg 1024w, https:\/\/nstgruppen.no\/wp-content\/uploads\/2024\/01\/WP_0006241-1030x772-1-300x225.jpg 300w, https:\/\/nstgruppen.no\/wp-content\/uploads\/2024\/01\/WP_0006241-1030x772-1.jpg 1030w\" sizes=\"auto, (max-width: 1024px) 100vw, 1024px\" \/><\/div><a class=\"w-gallery-item-link\" aria-label=\"WP_0006241-1030x772\" href=\"https:\/\/nstgruppen.no\/wp-content\/uploads\/2024\/01\/WP_0006241-1030x772-1.jpg\"><\/a><\/div><\/div><\/div><\/div><\/div><\/div><\/div><\/section>\n","protected":false},"excerpt":{"rendered":"[vc_custom_heading source=\"post_title\" font_container=\"tag:h3|text_align:left\" use_theme_fonts=\"yes\"]Prad\u017eiaPuslapiai NST Renhold AS \u2013 NST Group priklausanti \u012fmon\u0117, teikianti valymo paslaugas. \u012emon\u0117 taip pat atlieka buities ruo\u0161os ir sodo prie\u017ei\u016bros darbus verslo \u012fmon\u0117ms, vie\u0161bu\u010diams bei privatiems klientams. \u012emon\u0117 \u0161iuo metu turi plat\u0173 spektr\u0105 klient\u0173, ir toliau ple\u010dia savo veikl\u0105.","protected":false},"author":1,"featured_media":0,"parent":0,"menu_order":0,"comment_status":"closed","ping_status":"closed","template":"","meta":{"footnotes":""},"class_list":["post-1458","page","type-page","status-publish","hentry"],"_links":{"self":[{"href":"https:\/\/nstgruppen.no\/lt\/wp-json\/wp\/v2\/pages\/1458","targetHints":{"allow":["GET"]}}],"collection":[{"href":"https:\/\/nstgruppen.no\/lt\/wp-json\/wp\/v2\/pages"}],"about":[{"href":"https:\/\/nstgruppen.no\/lt\/wp-json\/wp\/v2\/types\/page"}],"author":[{"embeddable":true,"href":"https:\/\/nstgruppen.no\/lt\/wp-json\/wp\/v2\/users\/1"}],"replies":[{"embeddable":true,"href":"https:\/\/nstgruppen.no\/lt\/wp-json\/wp\/v2\/comments?post=1458"}],"version-history":[{"count":1,"href":"https:\/\/nstgruppen.no\/lt\/wp-json\/wp\/v2\/pages\/1458\/revisions"}],"predecessor-version":[{"id":1459,"href":"https:\/\/nstgruppen.no\/lt\/wp-json\/wp\/v2\/pages\/1458\/revisions\/1459"}],"wp:attachment":[{"href":"https:\/\/nstgruppen.no\/lt\/wp-json\/wp\/v2\/media?parent=1458"}],"curies":[{"name":"wp","href":"https:\/\/api.w.org\/{rel}","templated":true}]}}