{"id":1455,"date":"2024-01-03T14:22:50","date_gmt":"2024-01-03T13:22:50","guid":{"rendered":"http:\/\/1230523-www.web.tornado-node.net\/nst-byggservice-as\/"},"modified":"2024-01-12T09:38:02","modified_gmt":"2024-01-12T08:38:02","slug":"nst-byggservice-as","status":"publish","type":"page","link":"https:\/\/nstgruppen.no\/lt\/nst-byggservice-as\/","title":{"rendered":"NST Byggservice AS"},"content":{"rendered":"<section class=\"l-section wpb_row us_custom_dd83e7c2 height_auto\"><div class=\"l-section-h i-cf\"><div class=\"g-cols vc_row via_grid cols_2 laptops-cols_inherit tablets-cols_inherit mobiles-cols_1 valign_middle type_default stacking_default\" style=\"--columns-gap:0px;\"><div class=\"wpb_column vc_column_container\"><div class=\"vc_column-inner\">[vc_custom_heading source=&#8221;post_title&#8221; font_container=&#8221;tag:h3|text_align:left&#8221; use_theme_fonts=&#8221;yes&#8221;]<\/div><\/div><div class=\"wpb_column vc_column_container\"><div class=\"vc_column-inner\"><div class=\"w-hwrapper us_custom_66a436fb valign_stretch default_align_left laptops_align_left tablets_align_left mobiles_align_right\"><nav class=\"g-breadcrumbs us_custom_481f6ca8 inliner separator_icon align_none\" itemscope itemtype=\"http:\/\/schema.org\/BreadcrumbList\"><div class=\"g-breadcrumbs-item\" itemscope itemprop=\"itemListElement\" itemtype=\"http:\/\/schema.org\/ListItem\"><a itemprop=\"item\" href=\"https:\/\/nstgruppen.no\/lt\/\"><span itemprop=\"name\">Prad\u017eia<\/span><\/a><meta itemprop=\"position\" content=\"1\"\/><\/div><div class=\"g-breadcrumbs-separator\"><i class=\"far fa-angle-right\"><\/i><\/div><div class=\"g-breadcrumbs-item\">Puslapiai<\/div><\/nav><\/div><\/div><\/div><\/div><\/div><\/section><section class=\"l-section wpb_row height_custom\"><div class=\"l-section-h i-cf\"><div class=\"g-cols vc_row via_grid cols_1 laptops-cols_inherit tablets-cols_inherit mobiles-cols_1 valign_top type_default stacking_default\"><div class=\"wpb_column vc_column_container\"><div class=\"vc_column-inner\"><div class=\"w-image us_custom_214cff5d align_none\"><div class=\"w-image-h\"><img decoding=\"async\" width=\"692\" height=\"133\" src=\"https:\/\/nstgruppen.no\/wp-content\/uploads\/2024\/01\/NST-Byggservice-AS.jpg\" class=\"attachment-large size-large\" alt=\"\" loading=\"lazy\" srcset=\"https:\/\/nstgruppen.no\/wp-content\/uploads\/2024\/01\/NST-Byggservice-AS.jpg 692w, https:\/\/nstgruppen.no\/wp-content\/uploads\/2024\/01\/NST-Byggservice-AS-300x58.jpg 300w\" sizes=\"auto, (max-width: 692px) 100vw, 692px\" \/><\/div><\/div><div class=\"ult-spacer spacer-69e5e799308d4\" data-id=\"69e5e799308d4\" data-height=\"50\" data-height-mobile=\"50\" data-height-tab=\"50\" data-height-tab-portrait=\"\" data-height-mobile-landscape=\"\" style=\"clear:both;display:block;\"><\/div><div class=\"wpb_text_column\"><div class=\"wpb_wrapper\"><section class=\"av_textblock_section\">\n<div class=\"avia_textblock \">\n<section class=\"av_textblock_section\">\n<div class=\"avia_textblock \">\n<p style=\"text-align: left;\" align=\"center\"><span lang=\"EN-GB\"><strong>NST Byggservice AS<\/strong> \u2013 viena i\u0161 Norvegijoje veikian\u010di\u0173 NST Group grup\u0117s \u012fmoni\u0173, atliekanti\u00a0<\/span>betonavimo, m\u016brijimo, fasado renovacijos ir da\u017eymo darbus. Taip pat kloja plyteles ir \u012fvairias kitoki\u0173 dang\u0173 grindis.<\/p>\n<p style=\"text-align: left;\" align=\"center\"><span lang=\"LT\">\u012emon\u0117 turi \u012frang\u0105, kuri leid\u017eia atlikti projektus visoje Norvegijos teritorijoje.<\/span><\/p>\n<\/div>\n<\/section>\n<\/div>\n<\/section>\n<\/div><\/div><div class=\"ult-spacer spacer-69e5e79930c4d\" data-id=\"69e5e79930c4d\" data-height=\"20\" data-height-mobile=\"20\" data-height-tab=\"20\" data-height-tab-portrait=\"\" data-height-mobile-landscape=\"\" style=\"clear:both;display:block;\"><\/div><div class=\"w-gallery fit_cover type_grid action_popup_image ratio_4x3 count_8\" style=\"--columns:4;--items-gap:10px;\"><div class=\"w-gallery-list\"><div class=\"w-gallery-item\"><div class=\"w-gallery-item-img\"><img loading=\"lazy\" decoding=\"async\" width=\"1024\" height=\"768\" src=\"https:\/\/nstgruppen.no\/wp-content\/uploads\/2024\/01\/B1-1030x773-1-1024x768.jpg\" class=\"attachment-large size-large\" alt=\"\" srcset=\"https:\/\/nstgruppen.no\/wp-content\/uploads\/2024\/01\/B1-1030x773-1-1024x768.jpg 1024w, https:\/\/nstgruppen.no\/wp-content\/uploads\/2024\/01\/B1-1030x773-1-300x225.jpg 300w, https:\/\/nstgruppen.no\/wp-content\/uploads\/2024\/01\/B1-1030x773-1.jpg 1030w\" sizes=\"auto, (max-width: 1024px) 100vw, 1024px\" \/><\/div><a class=\"w-gallery-item-link\" aria-label=\"B1-1030x773\" href=\"https:\/\/nstgruppen.no\/wp-content\/uploads\/2024\/01\/B1-1030x773-1.jpg\"><\/a><\/div><div class=\"w-gallery-item\"><div class=\"w-gallery-item-img\"><img loading=\"lazy\" decoding=\"async\" width=\"1024\" height=\"640\" src=\"https:\/\/nstgruppen.no\/wp-content\/uploads\/2024\/01\/Byggservice2-1030x644-1-1024x640.jpg\" class=\"attachment-large size-large\" alt=\"\" srcset=\"https:\/\/nstgruppen.no\/wp-content\/uploads\/2024\/01\/Byggservice2-1030x644-1-1024x640.jpg 1024w, https:\/\/nstgruppen.no\/wp-content\/uploads\/2024\/01\/Byggservice2-1030x644-1-300x188.jpg 300w, https:\/\/nstgruppen.no\/wp-content\/uploads\/2024\/01\/Byggservice2-1030x644-1.jpg 1030w\" sizes=\"auto, (max-width: 1024px) 100vw, 1024px\" \/><\/div><a class=\"w-gallery-item-link\" aria-label=\"Byggservice2-1030x644\" href=\"https:\/\/nstgruppen.no\/wp-content\/uploads\/2024\/01\/Byggservice2-1030x644-1.jpg\"><\/a><\/div><div class=\"w-gallery-item\"><div class=\"w-gallery-item-img\"><img loading=\"lazy\" decoding=\"async\" width=\"1024\" height=\"678\" src=\"https:\/\/nstgruppen.no\/wp-content\/uploads\/2024\/01\/Gulvlegging3-1030x682-1-1024x678.jpg\" class=\"attachment-large size-large\" alt=\"\" srcset=\"https:\/\/nstgruppen.no\/wp-content\/uploads\/2024\/01\/Gulvlegging3-1030x682-1-1024x678.jpg 1024w, https:\/\/nstgruppen.no\/wp-content\/uploads\/2024\/01\/Gulvlegging3-1030x682-1-300x199.jpg 300w, https:\/\/nstgruppen.no\/wp-content\/uploads\/2024\/01\/Gulvlegging3-1030x682-1.jpg 1030w\" sizes=\"auto, (max-width: 1024px) 100vw, 1024px\" \/><\/div><a class=\"w-gallery-item-link\" aria-label=\"Gulvlegging3-1030x682\" href=\"https:\/\/nstgruppen.no\/wp-content\/uploads\/2024\/01\/Gulvlegging3-1030x682-1.jpg\"><\/a><\/div><div class=\"w-gallery-item\"><div class=\"w-gallery-item-img\"><img loading=\"lazy\" decoding=\"async\" width=\"1024\" height=\"612\" src=\"https:\/\/nstgruppen.no\/wp-content\/uploads\/2024\/01\/IMAG00371-1030x616-2-1024x612.jpg\" class=\"attachment-large size-large\" alt=\"\" srcset=\"https:\/\/nstgruppen.no\/wp-content\/uploads\/2024\/01\/IMAG00371-1030x616-2-1024x612.jpg 1024w, https:\/\/nstgruppen.no\/wp-content\/uploads\/2024\/01\/IMAG00371-1030x616-2-300x179.jpg 300w, https:\/\/nstgruppen.no\/wp-content\/uploads\/2024\/01\/IMAG00371-1030x616-2.jpg 1030w\" sizes=\"auto, (max-width: 1024px) 100vw, 1024px\" \/><\/div><a class=\"w-gallery-item-link\" aria-label=\"IMAG00371-1030x616\" href=\"https:\/\/nstgruppen.no\/wp-content\/uploads\/2024\/01\/IMAG00371-1030x616-2.jpg\"><\/a><\/div><div class=\"w-gallery-item\"><div class=\"w-gallery-item-img\"><img loading=\"lazy\" decoding=\"async\" width=\"1024\" height=\"579\" src=\"https:\/\/nstgruppen.no\/wp-content\/uploads\/2024\/01\/IMAG1753-1030x582-1-1024x579.jpg\" class=\"attachment-large size-large\" alt=\"\" srcset=\"https:\/\/nstgruppen.no\/wp-content\/uploads\/2024\/01\/IMAG1753-1030x582-1-1024x579.jpg 1024w, https:\/\/nstgruppen.no\/wp-content\/uploads\/2024\/01\/IMAG1753-1030x582-1-300x170.jpg 300w, https:\/\/nstgruppen.no\/wp-content\/uploads\/2024\/01\/IMAG1753-1030x582-1.jpg 1030w\" sizes=\"auto, (max-width: 1024px) 100vw, 1024px\" \/><\/div><a class=\"w-gallery-item-link\" aria-label=\"IMAG1753-1030x582\" href=\"https:\/\/nstgruppen.no\/wp-content\/uploads\/2024\/01\/IMAG1753-1030x582-1.jpg\"><\/a><\/div><div class=\"w-gallery-item\"><div class=\"w-gallery-item-img\"><img loading=\"lazy\" decoding=\"async\" width=\"1024\" height=\"612\" src=\"https:\/\/nstgruppen.no\/wp-content\/uploads\/2024\/01\/IMAG03361-1030x616-1-1024x612.jpg\" class=\"attachment-large size-large\" alt=\"\" srcset=\"https:\/\/nstgruppen.no\/wp-content\/uploads\/2024\/01\/IMAG03361-1030x616-1-1024x612.jpg 1024w, https:\/\/nstgruppen.no\/wp-content\/uploads\/2024\/01\/IMAG03361-1030x616-1-300x179.jpg 300w, https:\/\/nstgruppen.no\/wp-content\/uploads\/2024\/01\/IMAG03361-1030x616-1.jpg 1030w\" sizes=\"auto, (max-width: 1024px) 100vw, 1024px\" \/><\/div><a class=\"w-gallery-item-link\" aria-label=\"IMAG03361-1030x616\" href=\"https:\/\/nstgruppen.no\/wp-content\/uploads\/2024\/01\/IMAG03361-1030x616-1.jpg\"><\/a><\/div><div class=\"w-gallery-item\"><div class=\"w-gallery-item-img\"><img loading=\"lazy\" decoding=\"async\" width=\"1024\" height=\"678\" src=\"https:\/\/nstgruppen.no\/wp-content\/uploads\/2024\/01\/Maling2-1030x682-1-1024x678.jpg\" class=\"attachment-large size-large\" alt=\"\" srcset=\"https:\/\/nstgruppen.no\/wp-content\/uploads\/2024\/01\/Maling2-1030x682-1-1024x678.jpg 1024w, https:\/\/nstgruppen.no\/wp-content\/uploads\/2024\/01\/Maling2-1030x682-1-300x199.jpg 300w, https:\/\/nstgruppen.no\/wp-content\/uploads\/2024\/01\/Maling2-1030x682-1.jpg 1030w\" sizes=\"auto, (max-width: 1024px) 100vw, 1024px\" \/><\/div><a class=\"w-gallery-item-link\" aria-label=\"Maling2-1030x682\" href=\"https:\/\/nstgruppen.no\/wp-content\/uploads\/2024\/01\/Maling2-1030x682-1.jpg\"><\/a><\/div><div class=\"w-gallery-item\"><div class=\"w-gallery-item-img\"><img loading=\"lazy\" decoding=\"async\" width=\"1024\" height=\"678\" src=\"https:\/\/nstgruppen.no\/wp-content\/uploads\/2024\/01\/Sparkling-1030x682-1-1024x678.jpg\" class=\"attachment-large size-large\" alt=\"\" srcset=\"https:\/\/nstgruppen.no\/wp-content\/uploads\/2024\/01\/Sparkling-1030x682-1-1024x678.jpg 1024w, https:\/\/nstgruppen.no\/wp-content\/uploads\/2024\/01\/Sparkling-1030x682-1-300x199.jpg 300w, https:\/\/nstgruppen.no\/wp-content\/uploads\/2024\/01\/Sparkling-1030x682-1.jpg 1030w\" sizes=\"auto, (max-width: 1024px) 100vw, 1024px\" \/><\/div><a class=\"w-gallery-item-link\" aria-label=\"Sparkling-1030x682\" href=\"https:\/\/nstgruppen.no\/wp-content\/uploads\/2024\/01\/Sparkling-1030x682-1.jpg\"><\/a><\/div><\/div><\/div><div class=\"ult-spacer spacer-69e5e79935e9e\" data-id=\"69e5e79935e9e\" data-height=\"20\" data-height-mobile=\"20\" data-height-tab=\"20\" data-height-tab-portrait=\"\" data-height-mobile-landscape=\"\" style=\"clear:both;display:block;\"><\/div><div class=\"wpb_text_column\"><div class=\"wpb_wrapper\"><table border=\"0\" cellpadding=\"0\">\n<tbody>\n<tr>\n<td valign=\"top\" width=\"25%\">\n<ul type=\"disc\">\n<li>\n<address><span lang=\"LT\">Pastoli<\/span><span lang=\"LT\">\u0173<\/span><span lang=\"LT\"> statymas<\/span><\/address>\n<\/li>\n<li>\n<address><span lang=\"LT\">Auk\u0161talipi<\/span><span lang=\"LT\">\u0173<\/span><span lang=\"LT\"> darbai<\/span><\/address>\n<\/li>\n<li>\n<address>Betonavimas<\/address>\n<\/li>\n<li>\n<address>Fasad\u0173 renovacija<\/address>\n<\/li>\n<\/ul>\n<\/td>\n<td valign=\"top\" width=\"25%\">\n<ul type=\"disc\">\n<li>\n<address>Valymas auk\u0161tu spaudimu<\/address>\n<\/li>\n<li>\n<address><span lang=\"LT\">Sm<\/span><span lang=\"LT\">\u0117<\/span><span lang=\"LT\">liavimas<\/span><\/address>\n<\/li>\n<li>\n<address>Impregnavimas, izoliavimas<\/address>\n<\/li>\n<li>\n<address><span lang=\"LT\">M<\/span><span lang=\"LT\">\u016b<\/span><span lang=\"LT\">ro darbai<\/span><\/address>\n<\/li>\n<\/ul>\n<\/td>\n<td valign=\"top\" width=\"25%\">\n<ul type=\"disc\">\n<li>\n<address><span lang=\"LT\">Grind<\/span><span lang=\"LT\">\u0173<\/span><span lang=\"LT\"> lyginimas<\/span><\/address>\n<\/li>\n<li>\n<address><span lang=\"LT\">Pramonini<\/span><span lang=\"LT\">\u0173<\/span><span lang=\"LT\"> dang<\/span><span lang=\"LT\">\u0173<\/span><span lang=\"LT\">klojimas<\/span><\/address>\n<\/li>\n<li>\n<address><span lang=\"LT\">Grind<\/span><span lang=\"LT\">\u0173<\/span><span lang=\"LT\"> klojimas<\/span><\/address>\n<\/li>\n<li>\n<address><span lang=\"LT\">Plyteli<\/span><span lang=\"LT\">\u0173<\/span><span lang=\"LT\"> klojimas<\/span><\/address>\n<\/li>\n<\/ul>\n<\/td>\n<td valign=\"top\" width=\"25%\">\n<ul type=\"disc\">\n<li>\n<address><span lang=\"LT\">Sien<\/span><span lang=\"LT\">\u0173<\/span><span lang=\"LT\"> lyginimas<\/span><\/address>\n<\/li>\n<li>\n<address>Tapetavimas<\/address>\n<\/li>\n<li>\n<address>Da\u017eymas \/ apdaila<\/address>\n<\/li>\n<li>\n<address><span lang=\"LT\">Medin<\/span><span lang=\"LT\">\u0117<\/span><span lang=\"LT\">s grindys<\/span><\/address>\n<\/li>\n<\/ul>\n<\/td>\n<\/tr>\n<\/tbody>\n<\/table>\n<\/div><\/div><\/div><\/div><\/div><\/div><\/section>\n","protected":false},"excerpt":{"rendered":"[vc_custom_heading source=\"post_title\" font_container=\"tag:h3|text_align:left\" use_theme_fonts=\"yes\"]Prad\u017eiaPuslapiai NST Byggservice AS \u2013 viena i\u0161 Norvegijoje veikian\u010di\u0173 NST Group grup\u0117s \u012fmoni\u0173, atliekanti\u00a0betonavimo, m\u016brijimo, fasado renovacijos ir da\u017eymo darbus. Taip pat kloja plyteles ir \u012fvairias kitoki\u0173 dang\u0173 grindis. \u012emon\u0117 turi \u012frang\u0105, kuri leid\u017eia atlikti projektus visoje Norvegijos teritorijoje. Pastoli\u0173 statymas Auk\u0161talipi\u0173 darbai Betonavimas Fasad\u0173 renovacija Valymas auk\u0161tu spaudimu Sm\u0117liavimas Impregnavimas, izoliavimas...","protected":false},"author":1,"featured_media":0,"parent":0,"menu_order":0,"comment_status":"closed","ping_status":"closed","template":"","meta":{"footnotes":""},"class_list":["post-1455","page","type-page","status-publish","hentry"],"_links":{"self":[{"href":"https:\/\/nstgruppen.no\/lt\/wp-json\/wp\/v2\/pages\/1455","targetHints":{"allow":["GET"]}}],"collection":[{"href":"https:\/\/nstgruppen.no\/lt\/wp-json\/wp\/v2\/pages"}],"about":[{"href":"https:\/\/nstgruppen.no\/lt\/wp-json\/wp\/v2\/types\/page"}],"author":[{"embeddable":true,"href":"https:\/\/nstgruppen.no\/lt\/wp-json\/wp\/v2\/users\/1"}],"replies":[{"embeddable":true,"href":"https:\/\/nstgruppen.no\/lt\/wp-json\/wp\/v2\/comments?post=1455"}],"version-history":[{"count":2,"href":"https:\/\/nstgruppen.no\/lt\/wp-json\/wp\/v2\/pages\/1455\/revisions"}],"predecessor-version":[{"id":1457,"href":"https:\/\/nstgruppen.no\/lt\/wp-json\/wp\/v2\/pages\/1455\/revisions\/1457"}],"wp:attachment":[{"href":"https:\/\/nstgruppen.no\/lt\/wp-json\/wp\/v2\/media?parent=1455"}],"curies":[{"name":"wp","href":"https:\/\/api.w.org\/{rel}","templated":true}]}}