{"id":1272,"date":"2024-01-03T14:21:54","date_gmt":"2024-01-03T13:21:54","guid":{"rendered":"http:\/\/1230523-www.web.tornado-node.net\/?page_id=1272"},"modified":"2024-01-12T09:36:01","modified_gmt":"2024-01-12T08:36:01","slug":"nst-contracting","status":"publish","type":"page","link":"https:\/\/nstgruppen.no\/lt\/nst-contracting\/","title":{"rendered":"NST Contracting AS"},"content":{"rendered":"<section class=\"l-section wpb_row us_custom_dd83e7c2 height_auto\"><div class=\"l-section-h i-cf\"><div class=\"g-cols vc_row via_grid cols_2 laptops-cols_inherit tablets-cols_inherit mobiles-cols_1 valign_middle type_default stacking_default\" style=\"--columns-gap:0px;\"><div class=\"wpb_column vc_column_container\"><div class=\"vc_column-inner\">[vc_custom_heading source=&#8221;post_title&#8221; font_container=&#8221;tag:h3|text_align:left&#8221; use_theme_fonts=&#8221;yes&#8221;]<\/div><\/div><div class=\"wpb_column vc_column_container\"><div class=\"vc_column-inner\"><div class=\"w-hwrapper us_custom_66a436fb valign_stretch default_align_left laptops_align_left tablets_align_left mobiles_align_right\"><nav class=\"g-breadcrumbs us_custom_481f6ca8 inliner separator_icon align_none\" itemscope itemtype=\"http:\/\/schema.org\/BreadcrumbList\"><div class=\"g-breadcrumbs-item\" itemscope itemprop=\"itemListElement\" itemtype=\"http:\/\/schema.org\/ListItem\"><a itemprop=\"item\" href=\"https:\/\/nstgruppen.no\/lt\/\"><span itemprop=\"name\">Prad\u017eia<\/span><\/a><meta itemprop=\"position\" content=\"1\"\/><\/div><div class=\"g-breadcrumbs-separator\"><i class=\"far fa-angle-right\"><\/i><\/div><div class=\"g-breadcrumbs-item\">Puslapiai<\/div><\/nav><\/div><\/div><\/div><\/div><\/div><\/section><section class=\"l-section wpb_row height_custom\"><div class=\"l-section-h i-cf\"><div class=\"g-cols vc_row via_grid cols_1 laptops-cols_inherit tablets-cols_inherit mobiles-cols_1 valign_top type_default stacking_default\"><div class=\"wpb_column vc_column_container\"><div class=\"vc_column-inner\"><div class=\"w-image us_custom_214cff5d align_none\"><div class=\"w-image-h\"><img decoding=\"async\" width=\"684\" height=\"133\" src=\"https:\/\/nstgruppen.no\/wp-content\/uploads\/2024\/01\/Contracting-AS.jpg\" class=\"attachment-large size-large\" alt=\"\" loading=\"lazy\" srcset=\"https:\/\/nstgruppen.no\/wp-content\/uploads\/2024\/01\/Contracting-AS.jpg 684w, https:\/\/nstgruppen.no\/wp-content\/uploads\/2024\/01\/Contracting-AS-300x58.jpg 300w\" sizes=\"auto, (max-width: 684px) 100vw, 684px\" \/><\/div><\/div><div class=\"ult-spacer spacer-69dee315200e0\" data-id=\"69dee315200e0\" data-height=\"50\" data-height-mobile=\"50\" data-height-tab=\"50\" data-height-tab-portrait=\"\" data-height-mobile-landscape=\"\" style=\"clear:both;display:block;\"><\/div><div class=\"wpb_text_column\"><div class=\"wpb_wrapper\"><p><strong>NST Contracting AS<\/strong> \u2013 viena i\u0161 NST Group \u012fmoni\u0173, \u012fsik\u016brusi\u0173 Norvegijoje. \u012emon\u0117 atlieka pastoli\u0173 montavimo, pramonini\u0173 pavir\u0161i\u0173 valymo bei j\u0173 padengimo darbus.<\/p>\n<p>\u012emon\u0117 su savo \u012franga atlieka darbus tiek Norvegijoje, tiek ir kitose \u0161alyse.<\/p>\n<p>\u012emon\u0117 vykdo projektus tiek laiv\u0173 statybos ir remonto \u012fmon\u0117ms, tiek ir tiesiogiai laiv\u0173 savininkams. Taip pat vykdomi darbai sunkiosios pramon\u0117s srityje, tokiose kaip aliuminio lydymas, bei \u012fvairiuose fabrikuose.<\/p>\n<\/div><\/div><div class=\"ult-spacer spacer-69dee3152041b\" data-id=\"69dee3152041b\" data-height=\"20\" data-height-mobile=\"20\" data-height-tab=\"20\" data-height-tab-portrait=\"\" data-height-mobile-landscape=\"\" style=\"clear:both;display:block;\"><\/div><div class=\"w-gallery fit_cover type_grid action_popup_image ratio_4x3 count_4\" style=\"--columns:4;--items-gap:10px;\"><div class=\"w-gallery-list\"><div class=\"w-gallery-item\"><div class=\"w-gallery-item-img\"><img loading=\"lazy\" decoding=\"async\" width=\"1024\" height=\"768\" src=\"https:\/\/nstgruppen.no\/wp-content\/uploads\/2024\/01\/CIMG4748-1030x773-1-1024x768.jpg\" class=\"attachment-large size-large\" alt=\"\" srcset=\"https:\/\/nstgruppen.no\/wp-content\/uploads\/2024\/01\/CIMG4748-1030x773-1-1024x768.jpg 1024w, https:\/\/nstgruppen.no\/wp-content\/uploads\/2024\/01\/CIMG4748-1030x773-1-300x225.jpg 300w, https:\/\/nstgruppen.no\/wp-content\/uploads\/2024\/01\/CIMG4748-1030x773-1.jpg 1030w\" sizes=\"auto, (max-width: 1024px) 100vw, 1024px\" \/><\/div><a class=\"w-gallery-item-link\" aria-label=\"CIMG4748-1030x773\" href=\"https:\/\/nstgruppen.no\/wp-content\/uploads\/2024\/01\/CIMG4748-1030x773-1.jpg\"><\/a><\/div><div class=\"w-gallery-item\"><div class=\"w-gallery-item-img\"><img loading=\"lazy\" decoding=\"async\" width=\"640\" height=\"480\" src=\"https:\/\/nstgruppen.no\/wp-content\/uploads\/2024\/01\/Sandblasing_skuteside-1.jpg\" class=\"attachment-large size-large\" alt=\"\" srcset=\"https:\/\/nstgruppen.no\/wp-content\/uploads\/2024\/01\/Sandblasing_skuteside-1.jpg 640w, https:\/\/nstgruppen.no\/wp-content\/uploads\/2024\/01\/Sandblasing_skuteside-1-300x225.jpg 300w\" sizes=\"auto, (max-width: 640px) 100vw, 640px\" \/><\/div><a class=\"w-gallery-item-link\" aria-label=\"Sandblasing_skuteside\" href=\"https:\/\/nstgruppen.no\/wp-content\/uploads\/2024\/01\/Sandblasing_skuteside-1.jpg\"><\/a><\/div><div class=\"w-gallery-item\"><div class=\"w-gallery-item-img\"><img loading=\"lazy\" decoding=\"async\" width=\"1024\" height=\"768\" src=\"https:\/\/nstgruppen.no\/wp-content\/uploads\/2024\/01\/WP_001128-2-1030x772-1-1024x768.jpg\" class=\"attachment-large size-large\" alt=\"\" srcset=\"https:\/\/nstgruppen.no\/wp-content\/uploads\/2024\/01\/WP_001128-2-1030x772-1-1024x768.jpg 1024w, https:\/\/nstgruppen.no\/wp-content\/uploads\/2024\/01\/WP_001128-2-1030x772-1-300x225.jpg 300w, https:\/\/nstgruppen.no\/wp-content\/uploads\/2024\/01\/WP_001128-2-1030x772-1.jpg 1030w\" sizes=\"auto, (max-width: 1024px) 100vw, 1024px\" \/><\/div><a class=\"w-gallery-item-link\" aria-label=\"WP_001128-2-1030x772\" href=\"https:\/\/nstgruppen.no\/wp-content\/uploads\/2024\/01\/WP_001128-2-1030x772-1.jpg\"><\/a><\/div><div class=\"w-gallery-item\"><div class=\"w-gallery-item-img\"><img loading=\"lazy\" decoding=\"async\" width=\"1024\" height=\"681\" src=\"https:\/\/nstgruppen.no\/wp-content\/uploads\/2024\/01\/DSC_0112a-1030x685-1-1024x681.jpg\" class=\"attachment-large size-large\" alt=\"\" srcset=\"https:\/\/nstgruppen.no\/wp-content\/uploads\/2024\/01\/DSC_0112a-1030x685-1-1024x681.jpg 1024w, https:\/\/nstgruppen.no\/wp-content\/uploads\/2024\/01\/DSC_0112a-1030x685-1-300x200.jpg 300w, https:\/\/nstgruppen.no\/wp-content\/uploads\/2024\/01\/DSC_0112a-1030x685-1.jpg 1030w\" sizes=\"auto, (max-width: 1024px) 100vw, 1024px\" \/><\/div><a class=\"w-gallery-item-link\" aria-label=\"DSC_0112a-1030x685\" href=\"https:\/\/nstgruppen.no\/wp-content\/uploads\/2024\/01\/DSC_0112a-1030x685-1.jpg\"><\/a><\/div><\/div><\/div><\/div><\/div><\/div><\/div><\/section>\n","protected":false},"excerpt":{"rendered":"[vc_custom_heading source=\"post_title\" font_container=\"tag:h3|text_align:left\" use_theme_fonts=\"yes\"]Prad\u017eiaPuslapiaiNST Contracting AS \u2013 viena i\u0161 NST Group \u012fmoni\u0173, \u012fsik\u016brusi\u0173 Norvegijoje. \u012emon\u0117 atlieka pastoli\u0173 montavimo, pramonini\u0173 pavir\u0161i\u0173 valymo bei j\u0173 padengimo darbus. \u012emon\u0117 su savo \u012franga atlieka darbus tiek Norvegijoje, tiek ir kitose \u0161alyse. \u012emon\u0117 vykdo projektus tiek laiv\u0173 statybos ir remonto \u012fmon\u0117ms, tiek ir tiesiogiai laiv\u0173 savininkams. Taip pat vykdomi darbai...","protected":false},"author":1,"featured_media":0,"parent":0,"menu_order":0,"comment_status":"closed","ping_status":"closed","template":"","meta":{"footnotes":""},"class_list":["post-1272","page","type-page","status-publish","hentry"],"_links":{"self":[{"href":"https:\/\/nstgruppen.no\/lt\/wp-json\/wp\/v2\/pages\/1272","targetHints":{"allow":["GET"]}}],"collection":[{"href":"https:\/\/nstgruppen.no\/lt\/wp-json\/wp\/v2\/pages"}],"about":[{"href":"https:\/\/nstgruppen.no\/lt\/wp-json\/wp\/v2\/types\/page"}],"author":[{"embeddable":true,"href":"https:\/\/nstgruppen.no\/lt\/wp-json\/wp\/v2\/users\/1"}],"replies":[{"embeddable":true,"href":"https:\/\/nstgruppen.no\/lt\/wp-json\/wp\/v2\/comments?post=1272"}],"version-history":[{"count":2,"href":"https:\/\/nstgruppen.no\/lt\/wp-json\/wp\/v2\/pages\/1272\/revisions"}],"predecessor-version":[{"id":1454,"href":"https:\/\/nstgruppen.no\/lt\/wp-json\/wp\/v2\/pages\/1272\/revisions\/1454"}],"wp:attachment":[{"href":"https:\/\/nstgruppen.no\/lt\/wp-json\/wp\/v2\/media?parent=1272"}],"curies":[{"name":"wp","href":"https:\/\/api.w.org\/{rel}","templated":true}]}}