{"id":316,"date":"2022-03-08T13:02:30","date_gmt":"2022-03-08T12:02:30","guid":{"rendered":"http:\/\/1230523-www.web.tornado-node.net\/home\/"},"modified":"2024-02-27T10:18:21","modified_gmt":"2024-02-27T09:18:21","slug":"home","status":"publish","type":"page","link":"https:\/\/nstgruppen.no\/es\/","title":{"rendered":"Casa"},"content":{"rendered":"<section class=\"l-section wpb_row height_auto\"><div class=\"l-section-h i-cf\"><div class=\"g-cols vc_row via_grid cols_1 laptops-cols_inherit tablets-cols_inherit mobiles-cols_1 valign_top type_default stacking_default\"><div class=\"wpb_column vc_column_container\"><div class=\"vc_column-inner\"><div class=\"w-slider style_none fit_scaledown nav_dots count_25\"><div class=\"w-slider-h\"><div class=\"royalSlider\"><div class=\"rsContent\"><a class=\"rsImg\" data-rsw=\"1500\" data-rsh=\"430\" href=\"https:\/\/nstgruppen.no\/wp-content\/uploads\/2024\/02\/1.jpg\"><span data-alt=\"\"><\/span><\/a><\/div><div class=\"rsContent\"><a class=\"rsImg\" data-rsw=\"1500\" data-rsh=\"430\" href=\"https:\/\/nstgruppen.no\/wp-content\/uploads\/2024\/02\/2.jpg\"><span data-alt=\"\"><\/span><\/a><\/div><div class=\"rsContent\"><a class=\"rsImg\" data-rsw=\"1500\" data-rsh=\"430\" href=\"https:\/\/nstgruppen.no\/wp-content\/uploads\/2024\/02\/3.jpg\"><span data-alt=\"\"><\/span><\/a><\/div><div class=\"rsContent\"><a class=\"rsImg\" data-rsw=\"1500\" data-rsh=\"430\" href=\"https:\/\/nstgruppen.no\/wp-content\/uploads\/2024\/02\/4.jpg\"><span data-alt=\"\"><\/span><\/a><\/div><div class=\"rsContent\"><a class=\"rsImg\" data-rsw=\"1500\" data-rsh=\"430\" href=\"https:\/\/nstgruppen.no\/wp-content\/uploads\/2024\/02\/5.jpg\"><span data-alt=\"\"><\/span><\/a><\/div><div class=\"rsContent\"><a class=\"rsImg\" data-rsw=\"1500\" data-rsh=\"430\" href=\"https:\/\/nstgruppen.no\/wp-content\/uploads\/2024\/02\/6.jpg\"><span data-alt=\"\"><\/span><\/a><\/div><div class=\"rsContent\"><a class=\"rsImg\" data-rsw=\"1500\" data-rsh=\"430\" href=\"https:\/\/nstgruppen.no\/wp-content\/uploads\/2024\/02\/7.jpg\"><span data-alt=\"\"><\/span><\/a><\/div><div class=\"rsContent\"><a class=\"rsImg\" data-rsw=\"1500\" data-rsh=\"430\" href=\"https:\/\/nstgruppen.no\/wp-content\/uploads\/2024\/02\/8.jpg\"><span data-alt=\"\"><\/span><\/a><\/div><div class=\"rsContent\"><a class=\"rsImg\" data-rsw=\"1500\" data-rsh=\"430\" href=\"https:\/\/nstgruppen.no\/wp-content\/uploads\/2024\/02\/9.jpg\"><span data-alt=\"\"><\/span><\/a><\/div><div class=\"rsContent\"><a class=\"rsImg\" data-rsw=\"1500\" data-rsh=\"430\" href=\"https:\/\/nstgruppen.no\/wp-content\/uploads\/2024\/02\/10.jpg\"><span data-alt=\"\"><\/span><\/a><\/div><div class=\"rsContent\"><a class=\"rsImg\" data-rsw=\"1500\" data-rsh=\"430\" href=\"https:\/\/nstgruppen.no\/wp-content\/uploads\/2024\/02\/11.jpg\"><span data-alt=\"\"><\/span><\/a><\/div><div class=\"rsContent\"><a class=\"rsImg\" data-rsw=\"1500\" data-rsh=\"430\" href=\"https:\/\/nstgruppen.no\/wp-content\/uploads\/2024\/02\/12.jpg\"><span data-alt=\"\"><\/span><\/a><\/div><div class=\"rsContent\"><a class=\"rsImg\" data-rsw=\"1500\" data-rsh=\"430\" href=\"https:\/\/nstgruppen.no\/wp-content\/uploads\/2024\/02\/13.jpg\"><span data-alt=\"\"><\/span><\/a><\/div><div class=\"rsContent\"><a class=\"rsImg\" data-rsw=\"1500\" data-rsh=\"430\" href=\"https:\/\/nstgruppen.no\/wp-content\/uploads\/2024\/02\/14.jpg\"><span data-alt=\"\"><\/span><\/a><\/div><div class=\"rsContent\"><a class=\"rsImg\" data-rsw=\"1500\" data-rsh=\"430\" href=\"https:\/\/nstgruppen.no\/wp-content\/uploads\/2024\/02\/15.jpg\"><span data-alt=\"\"><\/span><\/a><\/div><div class=\"rsContent\"><a class=\"rsImg\" data-rsw=\"1500\" data-rsh=\"430\" href=\"https:\/\/nstgruppen.no\/wp-content\/uploads\/2024\/02\/16.jpg\"><span data-alt=\"\"><\/span><\/a><\/div><div class=\"rsContent\"><a class=\"rsImg\" data-rsw=\"1500\" data-rsh=\"430\" href=\"https:\/\/nstgruppen.no\/wp-content\/uploads\/2024\/02\/17.jpg\"><span data-alt=\"\"><\/span><\/a><\/div><div class=\"rsContent\"><a class=\"rsImg\" data-rsw=\"1500\" data-rsh=\"430\" href=\"https:\/\/nstgruppen.no\/wp-content\/uploads\/2024\/02\/18.jpg\"><span data-alt=\"\"><\/span><\/a><\/div><div class=\"rsContent\"><a class=\"rsImg\" data-rsw=\"1500\" data-rsh=\"430\" href=\"https:\/\/nstgruppen.no\/wp-content\/uploads\/2024\/02\/19.jpg\"><span data-alt=\"\"><\/span><\/a><\/div><div class=\"rsContent\"><a class=\"rsImg\" data-rsw=\"1500\" data-rsh=\"430\" href=\"https:\/\/nstgruppen.no\/wp-content\/uploads\/2024\/02\/20.jpg\"><span data-alt=\"\"><\/span><\/a><\/div><div class=\"rsContent\"><a class=\"rsImg\" data-rsw=\"1500\" data-rsh=\"430\" href=\"https:\/\/nstgruppen.no\/wp-content\/uploads\/2024\/02\/21.jpg\"><span data-alt=\"\"><\/span><\/a><\/div><div class=\"rsContent\"><a class=\"rsImg\" data-rsw=\"1500\" data-rsh=\"430\" href=\"https:\/\/nstgruppen.no\/wp-content\/uploads\/2024\/02\/22.jpg\"><span data-alt=\"\"><\/span><\/a><\/div><div class=\"rsContent\"><a class=\"rsImg\" data-rsw=\"1500\" data-rsh=\"430\" href=\"https:\/\/nstgruppen.no\/wp-content\/uploads\/2024\/02\/23.jpg\"><span data-alt=\"\"><\/span><\/a><\/div><div class=\"rsContent\"><a class=\"rsImg\" data-rsw=\"1500\" data-rsh=\"430\" href=\"https:\/\/nstgruppen.no\/wp-content\/uploads\/2024\/02\/24.jpg\"><span data-alt=\"\"><\/span><\/a><\/div><div class=\"rsContent\"><a class=\"rsImg\" data-rsw=\"1500\" data-rsh=\"430\" href=\"https:\/\/nstgruppen.no\/wp-content\/uploads\/2024\/02\/25.jpg\"><span data-alt=\"\"><\/span><\/a><\/div><\/div><img decoding=\"async\" src=\"https:\/\/nstgruppen.no\/wp-content\/uploads\/2024\/02\/1.jpg\" width=\"1500\" height=\"430\" alt loading=\"lazy\"><\/div><div class=\"w-slider-json\" onclick='return {&quot;autoScaleSlider&quot;:true,&quot;addActiveClass&quot;:true,&quot;loop&quot;:true,&quot;fadeInLoadedSlide&quot;:false,&quot;slidesSpacing&quot;:0,&quot;imageScalePadding&quot;:0,&quot;numImagesToPreload&quot;:2,&quot;arrowsNav&quot;:true,&quot;arrowsNavAutoHide&quot;:false,&quot;transitionType&quot;:&quot;move&quot;,&quot;transitionSpeed&quot;:250,&quot;block&quot;:{&quot;moveEffect&quot;:&quot;none&quot;,&quot;speed&quot;:300},&quot;thumbs&quot;:{&quot;fitInViewport&quot;:false,&quot;firstMargin&quot;:false,&quot;spacing&quot;:4},&quot;controlNavigation&quot;:&quot;bullets&quot;,&quot;autoplay&quot;:{&quot;enabled&quot;:true,&quot;pauseOnHover&quot;:false,&quot;delay&quot;:3000},&quot;autoScaleSliderWidth&quot;:1500,&quot;autoScaleSliderHeight&quot;:430}'><\/div><\/div><div class=\"w-separator size_custom\" style=\"height:55px\" id=\"fdd9\"><style>@media(max-width:1049px){ #fdd9{height:45px!important}}@media(max-width:600px){ #fdd9{height:30px!important}}<\/style><\/div><div class=\"wpb_text_column us_custom_55af0b45\"><div class=\"wpb_wrapper\"><p>NST Group es el nombre de varias empresas m\u00e1s peque\u00f1as en un grupoque proporciona el personal, servicios y contratos de construcci\u00f3n, mar\u00edtimo y terrestre de la industria, el servicio, la atenci\u00f3n y al por menor.<\/p>\n<\/div><\/div><div class=\"ult-spacer spacer-69d4267489109\" data-id=\"69d4267489109\" data-height=\"50\" data-height-mobile=\"50\" data-height-tab=\"50\" data-height-tab-portrait=\"\" data-height-mobile-landscape=\"\" style=\"clear:both;display:block;\"><\/div><div class=\"w-separator size_custom with_line width_default thick_1 style_solid color_border align_center\" style=\"height:55px\" id=\"q18d\"><style>@media(max-width:1049px){ #q18d{height:45px!important}}@media(max-width:600px){ #q18d{height:30px!important}}<\/style><div class=\"w-separator-h\"><\/div><\/div><div class=\"g-cols wpb_row us_custom_a44fb39f via_grid cols_4 laptops-cols_inherit tablets-cols_2 mobiles-cols_1 valign_top type_default stacking_default\" style=\"--columns-gap:3rem;\"><div class=\"wpb_column vc_column_container\"><div class=\"vc_column-inner\"><div class=\"ult-content-box-container content-box\" >\t\t<div class=\"ult-content-box\" style=\"box-shadow: px px px px none;border-style:none;border-width:1px;border-radius:30px;-webkit-transition: all 700ms ease;-moz-transition: all 700ms ease;-ms-transition: all 700ms ease;-o-transition: all 700ms ease;transition: all 700ms ease;\"  data-hover_box_shadow=\"none\"     data-border_color=\"\" ><div class=\"w-image us_custom_fca8cc99 thisone align_none\"><div class=\"w-image-h\"><img decoding=\"async\" width=\"640\" height=\"480\" src=\"https:\/\/nstgruppen.no\/wp-content\/uploads\/2024\/01\/Sandblasing_skuteside.jpg\" class=\"attachment-full size-full\" alt=\"\" loading=\"lazy\" srcset=\"https:\/\/nstgruppen.no\/wp-content\/uploads\/2024\/01\/Sandblasing_skuteside.jpg 640w, https:\/\/nstgruppen.no\/wp-content\/uploads\/2024\/01\/Sandblasing_skuteside-300x225.jpg 300w\" sizes=\"auto, (max-width: 640px) 100vw, 640px\" \/><\/div><\/div><div class=\"ult-spacer spacer-69d426748a370\" data-id=\"69d426748a370\" data-height=\"20\" data-height-mobile=\"20\" data-height-tab=\"20\" data-height-tab-portrait=\"\" data-height-mobile-landscape=\"\" style=\"clear:both;display:block;\"><\/div><div class=\"w-image us_custom_dcd15fd6 has_height align_center\"><div class=\"w-image-h\"><img decoding=\"async\" width=\"684\" height=\"133\" src=\"https:\/\/nstgruppen.no\/wp-content\/uploads\/2024\/01\/Contracting-AS.jpg\" class=\"attachment-full size-full\" alt=\"\" loading=\"lazy\" srcset=\"https:\/\/nstgruppen.no\/wp-content\/uploads\/2024\/01\/Contracting-AS.jpg 684w, https:\/\/nstgruppen.no\/wp-content\/uploads\/2024\/01\/Contracting-AS-300x58.jpg 300w\" sizes=\"auto, (max-width: 684px) 100vw, 684px\" \/><\/div><\/div>\t\t<\/div><\/div><\/div><\/div><div class=\"wpb_column vc_column_container\"><div class=\"vc_column-inner\"><div class=\"ult-content-box-container content-box\" >\t\t<div class=\"ult-content-box\" style=\"box-shadow: px px px px none;border-style:none;border-width:1px;border-radius:30px;-webkit-transition: all 700ms ease;-moz-transition: all 700ms ease;-ms-transition: all 700ms ease;-o-transition: all 700ms ease;transition: all 700ms ease;\"  data-hover_box_shadow=\"none\"     data-border_color=\"\" ><div class=\"w-image us_custom_fca8cc99 thisone align_none\"><div class=\"w-image-h\"><img decoding=\"async\" width=\"640\" height=\"480\" src=\"https:\/\/nstgruppen.no\/wp-content\/uploads\/2024\/01\/IMAG00371-1030x616-1.jpg\" class=\"attachment-full size-full\" alt=\"\" loading=\"lazy\" srcset=\"https:\/\/nstgruppen.no\/wp-content\/uploads\/2024\/01\/IMAG00371-1030x616-1.jpg 640w, https:\/\/nstgruppen.no\/wp-content\/uploads\/2024\/01\/IMAG00371-1030x616-1-300x225.jpg 300w\" sizes=\"auto, (max-width: 640px) 100vw, 640px\" \/><\/div><\/div><div class=\"ult-spacer spacer-69d426748eeef\" data-id=\"69d426748eeef\" data-height=\"20\" data-height-mobile=\"20\" data-height-tab=\"20\" data-height-tab-portrait=\"\" data-height-mobile-landscape=\"\" style=\"clear:both;display:block;\"><\/div><div class=\"w-image us_custom_dcd15fd6 has_height align_center\"><div class=\"w-image-h\"><img decoding=\"async\" width=\"692\" height=\"133\" src=\"https:\/\/nstgruppen.no\/wp-content\/uploads\/2024\/01\/NST-Byggservice-AS.jpg\" class=\"attachment-full size-full\" alt=\"\" loading=\"lazy\" srcset=\"https:\/\/nstgruppen.no\/wp-content\/uploads\/2024\/01\/NST-Byggservice-AS.jpg 692w, https:\/\/nstgruppen.no\/wp-content\/uploads\/2024\/01\/NST-Byggservice-AS-300x58.jpg 300w\" sizes=\"auto, (max-width: 692px) 100vw, 692px\" \/><\/div><\/div>\t\t<\/div><\/div><\/div><\/div><div class=\"wpb_column vc_column_container\"><div class=\"vc_column-inner\"><div class=\"ult-content-box-container content-box\" >\t\t<div class=\"ult-content-box\" style=\"box-shadow: px px px px none;border-style:none;border-width:1px;border-radius:30px;-webkit-transition: all 700ms ease;-moz-transition: all 700ms ease;-ms-transition: all 700ms ease;-o-transition: all 700ms ease;transition: all 700ms ease;\"  data-hover_box_shadow=\"none\"     data-border_color=\"\" ><div class=\"w-image us_custom_fca8cc99 thisone align_none\"><div class=\"w-image-h\"><img decoding=\"async\" width=\"640\" height=\"480\" src=\"https:\/\/nstgruppen.no\/wp-content\/uploads\/2024\/01\/22289939_1117496545050743_8269119603964300252_o.jpg\" class=\"attachment-full size-full\" alt=\"\" loading=\"lazy\" srcset=\"https:\/\/nstgruppen.no\/wp-content\/uploads\/2024\/01\/22289939_1117496545050743_8269119603964300252_o.jpg 640w, https:\/\/nstgruppen.no\/wp-content\/uploads\/2024\/01\/22289939_1117496545050743_8269119603964300252_o-300x225.jpg 300w\" sizes=\"auto, (max-width: 640px) 100vw, 640px\" \/><\/div><\/div><div class=\"ult-spacer spacer-69d42674901bd\" data-id=\"69d42674901bd\" data-height=\"20\" data-height-mobile=\"20\" data-height-tab=\"20\" data-height-tab-portrait=\"\" data-height-mobile-landscape=\"\" style=\"clear:both;display:block;\"><\/div><div class=\"w-image us_custom_dcd15fd6 has_height align_center\"><div class=\"w-image-h\"><img decoding=\"async\" width=\"586\" height=\"133\" src=\"https:\/\/nstgruppen.no\/wp-content\/uploads\/2024\/01\/NST-Renhold-AS.jpg\" class=\"attachment-full size-full\" alt=\"\" loading=\"lazy\" srcset=\"https:\/\/nstgruppen.no\/wp-content\/uploads\/2024\/01\/NST-Renhold-AS.jpg 586w, https:\/\/nstgruppen.no\/wp-content\/uploads\/2024\/01\/NST-Renhold-AS-300x68.jpg 300w\" sizes=\"auto, (max-width: 586px) 100vw, 586px\" \/><\/div><\/div>\t\t<\/div><\/div><\/div><\/div><div class=\"wpb_column vc_column_container\"><div class=\"vc_column-inner\"><div class=\"ult-content-box-container content-box\" >\t\t<div class=\"ult-content-box\" style=\"box-shadow: px px px px none;border-style:none;border-width:1px;border-radius:30px;-webkit-transition: all 700ms ease;-moz-transition: all 700ms ease;-ms-transition: all 700ms ease;-o-transition: all 700ms ease;transition: all 700ms ease;\"  data-hover_box_shadow=\"none\"     data-border_color=\"\" ><div class=\"w-image us_custom_fca8cc99 thisone align_none\"><div class=\"w-image-h\"><img decoding=\"async\" width=\"640\" height=\"480\" src=\"https:\/\/nstgruppen.no\/wp-content\/uploads\/2024\/01\/20231027_0844405-1030x698-1.jpg\" class=\"attachment-full size-full\" alt=\"\" loading=\"lazy\" srcset=\"https:\/\/nstgruppen.no\/wp-content\/uploads\/2024\/01\/20231027_0844405-1030x698-1.jpg 640w, https:\/\/nstgruppen.no\/wp-content\/uploads\/2024\/01\/20231027_0844405-1030x698-1-300x225.jpg 300w\" sizes=\"auto, (max-width: 640px) 100vw, 640px\" \/><\/div><\/div><div class=\"ult-spacer spacer-69d426749156e\" data-id=\"69d426749156e\" data-height=\"20\" data-height-mobile=\"20\" data-height-tab=\"20\" data-height-tab-portrait=\"\" data-height-mobile-landscape=\"\" style=\"clear:both;display:block;\"><\/div><div class=\"w-image us_custom_dcd15fd6 has_height align_center\"><div class=\"w-image-h\"><img decoding=\"async\" width=\"600\" height=\"133\" src=\"https:\/\/nstgruppen.no\/wp-content\/uploads\/2024\/01\/NST-Eiendom-AS.jpg\" class=\"attachment-full size-full\" alt=\"\" loading=\"lazy\" srcset=\"https:\/\/nstgruppen.no\/wp-content\/uploads\/2024\/01\/NST-Eiendom-AS.jpg 600w, https:\/\/nstgruppen.no\/wp-content\/uploads\/2024\/01\/NST-Eiendom-AS-300x67.jpg 300w\" sizes=\"auto, (max-width: 600px) 100vw, 600px\" \/><\/div><\/div>\t\t<\/div><\/div><\/div><\/div><\/div><div class=\"w-separator size_custom\" style=\"height:75px\" id=\"hed3\"><style>@media(max-width:1049px){ #hed3{height:45px!important}}@media(max-width:600px){ #hed3{height:30px!important}}<\/style><\/div><div class=\"ult-spacer spacer-69d4267491f22\" data-id=\"69d4267491f22\" data-height=\"0\" data-height-mobile=\"20\" data-height-tab=\"\" data-height-tab-portrait=\"\" data-height-mobile-landscape=\"\" style=\"clear:both;display:block;\"><\/div><div class=\"g-cols wpb_row us_custom_1849fb13 via_grid cols_3 laptops-cols_inherit tablets-cols_2 mobiles-cols_1 valign_top type_default stacking_default\" style=\"--columns-gap:0rem;--laptops-columns-gap:0rem;--tablets-columns-gap:0rem;--mobiles-columns-gap:3rem;\"><div class=\"wpb_column vc_column_container us_custom_2931e7b5\"><div class=\"vc_column-inner\"><div class=\"ult-content-box-container content-box\" >\t\t<div class=\"ult-content-box\" style=\"box-shadow: px px px px none;border-style:none;border-width:1px;border-radius:30px;-webkit-transition: all 700ms ease;-moz-transition: all 700ms ease;-ms-transition: all 700ms ease;-o-transition: all 700ms ease;transition: all 700ms ease;\"  data-hover_box_shadow=\"none\"     data-border_color=\"\" ><div class=\"w-image us_custom_fca8cc99 thisone align_none\"><div class=\"w-image-h\"><img decoding=\"async\" width=\"640\" height=\"480\" src=\"https:\/\/nstgruppen.no\/wp-content\/uploads\/2024\/01\/Kontor-Vilnius_Fotor-1.jpg\" class=\"attachment-full size-full\" alt=\"\" loading=\"lazy\" srcset=\"https:\/\/nstgruppen.no\/wp-content\/uploads\/2024\/01\/Kontor-Vilnius_Fotor-1.jpg 640w, https:\/\/nstgruppen.no\/wp-content\/uploads\/2024\/01\/Kontor-Vilnius_Fotor-1-300x225.jpg 300w\" sizes=\"auto, (max-width: 640px) 100vw, 640px\" \/><\/div><\/div><div class=\"ult-spacer spacer-69d4267492ba8\" data-id=\"69d4267492ba8\" data-height=\"20\" data-height-mobile=\"20\" data-height-tab=\"20\" data-height-tab-portrait=\"\" data-height-mobile-landscape=\"\" style=\"clear:both;display:block;\"><\/div><div class=\"w-image us_custom_dcd15fd6 has_height align_center\"><div class=\"w-image-h\"><img decoding=\"async\" width=\"559\" height=\"133\" src=\"https:\/\/nstgruppen.no\/wp-content\/uploads\/2024\/01\/UAB-NST-Baltija.jpg\" class=\"attachment-full size-full\" alt=\"\" loading=\"lazy\" srcset=\"https:\/\/nstgruppen.no\/wp-content\/uploads\/2024\/01\/UAB-NST-Baltija.jpg 559w, https:\/\/nstgruppen.no\/wp-content\/uploads\/2024\/01\/UAB-NST-Baltija-300x71.jpg 300w\" sizes=\"auto, (max-width: 559px) 100vw, 559px\" \/><\/div><\/div>\t\t<\/div><\/div><\/div><\/div><div class=\"wpb_column vc_column_container us_custom_824b3d9b\"><div class=\"vc_column-inner\"><div class=\"ult-content-box-container content-box\" >\t\t<div class=\"ult-content-box\" style=\"box-shadow: px px px px none;border-style:none;border-width:1px;border-radius:30px;-webkit-transition: all 700ms ease;-moz-transition: all 700ms ease;-ms-transition: all 700ms ease;-o-transition: all 700ms ease;transition: all 700ms ease;\"  data-hover_box_shadow=\"none\"     data-border_color=\"\" ><div class=\"w-image us_custom_fca8cc99 thisone align_none\"><div class=\"w-image-h\"><img decoding=\"async\" width=\"640\" height=\"480\" src=\"https:\/\/nstgruppen.no\/wp-content\/uploads\/2024\/01\/Nst-Accounting-1030x826-1.jpg\" class=\"attachment-full size-full\" alt=\"\" loading=\"lazy\" srcset=\"https:\/\/nstgruppen.no\/wp-content\/uploads\/2024\/01\/Nst-Accounting-1030x826-1.jpg 640w, https:\/\/nstgruppen.no\/wp-content\/uploads\/2024\/01\/Nst-Accounting-1030x826-1-300x225.jpg 300w\" sizes=\"auto, (max-width: 640px) 100vw, 640px\" \/><\/div><\/div><div class=\"ult-spacer spacer-69d4267494095\" data-id=\"69d4267494095\" data-height=\"20\" data-height-mobile=\"20\" data-height-tab=\"20\" data-height-tab-portrait=\"\" data-height-mobile-landscape=\"\" style=\"clear:both;display:block;\"><\/div><div class=\"w-image us_custom_dcd15fd6 has_height align_center\"><div class=\"w-image-h\"><img decoding=\"async\" width=\"734\" height=\"133\" src=\"https:\/\/nstgruppen.no\/wp-content\/uploads\/2024\/01\/UAB-NST-Accounting.jpg\" class=\"attachment-full size-full\" alt=\"\" loading=\"lazy\" srcset=\"https:\/\/nstgruppen.no\/wp-content\/uploads\/2024\/01\/UAB-NST-Accounting.jpg 734w, https:\/\/nstgruppen.no\/wp-content\/uploads\/2024\/01\/UAB-NST-Accounting-300x54.jpg 300w\" sizes=\"auto, (max-width: 734px) 100vw, 734px\" \/><\/div><\/div>\t\t<\/div><\/div><\/div><\/div><div class=\"wpb_column vc_column_container us_custom_824b3d9b\"><div class=\"vc_column-inner\"><div class=\"ult-content-box-container content-box\" >\t\t<div class=\"ult-content-box\" style=\"box-shadow: px px px px none;border-style:none;border-width:1px;border-radius:30px;-webkit-transition: all 700ms ease;-moz-transition: all 700ms ease;-ms-transition: all 700ms ease;-o-transition: all 700ms ease;transition: all 700ms ease;\"  data-hover_box_shadow=\"none\"     data-border_color=\"\" ><div class=\"w-image us_custom_fca8cc99 thisone align_none\"><div class=\"w-image-h\"><img decoding=\"async\" width=\"640\" height=\"480\" src=\"https:\/\/nstgruppen.no\/wp-content\/uploads\/2024\/01\/Andalucia_Fotor.jpg\" class=\"attachment-full size-full\" alt=\"\" loading=\"lazy\" srcset=\"https:\/\/nstgruppen.no\/wp-content\/uploads\/2024\/01\/Andalucia_Fotor.jpg 640w, https:\/\/nstgruppen.no\/wp-content\/uploads\/2024\/01\/Andalucia_Fotor-300x225.jpg 300w\" sizes=\"auto, (max-width: 640px) 100vw, 640px\" \/><\/div><\/div><div class=\"ult-spacer spacer-69d4267495b7f\" data-id=\"69d4267495b7f\" data-height=\"20\" data-height-mobile=\"20\" data-height-tab=\"20\" data-height-tab-portrait=\"\" data-height-mobile-landscape=\"\" style=\"clear:both;display:block;\"><\/div><div class=\"w-image us_custom_dcd15fd6 has_height align_center\"><div class=\"w-image-h\"><img decoding=\"async\" width=\"636\" height=\"133\" src=\"https:\/\/nstgruppen.no\/wp-content\/uploads\/2024\/01\/NST-Andalucia-SL.jpg\" class=\"attachment-full size-full\" alt=\"\" loading=\"lazy\" srcset=\"https:\/\/nstgruppen.no\/wp-content\/uploads\/2024\/01\/NST-Andalucia-SL.jpg 636w, https:\/\/nstgruppen.no\/wp-content\/uploads\/2024\/01\/NST-Andalucia-SL-300x63.jpg 300w\" sizes=\"auto, (max-width: 636px) 100vw, 636px\" \/><\/div><\/div>\t\t<\/div><\/div><\/div><\/div><\/div><div class=\"ult-spacer spacer-69d42674964e9\" data-id=\"69d42674964e9\" data-height=\"50\" data-height-mobile=\"50\" data-height-tab=\"50\" data-height-tab-portrait=\"\" data-height-mobile-landscape=\"\" style=\"clear:both;display:block;\"><\/div><\/div><\/div><\/div><\/div><\/section>\n","protected":false},"excerpt":{"rendered":"NST Group es el nombre de varias empresas m\u00e1s peque\u00f1as en un grupoque proporciona el personal, servicios y contratos de construcci\u00f3n, mar\u00edtimo y terrestre de la industria, el servicio, la atenci\u00f3n y al por menor.","protected":false},"author":1,"featured_media":0,"parent":0,"menu_order":0,"comment_status":"closed","ping_status":"closed","template":"","meta":{"footnotes":""},"class_list":["post-316","page","type-page","status-publish","hentry"],"_links":{"self":[{"href":"https:\/\/nstgruppen.no\/es\/wp-json\/wp\/v2\/pages\/316","targetHints":{"allow":["GET"]}}],"collection":[{"href":"https:\/\/nstgruppen.no\/es\/wp-json\/wp\/v2\/pages"}],"about":[{"href":"https:\/\/nstgruppen.no\/es\/wp-json\/wp\/v2\/types\/page"}],"author":[{"embeddable":true,"href":"https:\/\/nstgruppen.no\/es\/wp-json\/wp\/v2\/users\/1"}],"replies":[{"embeddable":true,"href":"https:\/\/nstgruppen.no\/es\/wp-json\/wp\/v2\/comments?post=316"}],"version-history":[{"count":13,"href":"https:\/\/nstgruppen.no\/es\/wp-json\/wp\/v2\/pages\/316\/revisions"}],"predecessor-version":[{"id":1855,"href":"https:\/\/nstgruppen.no\/es\/wp-json\/wp\/v2\/pages\/316\/revisions\/1855"}],"wp:attachment":[{"href":"https:\/\/nstgruppen.no\/es\/wp-json\/wp\/v2\/media?parent=316"}],"curies":[{"name":"wp","href":"https:\/\/api.w.org\/{rel}","templated":true}]}}